{"id":848,"date":"2016-11-22T14:29:16","date_gmt":"2016-11-22T14:29:16","guid":{"rendered":"https:\/\/www.wma.net\/fr\/?page_id=848"},"modified":"2018-06-22T14:19:01","modified_gmt":"2018-06-22T13:19:01","slug":"mentions-legales","status":"publish","type":"page","link":"https:\/\/www.wma.net\/fr\/mentions-legales\/","title":{"rendered":"Mentions l\u00e9gales"},"content":{"rendered":"<p><span lang=\"DE\">L\u2019Association M\u00e9dicale Mondiale, Inc. (AMM) est propri\u00e9taire et \u00e9diteur de ce site. L\u2019AMM a son si\u00e8ge au 13A, chemin du Levant, CS 5001 Le Keynes, 01210 Ferney-Voltaire, France. Elle est enregistr\u00e9e \u00e0 la pr\u00e9fecture de l\u2019Ain, France, sous le num\u00e9ro Siret 301 503 991 00038 depuis le 5 d\u00e9cembre 1974<\/span>.<\/p>\n<p>Secr\u00e9taire G\u00e9n\u00e9ral: Dr. Otmar Kloiber<\/p>\n<p>Veuillez consulter <a title=\"Terms et conditions\" href=\"\/wma?page_id=2289\">les termes et conditions<\/a> de ce site Internet.<\/p>\n","protected":false},"excerpt":{"rendered":"<p>L\u2019Association M\u00e9dicale Mondiale, Inc. (AMM) est propri\u00e9taire et \u00e9diteur de ce site. L\u2019AMM a son si\u00e8ge au 13A, chemin du Levant, CS 5001 Le Keynes, 01210 Ferney-Voltaire, France. Elle est enregistr\u00e9e \u00e0 la pr\u00e9fecture de l\u2019Ain, France, sous le num\u00e9ro Siret 301 503 991 00038 depuis le 5 d\u00e9cembre 1974. Secr\u00e9taire G\u00e9n\u00e9ral: Dr. Otmar Kloiber [&hellip;]<\/p>\n","protected":false},"author":3,"featured_media":0,"parent":0,"menu_order":10,"comment_status":"closed","ping_status":"closed","template":"","meta":[],"acf":[],"_links":{"self":[{"href":"https:\/\/www.wma.net\/fr\/wp-json\/wp\/v2\/pages\/848"}],"collection":[{"href":"https:\/\/www.wma.net\/fr\/wp-json\/wp\/v2\/pages"}],"about":[{"href":"https:\/\/www.wma.net\/fr\/wp-json\/wp\/v2\/types\/page"}],"author":[{"embeddable":true,"href":"https:\/\/www.wma.net\/fr\/wp-json\/wp\/v2\/users\/3"}],"replies":[{"embeddable":true,"href":"https:\/\/www.wma.net\/fr\/wp-json\/wp\/v2\/comments?post=848"}],"version-history":[{"count":10,"href":"https:\/\/www.wma.net\/fr\/wp-json\/wp\/v2\/pages\/848\/revisions"}],"predecessor-version":[{"id":11031,"href":"https:\/\/www.wma.net\/fr\/wp-json\/wp\/v2\/pages\/848\/revisions\/11031"}],"wp:attachment":[{"href":"https:\/\/www.wma.net\/fr\/wp-json\/wp\/v2\/media?parent=848"}],"curies":[{"name":"wp","href":"https:\/\/api.w.org\/{rel}","templated":true}]}}