{"id":846,"date":"2016-11-22T14:28:25","date_gmt":"2016-11-22T14:28:25","guid":{"rendered":"https:\/\/www.wma.net\/fr\/?page_id=846"},"modified":"2018-03-20T15:14:50","modified_gmt":"2018-03-20T15:14:50","slug":"contact","status":"publish","type":"page","link":"https:\/\/www.wma.net\/fr\/contact\/","title":{"rendered":"Contact"},"content":{"rendered":"<p><strong>WMA The World Medical Association<\/strong><br \/>\n13, ch. du Levant<br \/>\nCIB &#8211; B\u00e2timent A<br \/>\n01210 Ferney-Voltaire<br \/>\nFrance<\/p>\n<p>Phone: +33 4 50 40 75 75<br \/>\nFax: +33 4 50 40 59 37<br \/>\ne-mail: <a href=\"mailto:wma@wma.net\">wma@wma.net<\/a><\/p>\n<p>Pour adh\u00e9rer en qualit\u00e9 de<strong> membre associ\u00e9 de l&rsquo;AMM<\/strong>,<br \/>\nveuillez remplir <a title=\"Sign up\" href=\"\/wma?page_id=810\">le formulaire d&rsquo;adh\u00e9sion<\/a>\u00a0ou adresser un courrier \u00e9lectronique \u00e0 <a href=\"mailto:wma-am@wma.net\">wma-am@wma.net<\/a>.<\/p>\n<p>Pour toute question technique ou probl\u00e8me li\u00e9 au site Internet, merci de bien vouloir contacter le<br \/>\n<a href=\"mailto:webmaster@wma.net\">Webmaster<\/a> directement.<\/p>\n","protected":false},"excerpt":{"rendered":"<p>WMA The World Medical Association 13, ch. du Levant CIB &#8211; B\u00e2timent A 01210 Ferney-Voltaire France Phone: +33 4 50 40 75 75 Fax: +33 4 50 40 59 37 e-mail: wma@wma.net Pour adh\u00e9rer en qualit\u00e9 de membre associ\u00e9 de l&rsquo;AMM, veuillez remplir le formulaire d&rsquo;adh\u00e9sion\u00a0ou adresser un courrier \u00e9lectronique \u00e0 wma-am@wma.net. Pour toute question [&hellip;]<\/p>\n","protected":false},"author":3,"featured_media":0,"parent":0,"menu_order":8,"comment_status":"closed","ping_status":"closed","template":"template-contact-us.php","meta":[],"acf":[],"_links":{"self":[{"href":"https:\/\/www.wma.net\/fr\/wp-json\/wp\/v2\/pages\/846"}],"collection":[{"href":"https:\/\/www.wma.net\/fr\/wp-json\/wp\/v2\/pages"}],"about":[{"href":"https:\/\/www.wma.net\/fr\/wp-json\/wp\/v2\/types\/page"}],"author":[{"embeddable":true,"href":"https:\/\/www.wma.net\/fr\/wp-json\/wp\/v2\/users\/3"}],"replies":[{"embeddable":true,"href":"https:\/\/www.wma.net\/fr\/wp-json\/wp\/v2\/comments?post=846"}],"version-history":[{"count":8,"href":"https:\/\/www.wma.net\/fr\/wp-json\/wp\/v2\/pages\/846\/revisions"}],"predecessor-version":[{"id":10576,"href":"https:\/\/www.wma.net\/fr\/wp-json\/wp\/v2\/pages\/846\/revisions\/10576"}],"wp:attachment":[{"href":"https:\/\/www.wma.net\/fr\/wp-json\/wp\/v2\/media?parent=846"}],"curies":[{"name":"wp","href":"https:\/\/api.w.org\/{rel}","templated":true}]}}