{"id":824,"date":"2016-11-22T14:24:08","date_gmt":"2016-11-22T14:24:08","guid":{"rendered":"https:\/\/www.wma.net\/fr\/?page_id=824"},"modified":"2026-02-27T15:30:09","modified_gmt":"2026-02-27T15:30:09","slug":"informations-sur-le-groupe-de-travail","status":"publish","type":"page","link":"https:\/\/www.wma.net\/fr\/zone-speciale-membres\/services-manifestations\/informations-sur-le-groupe-de-travail\/","title":{"rendered":"Informations sur les groupes de travail"},"content":{"rendered":"<p><u>NOUVEAUX GROUPES DE TRAVAIL<\/u><\/p>\n<ul>\n<li><strong>GT sur la r\u00e9vision de la D\u00e9claration de Lisbonne<br \/>\n<\/strong>Chine (Pr\u00e9sidence), Finlande, France, Espagne, Turquie, Royaume-Uni, MA GT sur l&rsquo;\u00e9galit\u00e9 de genre au sein de l&rsquo;AMM Kowe\u00eft (Pr\u00e9sidence), Canada, Finlande, Kenya, Philippines, Royaume-Uni, JDN<\/li>\n<\/ul>\n<ul>\n<li><strong>GT sur l&rsquo;\u00e9galit\u00e9 de genre au sein de l&rsquo;AMM<br \/>\n<\/strong>Kowe\u00eft (Pr\u00e9sidence), Canada, Finlande, Kenya, Philippines, Royaume-Uni, JDN<\/li>\n<\/ul>\n<p><strong><u style=\"font-weight: 400\">POURSUITE DES ACTIVIT\u00c9S DES GROUPES DE TRAVAIL<\/u><\/strong><\/p>\n<ul>\n<li><strong>Comit\u00e9 d\u2019\u00e9tude de l\u2019AMM<\/strong><br \/>\n(Elizabeth LaRocca (\u00c9tats-Unis &#8211; Pr\u00e9sidente), Malke Borow (Isra\u00ebl), Mvuyisi Mzukwa (Afrique du Sud), Tomas Hedmark (Su\u00e8de), Clarisse Delorme (secr\u00e9tariat de l\u2019AMM)<\/li>\n<li><strong>Groupe de travail sur la technologie dans la m\u00e9decine<\/strong><br \/>\nIsra\u00ebl (pr\u00e9sidence), Chine, Kowe\u00eft, Malaisie, Afrique du Sud, \u00c9tats-Unis, Royaume-Uni et Membres associ\u00e9s (comme observateur)<\/li>\n<li><strong>Groupe de travail sur l&rsquo;environment\u00a0<\/strong><strong><br \/>\n<\/strong> JDN (pr\u00e9sidence), Kowe\u00eft, Nigeria, Royaume-Uni, Membres associ\u00e9s<\/li>\n<li><strong>GT sur la Neutralit\u00e9 m\u00e9dicale<br \/>\n<\/strong>Membres associ\u00e9s (pr\u00e9sidence), France, Kowe\u00eft, Suisse, \u00c9tats-Unis et Uruguay<\/li>\n<\/ul>\n<ul>\n<li><strong>GT sur la r\u00e9vision de la D\u00e9claration de Taipei de l\u2019AMM<br \/>\n<\/strong>Israel (pr\u00e9sidence), Br\u00e9sil, Chine, Danemark, Finlande, France, Allemagne, Japon, Malaisie, Norv\u00e8ge, Rwanda, Afrique du Sud, Su\u00e8de, Suisse, Ta\u00efwan, Royaume-Uni, \u00c9tats-Unis, Uruguay, le PPCN et les Membres associ\u00e9s<\/li>\n<\/ul>\n<ul>\n<li><strong>GT sur une proc\u00e9dure en vue de l\u2019\u00e9laboration de la Politique relative aux crises sanitaires<br \/>\n<\/strong>Royaume-Uni (Pr\u00e9sidence), Australie, Kowe\u00eft, Uruguay et les Membres associ\u00e9s<\/li>\n<\/ul>\n<p>CL\u00d4TURE DU GROUPE DE TRAVAIL<\/p>\n<ul>\n<li><strong>GT sur l\u2019Hybridation des r\u00e9unions de l\u2019AMM<br \/>\n<\/strong>Kenya (Pr\u00e9sidence), Australie, Br\u00e9sil, Isra\u00ebl, Tunisie, Royaume-Uni, Etats-Unis, le Pr\u00e9sident (Ashok Philip) et le Tr\u00e9sorier (Rudolf Henke)<\/li>\n<li><strong>Comit\u00e9 de s\u00e9lection<br \/>\n<\/strong>Jack Resneck<span lang=\"EN-US\"> (pr\u00e9sident), <\/span>Lujain Alqodmani<span lang=\"EN-US\"> (Kuwait Medical Association), <\/span>Anamar\u00eda Arriagada<span lang=\"EN-US\"> (Colegio M\u00e9dico de Chile), <\/span>Phillippe Cathala<span lang=\"EN-US\"> (CNOM France), <\/span>Ridha Dhaoui<span lang=\"EN-US\"> (CNOM Tunisie), <\/span>Yvonne Gilli <span lang=\"EN-US\">(F\u00e9d\u00e9ration des M\u00e9decins Suisses), <\/span>Zion Hagay<span lang=\"EN-US\"> (Israeli Medical Association), <\/span>Rudolf Henke<span lang=\"EN-US\"> (German Medical Association), <\/span>Tohru Kakuta<span lang=\"EN-US\"> (Japan Medical Association), <\/span>Jacqueline Kitulu<span lang=\"EN-US\"> (Kenya Medical Association), <\/span>Mvuyisi Mzukwa<span lang=\"EN-US\"> (South African Medical Association), <\/span>JungYul Park<span lang=\"EN-US\"> (Korean Medical Association), <\/span>Latifa Patel<span lang=\"EN-US\"> (British Medical Association), <\/span>Ashok Philip<span lang=\"EN-US\"> (Malaysian Medical Association), <\/span>Camilla Noelle Rathcke<span lang=\"EN-US\"> (Danish Medical Association), <\/span>Bruce Scott<span lang=\"EN-US\"> (American Medical Association), <\/span>Haibo Wang<span lang=\"EN-US\"> (Chinese Medical Association), <\/span>Julie Bacque (membres associ\u00e9s sans droit de vote)<span lang=\"EN-US\">, <\/span>Clarisse Delorme (Secr\u00e9tariat sans droit de vote)<\/li>\n<\/ul>\n<p><!-- \/wp:paragraph --><\/p>\n","protected":false},"excerpt":{"rendered":"<p>NOUVEAUX GROUPES DE TRAVAIL GT sur la r\u00e9vision de la D\u00e9claration de Lisbonne Chine (Pr\u00e9sidence), Finlande, France, Espagne, Turquie, Royaume-Uni, MA GT sur l&rsquo;\u00e9galit\u00e9 de genre au sein de l&rsquo;AMM Kowe\u00eft (Pr\u00e9sidence), Canada, Finlande, Kenya, Philippines, Royaume-Uni, JDN GT sur l&rsquo;\u00e9galit\u00e9 de genre au sein de l&rsquo;AMM Kowe\u00eft (Pr\u00e9sidence), Canada, Finlande, Kenya, Philippines, Royaume-Uni, JDN [&hellip;]<\/p>\n","protected":false},"author":3,"featured_media":0,"parent":822,"menu_order":0,"comment_status":"closed","ping_status":"closed","template":"template-member-area.php","meta":[],"acf":[],"_links":{"self":[{"href":"https:\/\/www.wma.net\/fr\/wp-json\/wp\/v2\/pages\/824"}],"collection":[{"href":"https:\/\/www.wma.net\/fr\/wp-json\/wp\/v2\/pages"}],"about":[{"href":"https:\/\/www.wma.net\/fr\/wp-json\/wp\/v2\/types\/page"}],"author":[{"embeddable":true,"href":"https:\/\/www.wma.net\/fr\/wp-json\/wp\/v2\/users\/3"}],"replies":[{"embeddable":true,"href":"https:\/\/www.wma.net\/fr\/wp-json\/wp\/v2\/comments?post=824"}],"version-history":[{"count":40,"href":"https:\/\/www.wma.net\/fr\/wp-json\/wp\/v2\/pages\/824\/revisions"}],"predecessor-version":[{"id":26119,"href":"https:\/\/www.wma.net\/fr\/wp-json\/wp\/v2\/pages\/824\/revisions\/26119"}],"up":[{"embeddable":true,"href":"https:\/\/www.wma.net\/fr\/wp-json\/wp\/v2\/pages\/822"}],"wp:attachment":[{"href":"https:\/\/www.wma.net\/fr\/wp-json\/wp\/v2\/media?parent=824"}],"curies":[{"name":"wp","href":"https:\/\/api.w.org\/{rel}","templated":true}]}}