{"id":823,"date":"2016-11-22T14:24:39","date_gmt":"2016-11-22T14:24:39","guid":{"rendered":"https:\/\/www.wma.net\/fr\/?page_id=823"},"modified":"2024-10-31T16:02:56","modified_gmt":"2024-10-31T16:02:56","slug":"informations-relatives-a-levenement","status":"publish","type":"page","link":"https:\/\/www.wma.net\/fr\/zone-speciale-membres\/services-manifestations\/informations-relatives-a-levenement\/","title":{"rendered":"Informations sur les manifestations"},"content":{"rendered":"<p>Le Conseil de l&rsquo;AMM se r\u00e9unit deux fois par an, une fois au printemps et une fois \u00e0 l&rsquo;automne, imm\u00e9diatement avant l&rsquo;Assembl\u00e9e G\u00e9n\u00e9rale annuelle de l&rsquo;AMM. Cette derni\u00e8re est l&rsquo;instance supr\u00eame de l&rsquo;AMM en mati\u00e8re de d\u00e9cisions et elle est ouverte aux d\u00e9l\u00e9gations de tous les Membres\u00a0 Constituants de l&rsquo;AMM ainsi qu&rsquo;aux observateurs et autres invit\u00e9s.<\/p>\n<p>Les lieux de l&rsquo;Assembl\u00e9e G\u00e9n\u00e9rale de l&rsquo;AMM ob\u00e9issent \u00e0 un syst\u00e8me de rotation mondiale. L&rsquo;Assembl\u00e9e G\u00e9n\u00e9rale de l&rsquo;AMM se tient donc dans chacune des six r\u00e9gions de l&rsquo;AMM tous les 6 ans. Les futures dates de r\u00e9union sont disponible dans le <a href=\"https:\/\/www.wma.net\/fr\/ce-que-nous-faisons\/manifestations\/\" target=\"_blank\" rel=\"noopener\">section manifestations<\/a>. Tous les membres constituants de ces r\u00e9gions peuvent proposer d&rsquo;accueillir l&rsquo;une des Assembl\u00e9es G\u00e9n\u00e9rales ou des Sessions du Conseil. Les informations \u00e0 ce sujet figurent dans les documents ci-dessous\u00a0:<\/p>\n<ul type=\"disc\">\n<li><a href=\"https:\/\/www.wma.net\/wp-content\/uploads\/2018\/06\/WMA-General-Assembly-Planning-v2017_F.pdf\" target=\"_blank\" rel=\"noopener\">Planning des Assembl\u00e9es G\u00e9n\u00e9rales de l&rsquo;AMM<\/a><\/li>\n<li><a href=\"https:\/\/www.wma.net\/wp-content\/uploads\/2024\/10\/WMA-Council-session-planning-v2024_F.pdf\" target=\"_blank\" rel=\"noopener\">Planning des Sessions du Conseil de l&rsquo;AMM<\/a><\/li>\n<\/ul>\n<p>La section \u00ab Responsabilit\u00e9s des associations membres organisatrices \u00bb\u00a0 d\u00e9taille\u00a0 les conditions et l&rsquo;engagement financier minimum.<\/p>\n<p>Les associations membres organisatrices sont pri\u00e9es de lire les directives adopt\u00e9es par le Conseil de la WMA et l&rsquo;Assembl\u00e9e g\u00e9n\u00e9rale en 2022:<\/p>\n<ul>\n<li><a href=\"https:\/\/www.wma.net\/wp-content\/uploads\/2022\/10\/WMA-Green-Guidelines-Oct-2022_F.pdf\">Directives vertes pour la tenue de r\u00e9unions de l\u2019AMM plus \u00e9cologiques et durables<\/a><\/li>\n<li><a href=\"https:\/\/www.wma.net\/fr\/policies-post\/directives-de-lamm-sur-legalite-des-personnes-lgbtq-dans-les-lieux-accueillant-les-reunions-et-les-activites-de-lamm\/\">Directives de l\u2019AMM sur l\u2019\u00e9galit\u00e9 des personnes LGBTQ dans les lieux accueillant les r\u00e9unions et les activit\u00e9s de l\u2019AMM<\/a><\/li>\n<\/ul>\n<p>Les associations membres organisatrices sont pri\u00e9es de remplir un questionnaire. Pour toute autre demande, veuillez contacter Mme Sunny Park (<a href=\"mailto:sunny.park@wma.net\" target=\"_blank\" rel=\"noopener\">sunny.park@wma.net<\/a>) au Secr\u00e9tariat de l&rsquo;AMM.<\/p>\n","protected":false},"excerpt":{"rendered":"<p>Le Conseil de l&rsquo;AMM se r\u00e9unit deux fois par an, une fois au printemps et une fois \u00e0 l&rsquo;automne, imm\u00e9diatement avant l&rsquo;Assembl\u00e9e G\u00e9n\u00e9rale annuelle de l&rsquo;AMM. Cette derni\u00e8re est l&rsquo;instance supr\u00eame de l&rsquo;AMM en mati\u00e8re de d\u00e9cisions et elle est ouverte aux d\u00e9l\u00e9gations de tous les Membres\u00a0 Constituants de l&rsquo;AMM ainsi qu&rsquo;aux observateurs et autres [&hellip;]<\/p>\n","protected":false},"author":3,"featured_media":0,"parent":822,"menu_order":0,"comment_status":"closed","ping_status":"closed","template":"template-member-area.php","meta":[],"acf":[],"_links":{"self":[{"href":"https:\/\/www.wma.net\/fr\/wp-json\/wp\/v2\/pages\/823"}],"collection":[{"href":"https:\/\/www.wma.net\/fr\/wp-json\/wp\/v2\/pages"}],"about":[{"href":"https:\/\/www.wma.net\/fr\/wp-json\/wp\/v2\/types\/page"}],"author":[{"embeddable":true,"href":"https:\/\/www.wma.net\/fr\/wp-json\/wp\/v2\/users\/3"}],"replies":[{"embeddable":true,"href":"https:\/\/www.wma.net\/fr\/wp-json\/wp\/v2\/comments?post=823"}],"version-history":[{"count":11,"href":"https:\/\/www.wma.net\/fr\/wp-json\/wp\/v2\/pages\/823\/revisions"}],"predecessor-version":[{"id":23690,"href":"https:\/\/www.wma.net\/fr\/wp-json\/wp\/v2\/pages\/823\/revisions\/23690"}],"up":[{"embeddable":true,"href":"https:\/\/www.wma.net\/fr\/wp-json\/wp\/v2\/pages\/822"}],"wp:attachment":[{"href":"https:\/\/www.wma.net\/fr\/wp-json\/wp\/v2\/media?parent=823"}],"curies":[{"name":"wp","href":"https:\/\/api.w.org\/{rel}","templated":true}]}}