{"id":821,"date":"2016-11-22T14:22:48","date_gmt":"2016-11-22T14:22:48","guid":{"rendered":"https:\/\/www.wma.net\/fr\/?page_id=821"},"modified":"2025-04-01T15:04:33","modified_gmt":"2025-04-01T14:04:33","slug":"guides-et-formes","status":"publish","type":"page","link":"https:\/\/www.wma.net\/fr\/zone-speciale-membres\/guides-et-formes\/","title":{"rendered":"Guides et formes"},"content":{"rendered":"<h2>Documents guides et formes<\/h2>\n<table class=\"table table-striped\" border=\"0\" width=\"100%\" cellspacing=\"0\" cellpadding=\"0\">\n<tbody>\n<tr>\n<td>25.03.2025<\/td>\n<td><a href=\"https:\/\/www.wma.net\/wp-content\/uploads\/2025\/04\/Council-Guide-April2025_F.pdf\" target=\"_blank\" rel=\"noopener noreferrer\">Guide pour les Membres du Conseil<\/a><\/td>\n<\/tr>\n<tr>\n<td>20.03.2025<\/td>\n<td><a href=\"https:\/\/www.wma.net\/wp-content\/uploads\/2025\/03\/Chair-Guide-April2025_F.pdf\" target=\"_blank\" rel=\"noopener\">Guide pour le Pr\u00e9sident du Conseil et les Pr\u00e9sidents de Comit\u00e9s<\/a><\/td>\n<\/tr>\n<tr>\n<td>21.11.2024<\/td>\n<td><a href=\"https:\/\/www.wma.net\/wp-content\/uploads\/2024\/11\/WMA-Policy-Template_v8_F.docx\" target=\"_blank\" rel=\"noopener\">[Formulaire] Soumission d&rsquo;une nouvelle politique (v8)<\/a><\/td>\n<\/tr>\n<tr>\n<td>20.10.2022<\/td>\n<td><a href=\"https:\/\/www.wma.net\/fr\/policies-post\/directives-de-lamm-sur-legalite-des-personnes-lgbtq-dans-les-lieux-accueillant-les-reunions-et-les-activites-de-lamm\/\">Directives de l\u2019AMM sur l\u2019\u00e9galit\u00e9 des personnes LGBTQ dans les lieux accueillant les r\u00e9unions et les activit\u00e9s de l\u2019AMM<\/a><\/td>\n<\/tr>\n<tr>\n<td>20.10.2022<\/td>\n<td><a href=\"https:\/\/www.wma.net\/wp-content\/uploads\/2022\/10\/WMA-Green-Guidelines-Oct-2022_F.pdf\">Directives vertes pour la tenue de r\u00e9unions de l\u2019AMM plus \u00e9cologiques et durables<\/a><\/td>\n<\/tr>\n<tr>\n<td>19.09.2022<\/td>\n<td><a href=\"https:\/\/www.wma.net\/wp-content\/uploads\/2022\/09\/WMA-Admin-Account-User-Guide-Sept2022_F.pdf\" target=\"_blank\" rel=\"noopener\">Guide de l&rsquo;utilisateur compte administrateur<\/a><\/td>\n<\/tr>\n<tr>\n<td>19.07.2021<\/td>\n<td><a href=\"https:\/\/www.wma.net\/wp-content\/uploads\/2021\/07\/Meeting-Documents-Depository-Users-Guide-Jul2021_F.pdf\" target=\"_blank\" rel=\"noopener noreferrer\">L&rsquo;Acc\u00e8s \u00e0 la biblioth\u00e8que de documents officiels des r\u00e9unions de l&rsquo;AMM<\/a><\/td>\n<\/tr>\n<tr>\n<td>29.09.2020<\/td>\n<td><a href=\"https:\/\/www.wma.net\/wp-content\/uploads\/2020\/10\/Voting-with-NemoVote_F.pdf\" target=\"_blank\" rel=\"noopener noreferrer\">Voter avec NemoVote<\/a><\/td>\n<\/tr>\n<tr>\n<td>09.10.2017<\/td>\n<td><a href=\"https:\/\/www.wma.net\/wp-content\/uploads\/2018\/09\/GA-Delegate-Orientation_F.pdf\">Session d&rsquo;orientation du d\u00e9l\u00e9gu\u00e9 \u00e0 l&rsquo;Assembl\u00e9e g\u00e9n\u00e9rale<\/a>\u00a0\/ <a href=\"https:\/\/www.wma.net\/wp-content\/uploads\/2022\/09\/GA-Delegate-Orientation-Presentation-Oct2022_F.pdf\" target=\"_blank\" rel=\"noopener\">Pr\u00e9sentation: Session d\u2019orientation du d\u00e9l\u00e9gu\u00e9 \u00e0 l\u2019AG<\/a> (version 2022)<\/td>\n<\/tr>\n<tr>\n<td>06.10.2017<\/td>\n<td><a href=\"https:\/\/www.wma.net\/wp-content\/uploads\/2019\/04\/Synthe\u0300se-des-re\u0300gles-de-proce\u0301dure-de-lAMM_v2.pdf\" target=\"_blank\" rel=\"noopener noreferrer\">Synthe\u0300se des re\u0300gles de proce\u0301dure de l&rsquo;AMM<\/a><\/td>\n<\/tr>\n<tr>\n<td>09.10.2016<\/td>\n<td><a href=\"https:\/\/www.wma.net\/wp-content\/uploads\/2016\/11\/Delegues-a-l_Assemblee-Generale-Guide-d_orientation.pdf\" target=\"_blank\" rel=\"noopener noreferrer\">GA 2016-Delegate Orientation-Oct2016_F<\/a><\/td>\n<\/tr>\n<\/tbody>\n<\/table>\n<p>&nbsp;<\/p>\n","protected":false},"excerpt":{"rendered":"<p>Documents guides et formes 25.03.2025 Guide pour les Membres du Conseil 20.03.2025 Guide pour le Pr\u00e9sident du Conseil et les Pr\u00e9sidents de Comit\u00e9s 21.11.2024 [Formulaire] Soumission d&rsquo;une nouvelle politique (v8) 20.10.2022 Directives de l\u2019AMM sur l\u2019\u00e9galit\u00e9 des personnes LGBTQ dans les lieux accueillant les r\u00e9unions et les activit\u00e9s de l\u2019AMM 20.10.2022 Directives vertes pour la [&hellip;]<\/p>\n","protected":false},"author":3,"featured_media":0,"parent":806,"menu_order":3,"comment_status":"closed","ping_status":"closed","template":"template-member-area.php","meta":[],"acf":[],"_links":{"self":[{"href":"https:\/\/www.wma.net\/fr\/wp-json\/wp\/v2\/pages\/821"}],"collection":[{"href":"https:\/\/www.wma.net\/fr\/wp-json\/wp\/v2\/pages"}],"about":[{"href":"https:\/\/www.wma.net\/fr\/wp-json\/wp\/v2\/types\/page"}],"author":[{"embeddable":true,"href":"https:\/\/www.wma.net\/fr\/wp-json\/wp\/v2\/users\/3"}],"replies":[{"embeddable":true,"href":"https:\/\/www.wma.net\/fr\/wp-json\/wp\/v2\/comments?post=821"}],"version-history":[{"count":35,"href":"https:\/\/www.wma.net\/fr\/wp-json\/wp\/v2\/pages\/821\/revisions"}],"predecessor-version":[{"id":24362,"href":"https:\/\/www.wma.net\/fr\/wp-json\/wp\/v2\/pages\/821\/revisions\/24362"}],"up":[{"embeddable":true,"href":"https:\/\/www.wma.net\/fr\/wp-json\/wp\/v2\/pages\/806"}],"wp:attachment":[{"href":"https:\/\/www.wma.net\/fr\/wp-json\/wp\/v2\/media?parent=821"}],"curies":[{"name":"wp","href":"https:\/\/api.w.org\/{rel}","templated":true}]}}