{"id":820,"date":"2016-11-22T14:22:09","date_gmt":"2016-11-22T14:22:09","guid":{"rendered":"https:\/\/www.wma.net\/fr\/?page_id=820"},"modified":"2025-05-07T10:28:51","modified_gmt":"2025-05-07T09:28:51","slug":"mandats","status":"publish","type":"page","link":"https:\/\/www.wma.net\/fr\/zone-speciale-membres\/documents-permanents\/mandats\/","title":{"rendered":"Mandats"},"content":{"rendered":"<table class=\"table table-striped\" border=\"0\" width=\"100%\" cellspacing=\"0\" cellpadding=\"0\">\n<tbody>\n<tr>\n<td>26.04.2025<\/td>\n<td><a href=\"https:\/\/www.wma.net\/wp-content\/uploads\/2025\/05\/JDN-Terms-of-Reference-2025_F.pdf\" target=\"_blank\" rel=\"noopener noreferrer\">Mission du R\u00e9seau des jeunes m\u00e9decins 2025<\/a><\/td>\n<\/tr>\n<tr>\n<td>19.03.2020<\/td>\n<td><a href=\"https:\/\/www.wma.net\/wp-content\/uploads\/2020\/11\/RC-Terms-of-Reference-2020_F.pdf\" target=\"_blank\" rel=\"noopener noreferrer\">Mandat du Comit\u00e9 d&rsquo;\u00e9tude<\/a><\/td>\n<\/tr>\n<tr>\n<td>06.04.2013<\/td>\n<td><a href=\"https:\/\/www.wma.net\/wp-content\/uploads\/2016\/11\/PPCN-Terms-of-Reference-2013_F.pdf\" target=\"_blank\" rel=\"noopener noreferrer\">PPCN Terms of Reference 2013_F<\/a><\/td>\n<\/tr>\n<\/tbody>\n<\/table>\n<p>&nbsp;<\/p>\n","protected":false},"excerpt":{"rendered":"<p>26.04.2025 Mission du R\u00e9seau des jeunes m\u00e9decins 2025 19.03.2020 Mandat du Comit\u00e9 d&rsquo;\u00e9tude 06.04.2013 PPCN Terms of Reference 2013_F &nbsp;<\/p>\n","protected":false},"author":3,"featured_media":0,"parent":813,"menu_order":0,"comment_status":"closed","ping_status":"closed","template":"template-member-area.php","meta":[],"acf":[],"_links":{"self":[{"href":"https:\/\/www.wma.net\/fr\/wp-json\/wp\/v2\/pages\/820"}],"collection":[{"href":"https:\/\/www.wma.net\/fr\/wp-json\/wp\/v2\/pages"}],"about":[{"href":"https:\/\/www.wma.net\/fr\/wp-json\/wp\/v2\/types\/page"}],"author":[{"embeddable":true,"href":"https:\/\/www.wma.net\/fr\/wp-json\/wp\/v2\/users\/3"}],"replies":[{"embeddable":true,"href":"https:\/\/www.wma.net\/fr\/wp-json\/wp\/v2\/comments?post=820"}],"version-history":[{"count":12,"href":"https:\/\/www.wma.net\/fr\/wp-json\/wp\/v2\/pages\/820\/revisions"}],"predecessor-version":[{"id":24622,"href":"https:\/\/www.wma.net\/fr\/wp-json\/wp\/v2\/pages\/820\/revisions\/24622"}],"up":[{"embeddable":true,"href":"https:\/\/www.wma.net\/fr\/wp-json\/wp\/v2\/pages\/813"}],"wp:attachment":[{"href":"https:\/\/www.wma.net\/fr\/wp-json\/wp\/v2\/media?parent=820"}],"curies":[{"name":"wp","href":"https:\/\/api.w.org\/{rel}","templated":true}]}}