{"id":806,"date":"2016-11-22T14:19:31","date_gmt":"2016-11-22T14:19:31","guid":{"rendered":"https:\/\/www.wma.net\/fr\/?page_id=806"},"modified":"2017-02-07T17:27:47","modified_gmt":"2017-02-07T17:27:47","slug":"zone-speciale-membres","status":"publish","type":"page","link":"https:\/\/www.wma.net\/fr\/zone-speciale-membres\/","title":{"rendered":"Zone sp\u00e9ciale Membres"},"content":{"rendered":"<p>L&rsquo;Association M\u00e9dicale Mondiale est fi\u00e8re de partager sa mission, sa vision et ses politiques \u00a0avec le public. Une grande partie du travail de l\u2019organisation, notamment l&rsquo;\u00e9laboration de ses politiques et actions de d\u00e9fense\/sensibilisation n\u00e9cessite cependant de longs d\u00e9bats internes, parfois intenses et des d\u00e9lib\u00e9rations au niveau des membres.<\/p>\n<p>Faciliter ce travail est l&rsquo;une des principales fonctions de la section Membres du site Internet de l&rsquo;AMM. Cette section est accessible uniquement aux membres afin de permettre un libre \u00e9change d&rsquo;id\u00e9es et un travail permanent sur nos documents, notamment leurs \u00e9bauches. Les membres ayant acc\u00e8s \u00e0 cette section doivent savoir que les informations et documents y figurant sont strictement \u00e0 usage interne et ne doivent pas \u00eatre diffus\u00e9s ou partag\u00e9s ni avec des personnes non membres de l\u2019AMM ni avec les membres associ\u00e9s. La diffusion non autoris\u00e9e des \u00e9bauches de documents peut cr\u00e9er une confusion quant \u00e0 la position de l\u2019AMM sur un sujet. Aucun document ne constitue une politique de l\u2019AMM tant qu\u2019il n\u2019a pas \u00e9t\u00e9 adopt\u00e9 par l\u2019Assembl\u00e9e G\u00e9n\u00e9rale dans le cadre du processus d\u00e9mocratique ouvert.<\/p>\n<p>Dans certains cas exceptionnels, le Conseil peut \u00a0d\u00e9cider de rendre public un projet de document afin de recueillir l&rsquo;avis du public ou l\u2019opinion d\u2019experts sur le sujet concern\u00e9. Il s&rsquo;agit l\u00e0 toutefois d&rsquo;une pr\u00e9rogative du Conseil ou de l&rsquo;Assembl\u00e9e G\u00e9n\u00e9rale. Nous comptons sur tous les membres pour respecter les r\u00e8gles et la proc\u00e9dure afin de prot\u00e9ger la qualit\u00e9 et la l\u00e9gitimit\u00e9 d\u00e9mocratique des politiques de l\u2019AMM.<\/p>\n","protected":false},"excerpt":{"rendered":"<p>L&rsquo;Association M\u00e9dicale Mondiale est fi\u00e8re de partager sa mission, sa vision et ses politiques \u00a0avec le public. Une grande partie du travail de l\u2019organisation, notamment l&rsquo;\u00e9laboration de ses politiques et actions de d\u00e9fense\/sensibilisation n\u00e9cessite cependant de longs d\u00e9bats internes, parfois intenses et des d\u00e9lib\u00e9rations au niveau des membres. Faciliter ce travail est l&rsquo;une des principales [&hellip;]<\/p>\n","protected":false},"author":3,"featured_media":0,"parent":0,"menu_order":7,"comment_status":"closed","ping_status":"closed","template":"template-member-area.php","meta":[],"acf":[],"_links":{"self":[{"href":"https:\/\/www.wma.net\/fr\/wp-json\/wp\/v2\/pages\/806"}],"collection":[{"href":"https:\/\/www.wma.net\/fr\/wp-json\/wp\/v2\/pages"}],"about":[{"href":"https:\/\/www.wma.net\/fr\/wp-json\/wp\/v2\/types\/page"}],"author":[{"embeddable":true,"href":"https:\/\/www.wma.net\/fr\/wp-json\/wp\/v2\/users\/3"}],"replies":[{"embeddable":true,"href":"https:\/\/www.wma.net\/fr\/wp-json\/wp\/v2\/comments?post=806"}],"version-history":[{"count":3,"href":"https:\/\/www.wma.net\/fr\/wp-json\/wp\/v2\/pages\/806\/revisions"}],"predecessor-version":[{"id":5997,"href":"https:\/\/www.wma.net\/fr\/wp-json\/wp\/v2\/pages\/806\/revisions\/5997"}],"wp:attachment":[{"href":"https:\/\/www.wma.net\/fr\/wp-json\/wp\/v2\/media?parent=806"}],"curies":[{"name":"wp","href":"https:\/\/api.w.org\/{rel}","templated":true}]}}