{"id":799,"date":"2016-11-22T14:18:01","date_gmt":"2016-11-22T14:18:01","guid":{"rendered":"https:\/\/www.wma.net\/fr\/?page_id=799"},"modified":"2026-03-18T10:00:08","modified_gmt":"2026-03-18T10:00:08","slug":"reunions","status":"publish","type":"page","link":"https:\/\/www.wma.net\/fr\/jeunes-medecins\/reunions\/","title":{"rendered":"R\u00e9unions"},"content":{"rendered":"<p>Le JDN se r\u00e9unit \u00e0 plusieurs occasions en cours d\u2019ann\u00e9e, soit en personne soit via les t\u00e9l\u00e9conf\u00e9rences.<\/p>\n<ul>\n<li>Deux fois par an, r\u00e9unions en lien avec la R\u00e9union du Conseil de l\u2019AMM (Avril) et l&rsquo;Assembl\u00e9e G\u00e9n\u00e9rale (Octobre).<\/li>\n<li>Tous les mois, r\u00e9union en ligne des membres et de l\u2019\u00e9quipe dirigeante<\/li>\n<li>Plusieurs r\u00e9unions, conf\u00e9rences et \u00e9v\u00e9nements sont organis\u00e9s et suivis dans diff\u00e9rentes r\u00e9gions du globe tout au long de l&rsquo;ann\u00e9e<\/li>\n<\/ul>\n<h3>Exemples d&rsquo;\u00e9v\u00e9nements organis\u00e9s par le WMA JDN auxquels nous avons particip\u00e9 en 2025-2026:<\/h3>\n<ul>\n<li>76e Assembl\u00e9e g\u00e9n\u00e9rale de l&rsquo;AMM \u00e0 Porto, au Portugal ; du 8 au 11 octobre 2025<\/li>\n<li>Sommet mondial de la sant\u00e9 2025 \u00e0 Berlin, en Allemagne ; du 12 au 14 octobre 2025<\/li>\n<li>R\u00e9union d&rsquo;automne de l&rsquo;Association europ\u00e9enne des jeunes m\u00e9decins (EJD) \u00e0 Vienne, en Autriche ; les 7 et 8 novembre 2025<\/li>\n<li>Conf\u00e9rence des Nations Unies sur les changements climatiques (COP30) de 2025 \u00e0 Bel\u00e9m, au Br\u00e9sil ; du 10 au 21 novembre 2025<\/li>\n<li>Acad\u00e9mie EJD-OMS 2025 \u00e0 UN City, \u00e0 Copenhague ; les 10 et 11 d\u00e9cembre 2025<\/li>\n<li>158e r\u00e9union du Conseil ex\u00e9cutif de l&rsquo;OMS au si\u00e8ge de l&rsquo;OMS, \u00e0 Gen\u00e8ve, en Suisse ; du 2 au 7 f\u00e9vrier 2026<\/li>\n<\/ul>\n<figure id=\"attachment_21435\" aria-describedby=\"caption-attachment-21435\" style=\"width: 500px\" class=\"wp-caption aligncenter\"><img loading=\"lazy\" class=\"wp-image-21435\" src=\"https:\/\/www.wma.net\/wp-content\/uploads\/2023\/12\/JDN-Nairobi-2023-e1702288049858-300x158.jpg\" alt=\"\" width=\"500\" height=\"276\" \/><figcaption id=\"caption-attachment-21435\" class=\"wp-caption-text\">\u00c0 la session du Conseil de l&rsquo;AMM en 2023, Nairobi, Kenya<\/figcaption><\/figure>\n<figure id=\"attachment_26194\" aria-describedby=\"caption-attachment-26194\" style=\"width: 500px\" class=\"wp-caption aligncenter\"><img loading=\"lazy\" class=\"wp-image-26194\" src=\"https:\/\/www.wma.net\/wp-content\/uploads\/2026\/03\/2025-Meeting-Pic-2-e1773765069521.png\" alt=\"\" width=\"500\" height=\"241\" srcset=\"https:\/\/www.wma.net\/wp-content\/uploads\/2026\/03\/2025-Meeting-Pic-2-e1773765069521.png 4961w, https:\/\/www.wma.net\/wp-content\/uploads\/2026\/03\/2025-Meeting-Pic-2-e1773765069521-300x145.png 300w, https:\/\/www.wma.net\/wp-content\/uploads\/2026\/03\/2025-Meeting-Pic-2-e1773765069521-1024x494.png 1024w, https:\/\/www.wma.net\/wp-content\/uploads\/2026\/03\/2025-Meeting-Pic-2-e1773765069521-768x370.png 768w, https:\/\/www.wma.net\/wp-content\/uploads\/2026\/03\/2025-Meeting-Pic-2-e1773765069521-1536x741.png 1536w, https:\/\/www.wma.net\/wp-content\/uploads\/2026\/03\/2025-Meeting-Pic-2-e1773765069521-2048x988.png 2048w\" sizes=\"(max-width: 500px) 100vw, 500px\" \/><figcaption id=\"caption-attachment-26194\" class=\"wp-caption-text\">R\u00e9union du JDN avant l&rsquo;Assembl\u00e9e G\u00e9n\u00e9rale de l&rsquo;AMM, Octobre 2025, Porto, Portugal<\/figcaption><\/figure>\n<p>&nbsp;<\/p>\n<h2>Prochaines r\u00e9unions:<\/h2>\n<ul>\n<li>R\u00e9union d&rsquo;avril 2026 du JDN, qui se tiendra le mercredi 22 avril 2026 \u00e0 Belgrade, en Serbie<\/li>\n<li>R\u00e9union d&rsquo;octobre 2026 du JDN, qui se tiendra les lundi 5 et mardi 6 octobre 2026 \u00e0 Rotterdam, aux Pays-Bas<\/li>\n<\/ul>\n<p>&nbsp;<\/p>\n","protected":false},"excerpt":{"rendered":"<p>Le JDN se r\u00e9unit \u00e0 plusieurs occasions en cours d\u2019ann\u00e9e, soit en personne soit via les t\u00e9l\u00e9conf\u00e9rences. Deux fois par an, r\u00e9unions en lien avec la R\u00e9union du Conseil de l\u2019AMM (Avril) et l&rsquo;Assembl\u00e9e G\u00e9n\u00e9rale (Octobre). Tous les mois, r\u00e9union en ligne des membres et de l\u2019\u00e9quipe dirigeante Plusieurs r\u00e9unions, conf\u00e9rences et \u00e9v\u00e9nements sont organis\u00e9s [&hellip;]<\/p>\n","protected":false},"author":3,"featured_media":0,"parent":791,"menu_order":4,"comment_status":"closed","ping_status":"closed","template":"","meta":[],"acf":[],"_links":{"self":[{"href":"https:\/\/www.wma.net\/fr\/wp-json\/wp\/v2\/pages\/799"}],"collection":[{"href":"https:\/\/www.wma.net\/fr\/wp-json\/wp\/v2\/pages"}],"about":[{"href":"https:\/\/www.wma.net\/fr\/wp-json\/wp\/v2\/types\/page"}],"author":[{"embeddable":true,"href":"https:\/\/www.wma.net\/fr\/wp-json\/wp\/v2\/users\/3"}],"replies":[{"embeddable":true,"href":"https:\/\/www.wma.net\/fr\/wp-json\/wp\/v2\/comments?post=799"}],"version-history":[{"count":13,"href":"https:\/\/www.wma.net\/fr\/wp-json\/wp\/v2\/pages\/799\/revisions"}],"predecessor-version":[{"id":26222,"href":"https:\/\/www.wma.net\/fr\/wp-json\/wp\/v2\/pages\/799\/revisions\/26222"}],"up":[{"embeddable":true,"href":"https:\/\/www.wma.net\/fr\/wp-json\/wp\/v2\/pages\/791"}],"wp:attachment":[{"href":"https:\/\/www.wma.net\/fr\/wp-json\/wp\/v2\/media?parent=799"}],"curies":[{"name":"wp","href":"https:\/\/api.w.org\/{rel}","templated":true}]}}