{"id":797,"date":"2016-11-22T14:17:14","date_gmt":"2016-11-22T14:17:14","guid":{"rendered":"https:\/\/www.wma.net\/fr\/?page_id=797"},"modified":"2025-04-28T09:20:03","modified_gmt":"2025-04-28T08:20:03","slug":"publications","status":"publish","type":"page","link":"https:\/\/www.wma.net\/fr\/jeunes-medecins\/publications\/","title":{"rendered":"Publications"},"content":{"rendered":"<h3>D\u00e9clarations<\/h3>\n<ul>\n<li>\n<p class=\"p1\"><a href=\"https:\/\/www.wma.net\/wp-content\/uploads\/2025\/04\/De\u0301claration_de_soutien_aux_jeunes_me\u0301decin_franc\u0327ais.pdf\" target=\"_blank\" rel=\"noopener\">D\u00e9claration de soutien aux jeunes m\u00e9decins fran\u00e7ais<\/a><\/p>\n<\/li>\n<li><a href=\"https:\/\/www.wma.net\/fr\/news-post\/declaration-de-soutien-aux-jeunes-medecins-espagnols\/\">D\u00e9claration de soutien aux jeunes m\u00e9decins espagnols<\/a><\/li>\n<\/ul>\n<h3>Livre blanc<\/h3>\n<ul>\n<li><a href=\"https:\/\/www.wma.net\/wp-content\/uploads\/2020\/02\/JDN_Social_media_white_paper_2012.pdf\" target=\"_blank\" rel=\"noopener\">R\u00e9seaux sociaux et professionnalisme m\u00e9dicale<\/a><\/li>\n<\/ul>\n<h3>Politiques initi\u00e9es par le JDN et adopt\u00e9es par l\u2019Assembl\u00e9e G\u00e9n\u00e9rale de l\u2019AMM<\/h3>\n<ul>\n<li><a href=\"\/wma?p=6880\" target=\"_blank\" rel=\"noopener\">Politique de l\u2019AMM sur le bien-\u00eatre des m\u00e9decins<\/a><\/li>\n<li><a href=\"\/wma?p=6799\" target=\"_blank\" rel=\"noopener\">Politique de l\u2019AMM sur les consid\u00e9rations ethniques concernant les stages de m\u00e9decine dans le monde<\/a><\/li>\n<li><a href=\"https:\/\/www.wma.net\/policies-post\/wma-declaration-of-delhi-on-health-and-climate-change\/\">Revision of the WMA Delhi Declaration on Climate Change<\/a><\/li>\n<\/ul>\n<h3>Rapports de r\u00e9unions<\/h3>\n<ul>\n<li><a href=\"https:\/\/www.wma.net\/wp-content\/uploads\/2023\/12\/FPL-224JDN-ReportOct2023.pdf\" target=\"_blank\" rel=\"noopener\">Rapport d\u2019activit\u00e9s du JDN suite \u00e0 l\u2019AG 2023 de l\u2019AMM<\/a><\/li>\n<li><a href=\"https:\/\/www.wma.net\/wp-content\/uploads\/2023\/12\/FPL-220-JDN-Report-Apr2022.pdf\" target=\"_blank\" rel=\"noopener\">Rapport d\u2019activit\u00e9s du JDN suite au Conseil 2022 de l\u2019AMM<\/a><\/li>\n<li><a href=\"https:\/\/www.wma.net\/wp-content\/uploads\/2023\/12\/FPL-218-JDN-Report-Oct2021.pdf\" target=\"_blank\" rel=\"noopener\">Rapport d\u2019activit\u00e9s du JDN suite \u00e0 l\u2019AG 2021 de l\u2019AMM<\/a><\/li>\n<li><a href=\"https:\/\/www.wma.net\/wp-content\/uploads\/2023\/12\/FPL-215-JDN-Report-Oct2020.pdf\" target=\"_blank\" rel=\"noopener\">Rapport d\u2019activit\u00e9s du JDN suite \u00e0 l\u2019AG 2020 de l\u2019AMM<\/a><\/li>\n<li><a href=\"https:\/\/www.wma.net\/wp-content\/uploads\/2023\/12\/FPL-213-JDN-Report-Oct2019.pdf\" target=\"_blank\" rel=\"noopener\">Rapport d\u2019activit\u00e9s du JDN suite \u00e0 l\u2019AG 2019 de l\u2019AMM<\/a><\/li>\n<li><a href=\"https:\/\/www.wma.net\/wp-content\/uploads\/2023\/12\/FPL-210-JDN-Report-Oct2018.pdf\" target=\"_blank\" rel=\"noopener\">Rapport d\u2019activit\u00e9s du JDN suite \u00e0 l\u2019AG 2018 de l\u2019AMM<\/a><\/li>\n<li><a href=\"https:\/\/www.wma.net\/wp-content\/uploads\/2023\/12\/FPL-207JDN-ReportOct2017.pdf\" target=\"_blank\" rel=\"noopener\">Rapport d\u2019activit\u00e9s du JDN suite \u00e0 l\u2019AG 2017 de l\u2019AMM<\/a><\/li>\n<li><a href=\"https:\/\/www.wma.net\/wp-content\/uploads\/2016\/11\/JDN-GA-Report-2106-CM-final.pdf\" target=\"_blank\" rel=\"noopener\">Rapport d\u2019activit\u00e9s du JDN suite \u00e0 l\u2019AG 2016 de l\u2019AMM<\/a><\/li>\n<\/ul>\n","protected":false},"excerpt":{"rendered":"<p>D\u00e9clarations D\u00e9claration de soutien aux jeunes m\u00e9decins fran\u00e7ais D\u00e9claration de soutien aux jeunes m\u00e9decins espagnols Livre blanc R\u00e9seaux sociaux et professionnalisme m\u00e9dicale Politiques initi\u00e9es par le JDN et adopt\u00e9es par l\u2019Assembl\u00e9e G\u00e9n\u00e9rale de l\u2019AMM Politique de l\u2019AMM sur le bien-\u00eatre des m\u00e9decins Politique de l\u2019AMM sur les consid\u00e9rations ethniques concernant les stages de m\u00e9decine dans [&hellip;]<\/p>\n","protected":false},"author":3,"featured_media":0,"parent":791,"menu_order":2,"comment_status":"closed","ping_status":"closed","template":"","meta":[],"acf":[],"_links":{"self":[{"href":"https:\/\/www.wma.net\/fr\/wp-json\/wp\/v2\/pages\/797"}],"collection":[{"href":"https:\/\/www.wma.net\/fr\/wp-json\/wp\/v2\/pages"}],"about":[{"href":"https:\/\/www.wma.net\/fr\/wp-json\/wp\/v2\/types\/page"}],"author":[{"embeddable":true,"href":"https:\/\/www.wma.net\/fr\/wp-json\/wp\/v2\/users\/3"}],"replies":[{"embeddable":true,"href":"https:\/\/www.wma.net\/fr\/wp-json\/wp\/v2\/comments?post=797"}],"version-history":[{"count":14,"href":"https:\/\/www.wma.net\/fr\/wp-json\/wp\/v2\/pages\/797\/revisions"}],"predecessor-version":[{"id":24539,"href":"https:\/\/www.wma.net\/fr\/wp-json\/wp\/v2\/pages\/797\/revisions\/24539"}],"up":[{"embeddable":true,"href":"https:\/\/www.wma.net\/fr\/wp-json\/wp\/v2\/pages\/791"}],"wp:attachment":[{"href":"https:\/\/www.wma.net\/fr\/wp-json\/wp\/v2\/media?parent=797"}],"curies":[{"name":"wp","href":"https:\/\/api.w.org\/{rel}","templated":true}]}}