{"id":795,"date":"2016-11-22T14:16:51","date_gmt":"2016-11-22T14:16:51","guid":{"rendered":"https:\/\/www.wma.net\/fr\/?page_id=795"},"modified":"2026-03-18T10:26:08","modified_gmt":"2026-03-18T10:26:08","slug":"adhesion","status":"publish","type":"page","link":"https:\/\/www.wma.net\/fr\/jeunes-medecins\/adhesion\/","title":{"rendered":"Adh\u00e9sion"},"content":{"rendered":"<p><strong>Qui peut devenir membre des JDN?<\/strong><\/p>\n<p>Les membres du JDN doivent avoir obtenu leur dipl\u00f4me de m\u00e9decine depuis moins de 10 ans et \u00eatre Membres Associ\u00e9s de l\u2019AMM.<\/p>\n<p>Remarque : l&rsquo;adh\u00e9sion \u00e0 l&rsquo;AMM est gratuite pour tous les m\u00e9decins pendant les cinq premi\u00e8res ann\u00e9es suivant l&rsquo;obtention de leur dipl\u00f4me.<\/p>\n<p><strong>Comment devenir membre des JDN?<\/strong><\/p>\n<p>Pour adh\u00e9rer au JDN, veuillez suivre les liens et remplir les formulaires :<\/p>\n<p>1. Inscription en tant que membre associ\u00e9 (Et s\u00e9lectionnez le formulaire pour jeune m\u00e9decin):<br \/>\n<a href=\"https:\/\/www.wma.net\/sign-up\/\">https:\/\/www.wma.net\/sign-up\/<\/a><\/p>\n<p>2. Inscription au r\u00e9seau des jeunes m\u00e9decins:<br \/>\n<a href=\"https:\/\/forms.gle\/2ecpTQArUwJCAMmWA\" target=\"_blank\" rel=\"noopener\">https:\/\/forms.gle\/2ecpTQArUwJCAMmWA<\/a><\/p>\n<p>L&rsquo;inscription n\u00e9cessite la validation des documents demand\u00e9s, il peut y avoir un d\u00e9lai de quelques semaines entre le moment de l&rsquo;inscription et le moment o\u00f9 vous \u00eates ajout\u00e9 aux listes de diffusion. Toutes les personnes inscrites qui ont soumis une demande compl\u00e8te recevront un courriel confirmant qu&rsquo;elles ont \u00e9t\u00e9 ajout\u00e9es et une invitation \u00e0 \u00eatre ajout\u00e9es \u00e0 la liste de diffusion ; les autres seront inform\u00e9es de la mani\u00e8re de compl\u00e9ter leur demande de mani\u00e8re ad\u00e9quate.<\/p>\n<p>Pour plus d&rsquo;informations, veuillez contacter <a href=\"mailto:membership.jdn@wma.net\" target=\"_blank\" rel=\"noopener\">membership.jdn@wma.net<\/a> .<\/p>\n<p><strong>Suivez-nous sur les r\u00e9seaux sociaux<\/strong><\/p>\n<div class=\"mceTemp\"><\/div>\n<p><a href=\"https:\/\/twitter.com\/WMAJDN\" target=\"_blank\" rel=\"noopener\"><img loading=\"lazy\" class=\"alignnone wp-image-21366 size-full\" src=\"https:\/\/www.wma.net\/wp-content\/uploads\/2023\/12\/twitter-logo.png\" alt=\"\" width=\"62\" height=\"67\" \/><\/a> <a href=\"https:\/\/www.instagram.com\/wma_jdn\/\" target=\"_blank\" rel=\"noopener\"><img loading=\"lazy\" class=\"alignnone wp-image-21369 size-full\" src=\"https:\/\/www.wma.net\/wp-content\/uploads\/2023\/12\/Instagram-logo.jpg\" alt=\"\" width=\"60\" height=\"60\" \/><\/a> \u00a0<a href=\"https:\/\/www.facebook.com\/profile.php?id=100077826644766\" target=\"_blank\" rel=\"noopener\"><img loading=\"lazy\" class=\"alignnone wp-image-21372 size-full\" src=\"https:\/\/www.wma.net\/wp-content\/uploads\/2023\/12\/Facebook-logo.jpg\" alt=\"\" width=\"60\" height=\"60\" \/><\/a> <a href=\"https:\/\/www.linkedin.com\/showcase\/wma-junior-doctors-network-jdn\" target=\"_blank\" rel=\"noopener\">\u00a0<\/a><a href=\"https:\/\/www.linkedin.com\/showcase\/wma-junior-doctors-network-jdn\" target=\"_blank\" rel=\"noopener\"><img loading=\"lazy\" class=\"alignnone wp-image-24432\" src=\"https:\/\/www.wma.net\/wp-content\/uploads\/2025\/04\/linkedin-300x300.jpg\" alt=\"\" width=\"61\" height=\"61\" srcset=\"https:\/\/www.wma.net\/wp-content\/uploads\/2025\/04\/linkedin-300x300.jpg 300w, https:\/\/www.wma.net\/wp-content\/uploads\/2025\/04\/linkedin-150x150.jpg 150w, https:\/\/www.wma.net\/wp-content\/uploads\/2025\/04\/linkedin.jpg 500w\" sizes=\"(max-width: 61px) 100vw, 61px\" \/><\/a> <a href=\"https:\/\/bsky.app\/profile\/wma-jdn.bsky.social\" target=\"_blank\" rel=\"noopener\"><img loading=\"lazy\" class=\"alignnone wp-image-24453\" src=\"https:\/\/www.wma.net\/wp-content\/uploads\/2025\/04\/BlueSky-5.jpg\" alt=\"\" width=\"60\" height=\"60\" \/>\u00a0<\/a><a href=\"https:\/\/jdn-workspace.notion.site\/WMA-JDN-Workspace-1316a1d0075b80829f42cd6a17673c36\" target=\"_blank\" rel=\"noopener\"><img loading=\"lazy\" class=\"alignnone wp-image-26186\" src=\"https:\/\/www.wma.net\/wp-content\/uploads\/2026\/03\/Notion_logo.png\" alt=\"\" width=\"60\" height=\"60\" \/><\/a><\/p>\n","protected":false},"excerpt":{"rendered":"<p>Qui peut devenir membre des JDN? Les membres du JDN doivent avoir obtenu leur dipl\u00f4me de m\u00e9decine depuis moins de 10 ans et \u00eatre Membres Associ\u00e9s de l\u2019AMM. Remarque : l&rsquo;adh\u00e9sion \u00e0 l&rsquo;AMM est gratuite pour tous les m\u00e9decins pendant les cinq premi\u00e8res ann\u00e9es suivant l&rsquo;obtention de leur dipl\u00f4me. Comment devenir membre des JDN? Pour [&hellip;]<\/p>\n","protected":false},"author":3,"featured_media":0,"parent":791,"menu_order":1,"comment_status":"closed","ping_status":"closed","template":"","meta":[],"acf":[],"_links":{"self":[{"href":"https:\/\/www.wma.net\/fr\/wp-json\/wp\/v2\/pages\/795"}],"collection":[{"href":"https:\/\/www.wma.net\/fr\/wp-json\/wp\/v2\/pages"}],"about":[{"href":"https:\/\/www.wma.net\/fr\/wp-json\/wp\/v2\/types\/page"}],"author":[{"embeddable":true,"href":"https:\/\/www.wma.net\/fr\/wp-json\/wp\/v2\/users\/3"}],"replies":[{"embeddable":true,"href":"https:\/\/www.wma.net\/fr\/wp-json\/wp\/v2\/comments?post=795"}],"version-history":[{"count":19,"href":"https:\/\/www.wma.net\/fr\/wp-json\/wp\/v2\/pages\/795\/revisions"}],"predecessor-version":[{"id":26228,"href":"https:\/\/www.wma.net\/fr\/wp-json\/wp\/v2\/pages\/795\/revisions\/26228"}],"up":[{"embeddable":true,"href":"https:\/\/www.wma.net\/fr\/wp-json\/wp\/v2\/pages\/791"}],"wp:attachment":[{"href":"https:\/\/www.wma.net\/fr\/wp-json\/wp\/v2\/media?parent=795"}],"curies":[{"name":"wp","href":"https:\/\/api.w.org\/{rel}","templated":true}]}}