{"id":782,"date":"2016-11-22T14:13:11","date_gmt":"2016-11-22T14:13:11","guid":{"rendered":"https:\/\/www.wma.net\/fr\/?page_id=782"},"modified":"2017-02-07T16:30:57","modified_gmt":"2017-02-07T16:30:57","slug":"officiels","status":"publish","type":"page","link":"https:\/\/www.wma.net\/fr\/qui-nous-sommes\/histoire-de-lamm\/officiels\/","title":{"rendered":"Officiels"},"content":{"rendered":"<table class=\"table table-striped\" cellspacing=\"0\" cellpadding=\"0\">\n<tbody>\n<tr>\n<td colspan=\"4\"><strong>Secr\u00e9taire G\u00e9n\u00e9ral de l&rsquo;AMM<\/strong><\/td>\n<\/tr>\n<tr>\n<td colspan=\"3\">Louis H. BAUER. USA<\/td>\n<td>1947-1961<\/td>\n<\/tr>\n<tr>\n<td colspan=\"3\">Heinz LORD, Germany<\/td>\n<td>1961<\/td>\n<\/tr>\n<tr>\n<td colspan=\"3\">H. S. GEAR, South Africa<\/td>\n<td>1961-1965<\/td>\n<\/tr>\n<tr>\n<td colspan=\"3\">A. Z. ROMUALDEZ, Philippines<\/td>\n<td>1965-1973<\/td>\n<\/tr>\n<tr>\n<td colspan=\"3\">Sir W. REFSHAUGE, Australia<\/td>\n<td>1973-1976<\/td>\n<\/tr>\n<tr>\n<td colspan=\"3\">Andr\u00e9 WYNEN, Belgium<\/td>\n<td>1976-1993<\/td>\n<\/tr>\n<tr>\n<td colspan=\"3\">Ian T. FIELD, U.K.<\/td>\n<td>1994-1997<\/td>\n<\/tr>\n<tr>\n<td colspan=\"3\">Delon HUMAN, South Africa<\/td>\n<td>1997-2004<\/td>\n<\/tr>\n<tr>\n<td colspan=\"3\">Otmar KLOIBER, Germany<\/td>\n<td>2005-<\/td>\n<\/tr>\n<tr>\n<td colspan=\"3\"><strong><br \/>\nR\u00e9dacteurs en Chef du journal m\u00e9dical mondial<\/strong><\/td>\n<td><\/td>\n<\/tr>\n<tr>\n<td colspan=\"3\">Morris FISHBEIN, USA<\/td>\n<td>1948-1953<\/td>\n<\/tr>\n<tr>\n<td colspan=\"3\">(Hon. Editor, World Medical Bullettin)<\/td>\n<td><\/td>\n<\/tr>\n<tr>\n<td colspan=\"3\">Austin SMITH, USA<\/td>\n<td>1953-1959<\/td>\n<\/tr>\n<tr>\n<td colspan=\"3\">Stanley GILDER, Scotland<\/td>\n<td>1959-1973<\/td>\n<\/tr>\n<tr>\n<td colspan=\"3\">Anthony WINK, UK<\/td>\n<td>1973-1986<\/td>\n<\/tr>\n<tr>\n<td colspan=\"3\">Ivan GILLIBRAND, UK<\/td>\n<td>1986-2003<\/td>\n<\/tr>\n<tr>\n<td colspan=\"3\">Alan Rowe, UK<\/td>\n<td>2004&#8211;2007 (Co-Editor from 2008-)<\/td>\n<\/tr>\n<tr>\n<td colspan=\"3\">Peteris APINIS, Latvia<\/td>\n<td>2008-<\/td>\n<\/tr>\n<tr>\n<td colspan=\"3\"><strong><br \/>\nAttach\u00e9s de presse<br \/>\n<\/strong><\/td>\n<td><\/td>\n<\/tr>\n<tr>\n<td colspan=\"3\">Nobody before 1981<\/td>\n<td><\/td>\n<\/tr>\n<tr>\n<td colspan=\"3\">Eric CYPRES, Belgium<\/td>\n<td>1981-1983<\/td>\n<\/tr>\n<tr>\n<td colspan=\"3\">Nobody in 1984<\/td>\n<td><\/td>\n<\/tr>\n<tr>\n<td colspan=\"3\">Toni RUBIN, Belgium<\/td>\n<td>1985-1994<\/td>\n<\/tr>\n<tr>\n<td colspan=\"3\">Nigel DUNCAN, UK<\/td>\n<td>1994-<\/td>\n<\/tr>\n<tr>\n<td colspan=\"3\"><strong>Conseiller juridique (General Counsel)<\/strong><\/td>\n<td><\/td>\n<\/tr>\n<tr>\n<td colspan=\"3\">Sharon Ostrowski, USA<\/td>\n<td>1995 &#8211; 2006<\/td>\n<\/tr>\n<tr>\n<td colspan=\"3\">Leah Wapner, Isra\u00ebl<\/td>\n<td>2006 &#8211; 2007<\/td>\n<\/tr>\n<tr>\n<td colspan=\"3\">Annabel Seebohm, Allemagne<\/td>\n<td>2007 &#8211; 2016<\/td>\n<\/tr>\n<tr>\n<td colspan=\"3\">Leah Wapner, Isra\u00ebl<\/td>\n<td>2016<\/td>\n<\/tr>\n<tr>\n<td colspan=\"3\">Marie Colgrave-Juge, France<\/td>\n<td>2016 &#8211;<\/td>\n<\/tr>\n<tr>\n<td colspan=\"3\"><\/td>\n<td><\/td>\n<\/tr>\n<\/tbody>\n<\/table>\n<p>&nbsp;<\/p>\n","protected":false},"excerpt":{"rendered":"<p>Secr\u00e9taire G\u00e9n\u00e9ral de l&rsquo;AMM Louis H. BAUER. USA 1947-1961 Heinz LORD, Germany 1961 H. S. GEAR, South Africa 1961-1965 A. Z. ROMUALDEZ, Philippines 1965-1973 Sir W. REFSHAUGE, Australia 1973-1976 Andr\u00e9 WYNEN, Belgium 1976-1993 Ian T. FIELD, U.K. 1994-1997 Delon HUMAN, South Africa 1997-2004 Otmar KLOIBER, Germany 2005- R\u00e9dacteurs en Chef du journal m\u00e9dical mondial Morris [&hellip;]<\/p>\n","protected":false},"author":3,"featured_media":0,"parent":770,"menu_order":3,"comment_status":"closed","ping_status":"closed","template":"","meta":[],"acf":[],"_links":{"self":[{"href":"https:\/\/www.wma.net\/fr\/wp-json\/wp\/v2\/pages\/782"}],"collection":[{"href":"https:\/\/www.wma.net\/fr\/wp-json\/wp\/v2\/pages"}],"about":[{"href":"https:\/\/www.wma.net\/fr\/wp-json\/wp\/v2\/types\/page"}],"author":[{"embeddable":true,"href":"https:\/\/www.wma.net\/fr\/wp-json\/wp\/v2\/users\/3"}],"replies":[{"embeddable":true,"href":"https:\/\/www.wma.net\/fr\/wp-json\/wp\/v2\/comments?post=782"}],"version-history":[{"count":4,"href":"https:\/\/www.wma.net\/fr\/wp-json\/wp\/v2\/pages\/782\/revisions"}],"predecessor-version":[{"id":5964,"href":"https:\/\/www.wma.net\/fr\/wp-json\/wp\/v2\/pages\/782\/revisions\/5964"}],"up":[{"embeddable":true,"href":"https:\/\/www.wma.net\/fr\/wp-json\/wp\/v2\/pages\/770"}],"wp:attachment":[{"href":"https:\/\/www.wma.net\/fr\/wp-json\/wp\/v2\/media?parent=782"}],"curies":[{"name":"wp","href":"https:\/\/api.w.org\/{rel}","templated":true}]}}