{"id":768,"date":"2016-11-22T14:10:55","date_gmt":"2016-11-22T14:10:55","guid":{"rendered":"https:\/\/www.wma.net\/fr\/?page_id=768"},"modified":"2025-07-28T14:56:51","modified_gmt":"2025-07-28T13:56:51","slug":"secretariat","status":"publish","type":"page","link":"https:\/\/www.wma.net\/fr\/qui-nous-sommes\/secretariat\/","title":{"rendered":"Secr\u00e9tariat"},"content":{"rendered":"<table class=\"table table-striped stack-table\">\n<thead>\n<tr>\n<th style=\"width: 25%;height: 5px\" width=\"20%\" height=\"5\"><\/th>\n<th style=\"width: 75%;height: 5px\" width=\"80%\" height=\"5\"><\/th>\n<\/tr>\n<\/thead>\n<tbody>\n<tr>\n<td><img loading=\"lazy\" class=\"alignnone wp-image-5218 size-thumbnail\" src=\"https:\/\/www.wma.net\/wp-content\/uploads\/2016\/11\/Otmar-Kloiber-150x150.jpg\" width=\"150\" height=\"150\" \/><\/td>\n<td>Dr. Otmar KLOIBER a \u00e9t\u00e9 nomm\u00e9 Secr\u00e9taire G\u00e9n\u00e9ral de l\u2019Association M\u00e9dicale Mondiale par le Conseil de l\u2019AMM en f\u00e9vrier 2005. Avant de rejoindre l\u2019AMM, le Dr. Kloiber \u00e9tait secr\u00e9taire g\u00e9n\u00e9ral adjoint de l\u2019Association M\u00e9dicale Allemande. Il dirige le secr\u00e9tariat, est responsable du personnel de l\u2019AMM et des activit\u00e9s de l\u2019AMM. Il assure le leadership au niveau international, \u00e9tablit la\u00a0\u00a0\u00a0 ligne strat\u00e9gique de l\u2019organisation et repr\u00e9sente l\u2019AMM aupr\u00e8s de ses membres, de la profession m\u00e9dicale, de la communaut\u00e9 internationale, des repr\u00e9sentants gouvernementaux, du milieu des affaires et du public.<\/td>\n<\/tr>\n<tr>\n<td><img loading=\"lazy\" class=\"alignnone wp-image-5215 size-thumbnail\" src=\"https:\/\/www.wma.net\/wp-content\/uploads\/2016\/11\/Julia-Tainijoki-Seyer-150x150.jpeg\" width=\"150\" height=\"150\" \/><\/td>\n<td>Dr Julia TAINIJOKI-SEYER pilote un ensemble de projets strat\u00e9giques au sein de l\u2019AMM qui vont des maladies infectieuses et non transmissibles au renforcement des syst\u00e8mes de sant\u00e9, \u00e0 la s\u00e9curit\u00e9 des patients, \u00e0 l\u2019acc\u00e8s \u00e0 des m\u00e9dicaments de qualit\u00e9 et aux d\u00e9terminants sociaux de la sant\u00e9. Dr Tainijoki-Seyer repr\u00e9sente l\u2019AMM aupr\u00e8s des organisations des NU dont l\u2019OMS et aupr\u00e8s d\u2019autres institutions internationales \u00e0 Gen\u00e8ve, en Suisse. Elle est en charge du Comit\u00e9 d\u2019Ethique M\u00e9dicale de l\u2019AMM. Dr Tainijoki-Seyer est m\u00e9decin g\u00e9n\u00e9raliste de formation, a exerc\u00e9 en Allemagne, en Grande Bretagne et en Suisse. Elle poss\u00e8de un Master\u00a0\u00a0 en \u00e9conomie et politique de la sant\u00e9 obtenue \u00e0 l\u2019universit\u00e9 Bocconi de Milan en Italie. Elle est \u00e9galement responsable du Secr\u00e9tariat de l\u2019Alliance Mondiale des Professions de Sant\u00e9 (AMPS) lorsque c\u2019est au tour de l\u2019AMM d\u2019assurer cette fonction, dans le cadre du syst\u00e8me d\u2019alternance \u00e9tabli par les membres de l\u2019AMPS.<\/td>\n<\/tr>\n<tr>\n<td><img loading=\"lazy\" class=\"alignnone wp-image-5212 size-thumbnail\" src=\"https:\/\/www.wma.net\/wp-content\/uploads\/2016\/11\/Clarisse-Delorme_V2-150x150.jpg\" width=\"150\" height=\"150\" \/><\/td>\n<td>Clarisse DELORME travaille en tant que Conseill\u00e8re principale en politiques. Clarisse est une juriste fran\u00e7aise sp\u00e9cialis\u00e9e en droit international et droits humains. Avant sa nomination \u00e0 l\u2019AMM, elle a travaill\u00e9 plus de dix ans \u00e0 Bruxelles en tant que lobbyiste pour la promotion des droits humains. Clarisse assure la liaison entre l\u2019AMM et l\u2019OMS, le Conseil des droits de l\u2019homme, le CICR et autres acteurs internationaux pertinents.\u00a0 Elle conduit le travail de\u00a0revendication de l\u2019AMM et du d\u00e9veloppement de ses politiques dans les domaines des droits humains, de la sant\u00e9 en situation d&rsquo;urgence, de la sant\u00e9 environnementale, de l&rsquo;\u00e9thique m\u00e9dicale et d&rsquo;autres domaines prioritaires dans le domaine de la sant\u00e9 publique. Clarisse agit \u00e9galement en qualit\u00e9 de d\u00e9l\u00e9gu\u00e9e \u00e0 la protection des donn\u00e9es (DPD) dans le cadre du respect du r\u00e8glement g\u00e9n\u00e9ral de l&rsquo;UE sur la protection des donn\u00e9es.<\/td>\n<\/tr>\n<tr>\n<td><img loading=\"lazy\" class=\"alignnone wp-image-5224 size-thumbnail\" src=\"https:\/\/www.wma.net\/wp-content\/uploads\/2016\/11\/Sunny-Park-150x150.jpg\" width=\"150\" height=\"150\" \/><\/td>\n<td>Yoonsun PARK (Sunny), responsable op\u00e9rationnelle, est en charge du planning g\u00e9n\u00e9ral et de l\u2019ex\u00e9cution du travail quotidien de l\u2019organisation. Avant de rejoindre l&rsquo;AMM en 2007, Sunny dirigeait le bureau international de l\u2019Association M\u00e9dicale Cor\u00e9enne. Elle est responsable de la comptabilit\u00e9, participe \u00e0 l\u2019\u00e9tablissement des rapports financiers\u00a0et coordonne \u00e9galement le planning des r\u00e9unions.\u00a0\u00a0 Sunny est en charge du Comit\u00e9 des Finances et du Planning.<\/td>\n<\/tr>\n<tr>\n<td><img loading=\"lazy\" class=\"alignnone wp-image-8603 \" src=\"https:\/\/www.wma.net\/wp-content\/uploads\/2016\/11\/1960853_10204661657198758_1843546939620482482_o-289x300.jpg\" alt=\"\" width=\"152\" height=\"158\" srcset=\"https:\/\/www.wma.net\/wp-content\/uploads\/2016\/11\/1960853_10204661657198758_1843546939620482482_o-289x300.jpg 289w, https:\/\/www.wma.net\/wp-content\/uploads\/2016\/11\/1960853_10204661657198758_1843546939620482482_o-768x796.jpg 768w, https:\/\/www.wma.net\/wp-content\/uploads\/2016\/11\/1960853_10204661657198758_1843546939620482482_o-988x1024.jpg 988w, https:\/\/www.wma.net\/wp-content\/uploads\/2016\/11\/1960853_10204661657198758_1843546939620482482_o.jpg 1120w\" sizes=\"(max-width: 152px) 100vw, 152px\" \/><\/td>\n<td>Magda MIHAILA est la responsable de la communication et de l\u2019information de l\u2019AMM. Elle a travaill\u00e9 pour diverses organisations publiques et priv\u00e9es de Roumanie, de France et de Belgique apr\u00e8s avoir obtenu sa ma\u00eetrise. Son r\u00f4le est d\u2019aider \u00e0 l\u2019\u00e9laboration et \u00e0 la mise en \u0153uvre de la strat\u00e9gie de communication et de relations publiques de l\u2019AMM tout en \u00e9tant responsable de la pr\u00e9sence de l\u2019Association sur les m\u00e9dias sociaux et le site web. Elle est \u00e9galement responsable des Membres associ\u00e9s de l\u2019AMM.<\/td>\n<\/tr>\n<tr>\n<td><img loading=\"lazy\" class=\"alignnone wp-image-25007\" src=\"https:\/\/www.wma.net\/wp-content\/uploads\/2025\/07\/7347959A-9FF4-4C10-A0D3-EA3611B7B792-297x300.png\" alt=\"\" width=\"146\" height=\"147\" srcset=\"https:\/\/www.wma.net\/wp-content\/uploads\/2025\/07\/7347959A-9FF4-4C10-A0D3-EA3611B7B792-297x300.png 297w, https:\/\/www.wma.net\/wp-content\/uploads\/2025\/07\/7347959A-9FF4-4C10-A0D3-EA3611B7B792-150x150.png 150w, https:\/\/www.wma.net\/wp-content\/uploads\/2025\/07\/7347959A-9FF4-4C10-A0D3-EA3611B7B792-768x776.png 768w, https:\/\/www.wma.net\/wp-content\/uploads\/2025\/07\/7347959A-9FF4-4C10-A0D3-EA3611B7B792.png 792w\" sizes=\"(max-width: 146px) 100vw, 146px\" \/><\/td>\n<td>Roderic DENNETT est le traducteur espagnol de l&rsquo;AMM. Roderic traduit tous les documents et les politiques ainsi que la correspondance avec les membres et les autres institutions ou personnes hispanophones. Roderic est aussi responsable du lieu et des pr\u00e9paratifs pour les r\u00e9unions statuaires de l\u2019AMM.<\/td>\n<\/tr>\n<tr>\n<td><img loading=\"lazy\" class=\"alignnone wp-image-24785 size-thumbnail\" src=\"https:\/\/www.wma.net\/wp-content\/uploads\/2025\/05\/1100A973-2D8C-4FFD-8F7E-0E2CF15A4AFB_1_201_a-150x150.jpeg\" alt=\"\" width=\"150\" height=\"150\" \/><\/td>\n<td>Anne-Marie DELAGE (Anna) est en charge du secr\u00e9tariat de l\u2019AMM. Elle s\u2019occupe de la communication et de la correspondance en g\u00e9n\u00e9ral, des t\u00e2ches li\u00e9es \u00e0 la bonne marche du bureau et d\u2019autres dossiers administratifs. Elle assiste le responsable op\u00e9rationnel et le Secr\u00e9taire G\u00e9n\u00e9ral au niveau de la comptabilit\u00e9. Anna participe \u00e9galement \u00e0 l\u2019organisation des r\u00e9unions et des conf\u00e9rences.<\/td>\n<\/tr>\n<tr>\n<td><img loading=\"lazy\" class=\"alignnone wp-image-16379 size-thumbnail\" src=\"https:\/\/www.wma.net\/wp-content\/uploads\/2021\/06\/image002-150x150.jpg\" alt=\"\" width=\"150\" height=\"150\" \/><\/td>\n<td>Marie FERREIRA DE OLIVEIRA est responsable des services techniques et g\u00e9n\u00e9raux de l&rsquo;AMM.\u00a0 Elle g\u00e8re les projets techniques au sein de l&rsquo;organisation, supervise la maintenance des locaux et les relations avec nos locataires et prestataires. Elle assiste \u00e9galement les membres associ\u00e9s de l&rsquo;association. Avant de rejoindre l&rsquo;AMM en mai 2021, Marie a travaill\u00e9 comme coordinatrice commerciale dans un h\u00f4tel cinq \u00e9toiles en France.<\/td>\n<\/tr>\n<tr>\n<td><img loading=\"lazy\" class=\"wp-image-16439 size-thumbnail\" src=\"https:\/\/www.wma.net\/wp-content\/uploads\/2021\/06\/Marielle-Guirlet_202106_2176-150x150.jpg\" alt=\"\" width=\"150\" height=\"150\" \/><\/td>\n<td>\n<p style=\"font-weight: 400\">Marielle GUIRLET est responsable des archives \u00e9lectroniques et papier de l\u2019AMM. Titulaire d\u2019un Master en Sciences de la Terre et d\u2019un doctorat en sciences de l\u2019atmosph\u00e8re, elle a travaill\u00e9 pour la recherche acad\u00e9mique, la R&amp;D ainsi que dans le domaine de la communication scientifique, en France, au Royaume-Uni et en Suisse. Plus r\u00e9cemment, elle a \u00e9galement obtenu un Master en Sciences de l\u2019Information. Pr\u00e9c\u00e9demment consultante pour l\u2019AMM depuis 2014, elle y travaille maintenant \u00e0 temps partiel depuis mai 2021. En tant que coordinatrice responsable des archives de l\u2019AMM, elle g\u00e8re les documents d\u2019archives et la base de donn\u00e9es des archives officielles et historiques. Elle r\u00e9pond aux demandes relatives \u00e0 ces documents faites par les membres de l\u2019organisation. Elle contribue \u00e9galement \u00e0 la mise \u00e0 jour des documents officiels de r\u00e9unions.<\/p>\n<\/td>\n<\/tr>\n<tr>\n<td><img loading=\"lazy\" class=\"alignnone size-thumbnail wp-image-5549\" src=\"https:\/\/www.wma.net\/wp-content\/uploads\/2016\/11\/Radhia-Smaali-150x150.jpg\" alt=\"\" width=\"150\" height=\"150\" \/><\/td>\n<td>Radhia Smaali. Radhia travaille \u00e0 temps partiel pour l\u2019AMM et s\u2019occupe de l\u2019entretien des bureaux.<\/td>\n<\/tr>\n<\/tbody>\n<\/table>\n<p>&nbsp;<\/p>\n","protected":false},"excerpt":{"rendered":"<p>Dr. Otmar KLOIBER a \u00e9t\u00e9 nomm\u00e9 Secr\u00e9taire G\u00e9n\u00e9ral de l\u2019Association M\u00e9dicale Mondiale par le Conseil de l\u2019AMM en f\u00e9vrier 2005. Avant de rejoindre l\u2019AMM, le Dr. Kloiber \u00e9tait secr\u00e9taire g\u00e9n\u00e9ral adjoint de l\u2019Association M\u00e9dicale Allemande. Il dirige le secr\u00e9tariat, est responsable du personnel de l\u2019AMM et des activit\u00e9s de l\u2019AMM. Il assure le leadership au [&hellip;]<\/p>\n","protected":false},"author":3,"featured_media":0,"parent":757,"menu_order":4,"comment_status":"closed","ping_status":"closed","template":"","meta":[],"acf":[],"_links":{"self":[{"href":"https:\/\/www.wma.net\/fr\/wp-json\/wp\/v2\/pages\/768"}],"collection":[{"href":"https:\/\/www.wma.net\/fr\/wp-json\/wp\/v2\/pages"}],"about":[{"href":"https:\/\/www.wma.net\/fr\/wp-json\/wp\/v2\/types\/page"}],"author":[{"embeddable":true,"href":"https:\/\/www.wma.net\/fr\/wp-json\/wp\/v2\/users\/3"}],"replies":[{"embeddable":true,"href":"https:\/\/www.wma.net\/fr\/wp-json\/wp\/v2\/comments?post=768"}],"version-history":[{"count":19,"href":"https:\/\/www.wma.net\/fr\/wp-json\/wp\/v2\/pages\/768\/revisions"}],"predecessor-version":[{"id":25013,"href":"https:\/\/www.wma.net\/fr\/wp-json\/wp\/v2\/pages\/768\/revisions\/25013"}],"up":[{"embeddable":true,"href":"https:\/\/www.wma.net\/fr\/wp-json\/wp\/v2\/pages\/757"}],"wp:attachment":[{"href":"https:\/\/www.wma.net\/fr\/wp-json\/wp\/v2\/media?parent=768"}],"curies":[{"name":"wp","href":"https:\/\/api.w.org\/{rel}","templated":true}]}}