{"id":766,"date":"2016-11-22T14:10:26","date_gmt":"2016-11-22T14:10:26","guid":{"rendered":"https:\/\/www.wma.net\/fr\/?page_id=766"},"modified":"2026-03-25T13:22:06","modified_gmt":"2026-03-25T13:22:06","slug":"conseillers-officiels","status":"publish","type":"page","link":"https:\/\/www.wma.net\/fr\/qui-nous-sommes\/conseillers-officiels\/","title":{"rendered":"Conseillers Officiels (2025-2026)"},"content":{"rendered":"\r\n<h2>Comit\u00e9 d\u2019\u00e9thique m\u00e9dicale<\/h2>\r\n<table width=\"652\">\r\n<tbody>\r\n<tr>\r\n<td width=\"312\">\r\n<p>Confederaci\u00f3n M\u00e9dica de la R\u00e9p\u00fablica Argentina<\/p>\r\n<\/td>\r\n<td width=\"340\">\r\n<p>Dr Jorge Alberto CORONEL<\/p>\r\n<\/td>\r\n<\/tr>\r\n<tr>\r\n<td width=\"312\">\r\n<p>Chinese Medical Association<\/p>\r\n<\/td>\r\n<td width=\"340\">\r\n<p>Dr Chunqi LIANG<\/p>\r\n<\/td>\r\n<\/tr>\r\n<tr>\r\n<td width=\"312\">\r\n<p>Chinese Medical Association<\/p>\r\n<\/td>\r\n<td width=\"340\">\r\n<p>Prof. Yali CONG<\/p>\r\n<\/td>\r\n<\/tr>\r\n<tr>\r\n<td width=\"312\">\r\n<p>Chinese Medical Association<\/p>\r\n<\/td>\r\n<td width=\"340\">\r\n<p>Prof. Junrong LIU<\/p>\r\n<\/td>\r\n<\/tr>\r\n<tr>\r\n<td width=\"312\">\r\n<p>Chinese Medical Association<\/p>\r\n<\/td>\r\n<td width=\"340\">\r\n<p>Prof. Haibo WANG<\/p>\r\n<\/td>\r\n<\/tr>\r\n<tr>\r\n<td width=\"312\">\r\n<p>Danish Medical Assocation<\/p>\r\n<\/td>\r\n<td width=\"340\">\r\n<p>Dr Torben BUSE<\/p>\r\n<\/td>\r\n<\/tr>\r\n<tr>\r\n<td width=\"312\">\r\n<p>Danish Medical Association<\/p>\r\n<\/td>\r\n<td width=\"340\">\r\n<p>Dr Camilla RATHCKE<\/p>\r\n<\/td>\r\n<\/tr>\r\n<tr>\r\n<td width=\"312\">\r\n<p>Danish Medical Association<\/p>\r\n<\/td>\r\n<td width=\"340\">\r\n<p>Dr Klaus KLAUSEN<\/p>\r\n<\/td>\r\n<\/tr>\r\n<tr>\r\n<td width=\"312\">\r\n<p>Danish Medical Association<\/p>\r\n<\/td>\r\n<td width=\"340\">\r\n<p>Dr Mette TOUBORG-HEYDENREICH<\/p>\r\n<\/td>\r\n<\/tr>\r\n<tr>\r\n<td width=\"312\">\r\n<p>Danish Medical Association<\/p>\r\n<\/td>\r\n<td width=\"340\">\r\n<p>Mr Jeppe Berggreen H\u01feJ<\/p>\r\n<\/td>\r\n<\/tr>\r\n<tr>\r\n<td width=\"312\">\r\n<p>Danish Medical Association<\/p>\r\n<\/td>\r\n<td width=\"340\">\r\n<p>Dr Katrine KRAUSE-JENSEN<\/p>\r\n<\/td>\r\n<\/tr>\r\n<tr>\r\n<td width=\"312\">\r\n<p>Finnish Medical Association<\/p>\r\n<\/td>\r\n<td width=\"340\">\r\n<p>Dr Niina KOIVUVIITA<\/p>\r\n<\/td>\r\n<\/tr>\r\n<tr>\r\n<td width=\"312\">\r\n<p>CNOM-France<\/p>\r\n<\/td>\r\n<td width=\"340\">\r\n<p>Dr Yoanna GARNIER<\/p>\r\n<\/td>\r\n<\/tr>\r\n<tr>\r\n<td width=\"312\">\r\n<p>German Medical Association<\/p>\r\n<\/td>\r\n<td width=\"340\">\r\n<p>Dr Ramin PARSA-PARSI<\/p>\r\n<\/td>\r\n<\/tr>\r\n<tr>\r\n<td width=\"312\">\r\n<p>German Medical Association<\/p>\r\n<\/td>\r\n<td width=\"340\">\r\n<p>Dr Domen PODNAR<\/p>\r\n<\/td>\r\n<\/tr>\r\n<tr>\r\n<td width=\"312\">\r\n<p>German Medical Association<\/p>\r\n<\/td>\r\n<td width=\"340\">\r\n<p>Prof. Urban WIESING<\/p>\r\n<\/td>\r\n<\/tr>\r\n<tr>\r\n<td width=\"312\">\r\n<p>Kenya Medical Association<\/p>\r\n<\/td>\r\n<td width=\"340\">\r\n<p>Dr Diana MARION<\/p>\r\n<\/td>\r\n<\/tr>\r\n<tr>\r\n<td width=\"312\">\r\n<p>Malaysian Medical Association<\/p>\r\n<\/td>\r\n<td width=\"340\">\r\n<p>Dato Dr Kalwinder Singh KHAIRA<\/p>\r\n<\/td>\r\n<\/tr>\r\n<tr>\r\n<td width=\"312\">\r\n<p>Royal Dutch Medical Association<\/p>\r\n<\/td>\r\n<td width=\"340\">\r\n<p>Ms Krista TROMP<\/p>\r\n<\/td>\r\n<\/tr>\r\n<tr>\r\n<td width=\"312\">\r\n<p>Royal Dutch Medical Association<\/p>\r\n<\/td>\r\n<td width=\"340\">\r\n<p>Ms Antina de JONG<\/p>\r\n<\/td>\r\n<\/tr>\r\n<tr>\r\n<td width=\"312\">\r\n<p>Norwegian Medical Association<\/p>\r\n<\/td>\r\n<td width=\"340\">\r\n<p>Mr Axel R\u00d8D<\/p>\r\n<\/td>\r\n<\/tr>\r\n<tr>\r\n<td width=\"312\">\r\n<p>Norwegian Medical Association<\/p>\r\n<\/td>\r\n<td width=\"340\">\r\n<p>Dr Anne-Karin RIME<\/p>\r\n<\/td>\r\n<\/tr>\r\n<tr>\r\n<td width=\"312\">\r\n<p>Norwegian Medical Association<\/p>\r\n<\/td>\r\n<td width=\"340\">\r\n<p>Dr Siri SKUMLIEN<\/p>\r\n<\/td>\r\n<\/tr>\r\n<tr>\r\n<td width=\"312\">\r\n<p>Norwegian Medical Association<\/p>\r\n<\/td>\r\n<td width=\"340\">\r\n<p>Dr Tilde Broch \u00d8stborg<\/p>\r\n<\/td>\r\n<\/tr>\r\n<tr>\r\n<td width=\"312\">\r\n<p>Ordem dos M\u00e9dicos (Portugal)<\/p>\r\n<\/td>\r\n<td width=\"340\">\r\n<p>Dr Alberto CALDAS AFONSO<\/p>\r\n<\/td>\r\n<\/tr>\r\n<tr>\r\n<td width=\"312\">\r\n<p>Rwanda Medical Association<\/p>\r\n<\/td>\r\n<td width=\"340\">\r\n<p>Dr Claude NSABIMANA<\/p>\r\n<\/td>\r\n<\/tr>\r\n<tr>\r\n<td width=\"312\">\r\n<p>Serbian Medical Chamber<\/p>\r\n<\/td>\r\n<td width=\"340\">\r\n<p>Dr Milan DINIC<\/p>\r\n<\/td>\r\n<\/tr>\r\n<tr>\r\n<td width=\"312\">\r\n<p>Slovak Medical Association<\/p>\r\n<\/td>\r\n<td width=\"340\">\r\n<p>Prof. Jozef GLASA<\/p>\r\n<\/td>\r\n<\/tr>\r\n<tr>\r\n<td width=\"312\">\r\n<p>CGCOM (Spain)<\/p>\r\n<\/td>\r\n<td width=\"340\">\r\n<p>Dr Jos\u00e9 DOMINGUEZ<\/p>\r\n<\/td>\r\n<\/tr>\r\n<tr>\r\n<td width=\"312\">\r\n<p>Swedish Medical Association<\/p>\r\n<\/td>\r\n<td width=\"340\">\r\n<p>Dr Sofia RYDGREN STALE<\/p>\r\n<\/td>\r\n<\/tr>\r\n<tr>\r\n<td width=\"312\">\r\n<p>Swedish Medical Association<\/p>\r\n<\/td>\r\n<td width=\"340\">\r\n<p>Mr Tomas HEDMARK<\/p>\r\n<\/td>\r\n<\/tr>\r\n<tr>\r\n<td width=\"312\">\r\n<p>Taiwan Medical Association<\/p>\r\n<\/td>\r\n<td width=\"340\">\r\n<p>Dr Brian CHANG<\/p>\r\n<\/td>\r\n<\/tr>\r\n<tr>\r\n<td width=\"312\">\r\n<p>Turkish Medical Association<\/p>\r\n<\/td>\r\n<td width=\"340\">\r\n<p>Dr Murat CIVANER<\/p>\r\n<\/td>\r\n<\/tr>\r\n<tr>\r\n<td width=\"312\">\r\n<p>American Medical Association<\/p>\r\n<\/td>\r\n<td width=\"340\">\r\n<p>Dr Bobby MUKKAMALA<\/p>\r\n<\/td>\r\n<\/tr>\r\n<tr>\r\n<td width=\"312\">\r\n<p>American Medical Association<\/p>\r\n<\/td>\r\n<td width=\"340\">\r\n<p>Ms Elizabeth LAROCCA<\/p>\r\n<\/td>\r\n<\/tr>\r\n<tr>\r\n<td width=\"312\">\r\n<p>American Medical Association<\/p>\r\n<\/td>\r\n<td width=\"340\">\r\n<p>Ms Hannah LONGSTAFF<\/p>\r\n<\/td>\r\n<\/tr>\r\n<tr>\r\n<td width=\"312\">\r\n<p>Sindicato M\u00e9dico del Uruguay<\/p>\r\n<\/td>\r\n<td width=\"340\">\r\n<p>Dr Gerardo EGUREN<\/p>\r\n<\/td>\r\n<\/tr>\r\n<tr>\r\n<td width=\"312\">\r\n<p>Sindicato M\u00e9dico del Uruguay<\/p>\r\n<\/td>\r\n<td width=\"340\">\r\n<p>Dr Alarico RODRIGUEZ de LE\u00d3N<\/p>\r\n<\/td>\r\n<\/tr>\r\n<tr>\r\n<td width=\"312\">\r\n<p>Sindicato M\u00e9dico del Uruguay<\/p>\r\n<\/td>\r\n<td width=\"340\">\r\n<p>Dr Alvaro DENDI<\/p>\r\n<\/td>\r\n<\/tr>\r\n<\/tbody>\r\n<\/table>\r\n<h2>Comit\u00e9 des Finances et Planning<\/h2>\r\n<table width=\"652\">\r\n<tbody>\r\n<tr>\r\n<td width=\"312\">\r\n<p>Chinese Medical Association<\/p>\r\n<\/td>\r\n<td width=\"340\">\r\n<p>Prof. Jiao LI<\/p>\r\n<\/td>\r\n<\/tr>\r\n<tr>\r\n<td width=\"312\">\r\n<p>Chinese Medical Association<\/p>\r\n<\/td>\r\n<td width=\"340\">\r\n<p>Dr Yaling ZHAO<\/p>\r\n<\/td>\r\n<\/tr>\r\n<tr>\r\n<td width=\"312\">\r\n<p>Chinese Medical Association<\/p>\r\n<\/td>\r\n<td width=\"340\">\r\n<p>Dr Qinglong MENG<\/p>\r\n<\/td>\r\n<\/tr>\r\n<tr>\r\n<td width=\"312\">\r\n<p>Chinese Medical Association<\/p>\r\n<\/td>\r\n<td width=\"340\">\r\n<p>Dr Hui YIN<\/p>\r\n<\/td>\r\n<\/tr>\r\n<tr>\r\n<td width=\"312\">\r\n<p>Danish Medical Association<\/p>\r\n<\/td>\r\n<td width=\"340\">\r\n<p>Dr Torben BUSE<\/p>\r\n<\/td>\r\n<\/tr>\r\n<tr>\r\n<td width=\"312\">\r\n<p>Danish Medical Association<\/p>\r\n<\/td>\r\n<td width=\"340\">\r\n<p>Dr Camilla RATHCKE<\/p>\r\n<\/td>\r\n<\/tr>\r\n<tr>\r\n<td width=\"312\">\r\n<p>Danish Medical Association<\/p>\r\n<\/td>\r\n<td width=\"340\">\r\n<p>Dr Klaus Peder KLAUSEN<\/p>\r\n<\/td>\r\n<\/tr>\r\n<tr>\r\n<td width=\"312\">\r\n<p>Danish Medical Association<\/p>\r\n<\/td>\r\n<td width=\"340\">\r\n<p>Dr Mette TOUBORG-HEYDENREICH<\/p>\r\n<\/td>\r\n<\/tr>\r\n<tr>\r\n<td width=\"312\">\r\n<p>Danish Medical Association<\/p>\r\n<\/td>\r\n<td width=\"340\">\r\n<p>Mr Jeppe Berggreen H\u00d8J<\/p>\r\n<\/td>\r\n<\/tr>\r\n<tr>\r\n<td width=\"312\">\r\n<p>Danish Medical Association<\/p>\r\n<\/td>\r\n<td width=\"340\">\r\n<p>Dr Katrine KRAUSE-JENSEN<\/p>\r\n<\/td>\r\n<\/tr>\r\n<tr>\r\n<td width=\"312\">\r\n<p>Finnish Medical Association<\/p>\r\n<\/td>\r\n<td width=\"340\">\r\n<p>Dr Niina KOIVUVIITA<\/p>\r\n<\/td>\r\n<\/tr>\r\n<tr>\r\n<td width=\"312\">\r\n<p>CNOM-France<\/p>\r\n<\/td>\r\n<td width=\"340\">\r\n<p>Dr Yoanna GARNIER<\/p>\r\n<\/td>\r\n<\/tr>\r\n<tr>\r\n<td width=\"312\">\r\n<p>German Medical Association<\/p>\r\n<\/td>\r\n<td width=\"340\">\r\n<p>Dr Ramin PARSA-PARSI<\/p>\r\n<\/td>\r\n<\/tr>\r\n<tr>\r\n<td width=\"312\">\r\n<p>German Medical Association<\/p>\r\n<\/td>\r\n<td width=\"340\">\r\n<p>Mr Domen PODNAR<\/p>\r\n<\/td>\r\n<\/tr>\r\n<tr>\r\n<td width=\"312\">\r\n<p>Kenya Medical Associatioin<\/p>\r\n<\/td>\r\n<td width=\"340\">\r\n<p>Dr Lyndah KEMUNTO<\/p>\r\n<\/td>\r\n<\/tr>\r\n<tr>\r\n<td width=\"312\">\r\n<p>Malaysian Medical Association<\/p>\r\n<\/td>\r\n<td width=\"340\">\r\n<p>Dr Sivanaesan LETCHUMANAN<\/p>\r\n<\/td>\r\n<\/tr>\r\n<tr>\r\n<td width=\"312\">\r\n<p>Norwegian Medical Association<\/p>\r\n<\/td>\r\n<td width=\"340\">\r\n<p>Mr Axel R\u00d8D<\/p>\r\n<\/td>\r\n<\/tr>\r\n<tr>\r\n<td width=\"312\">\r\n<p>Norwegian Medical Association<\/p>\r\n<\/td>\r\n<td width=\"340\">\r\n<p>Dr Anne-Karin RIME<\/p>\r\n<\/td>\r\n<\/tr>\r\n<tr>\r\n<td width=\"312\">\r\n<p>Norwegian Medical Association<\/p>\r\n<\/td>\r\n<td width=\"340\">\r\n<p>Dr Siri SKUMLIEN<\/p>\r\n<\/td>\r\n<\/tr>\r\n<tr>\r\n<td width=\"312\">\r\n<p>Norwegian Medical Association<\/p>\r\n<\/td>\r\n<td width=\"340\">\r\n<p>Dr Svein AARSETH<\/p>\r\n<\/td>\r\n<\/tr>\r\n<tr>\r\n<td width=\"312\">\r\n<p>Rwanda Medical Association<\/p>\r\n<\/td>\r\n<td width=\"340\">\r\n<p>Dr David NTIRUSHWA<\/p>\r\n<\/td>\r\n<\/tr>\r\n<tr>\r\n<td width=\"312\">\r\n<p>Serbian Medical Chamber<\/p>\r\n<\/td>\r\n<td width=\"340\">\r\n<p>Dr Danilo JEREMIC<\/p>\r\n<\/td>\r\n<\/tr>\r\n<tr>\r\n<td width=\"312\">\r\n<p>American Medical Association<\/p>\r\n<\/td>\r\n<td width=\"340\">\r\n<p>Dr Bobby MUKKAMALA<\/p>\r\n<\/td>\r\n<\/tr>\r\n<tr>\r\n<td width=\"312\">\r\n<p>American Medical Association<\/p>\r\n<\/td>\r\n<td width=\"340\">\r\n<p>Ms Elizabeth LAROCCA<\/p>\r\n<\/td>\r\n<\/tr>\r\n<tr>\r\n<td width=\"312\">\r\n<p>American Medical Association<\/p>\r\n<\/td>\r\n<td width=\"340\">\r\n<p>Ms Hannah LONGSTAFF<\/p>\r\n<\/td>\r\n<\/tr>\r\n<tr>\r\n<td width=\"312\">\r\n<p>Sindicato M\u00e9dico del Uruguay<\/p>\r\n<\/td>\r\n<td width=\"340\">\r\n<p>Dr \u00c1lvaro MOREIRA<\/p>\r\n<\/td>\r\n<\/tr>\r\n<tr>\r\n<td width=\"312\">\r\n<p>Sindicato M\u00e9dico del Uruguay<\/p>\r\n<\/td>\r\n<td width=\"340\">\r\n<p>Dr Daniela LOPEZ<\/p>\r\n<\/td>\r\n<\/tr>\r\n<tr>\r\n<td width=\"312\">\r\n<p>Sindicato M\u00e9dico del Uruguay<\/p>\r\n<\/td>\r\n<td width=\"340\">\r\n<p>Dr Eduardo FIGUEREDO<\/p>\r\n<\/td>\r\n<\/tr>\r\n<tr>\r\n<td width=\"312\">\r\n<p>Sindicato M\u00e9dico del Uruguay<\/p>\r\n<\/td>\r\n<td width=\"340\">\r\n<p>Dr Zaida ARTETA<\/p>\r\n<\/td>\r\n<\/tr>\r\n<tr>\r\n<td width=\"312\">\r\n<p>Swedish Medical Association<\/p>\r\n<\/td>\r\n<td width=\"340\">\r\n<p>Dr Sofia RYDGREN STALE<\/p>\r\n<\/td>\r\n<\/tr>\r\n<tr>\r\n<td width=\"312\">\r\n<p>Swedish Medical Association<\/p>\r\n<\/td>\r\n<td width=\"340\">\r\n<p>Mr Tomas HEDMARK<\/p>\r\n<\/td>\r\n<\/tr>\r\n<tr>\r\n<td width=\"312\">\r\n<p>Taiwan Medical Association<\/p>\r\n<\/td>\r\n<td width=\"340\">\r\n<p>Dr Yung-Tung WU<\/p>\r\n<\/td>\r\n<\/tr>\r\n<tr>\r\n<td width=\"312\">\r\n<p>British Medical Association<\/p>\r\n<\/td>\r\n<td width=\"340\">\r\n<p>Ms Mercedes Broadbent<\/p>\r\n<\/td>\r\n<\/tr>\r\n<\/tbody>\r\n<\/table>\r\n<h2>Comit\u00e9 des Affaires M\u00e9dico-Sociales<\/h2>\r\n<table width=\"652\">\r\n<tbody>\r\n<tr>\r\n<td width=\"312\">\r\n<p>Confederaci\u00f3n M\u00e9dica de la R\u00e9p\u00fablica Argentina<\/p>\r\n<\/td>\r\n<td width=\"340\">\r\n<p>Dr Jorge Alberto CORONEL<\/p>\r\n<\/td>\r\n<\/tr>\r\n<tr>\r\n<td width=\"312\">\r\n<p>Brasilian Medical Association<\/p>\r\n<\/td>\r\n<td width=\"340\">\r\n<p>Dr Miguel MORETTI<\/p>\r\n<\/td>\r\n<\/tr>\r\n<tr>\r\n<td width=\"312\">\r\n<p>Brasilian Medical Association<\/p>\r\n<\/td>\r\n<td width=\"340\">\r\n<p>Dr Marcelo Henrique MOREIRA<\/p>\r\n<\/td>\r\n<\/tr>\r\n<tr>\r\n<td width=\"312\">\r\n<p>Chinese Medical Association<\/p>\r\n<\/td>\r\n<td width=\"340\">\r\n<p>Prof. Guangcai DUAN<\/p>\r\n<\/td>\r\n<\/tr>\r\n<tr>\r\n<td width=\"312\">\r\n<p>Chinese Medical Association<\/p>\r\n<\/td>\r\n<td width=\"340\">\r\n<p>Prof. Huawen LIU<\/p>\r\n<\/td>\r\n<\/tr>\r\n<tr>\r\n<td width=\"312\">\r\n<p>Chinese Medical Association<\/p>\r\n<\/td>\r\n<td width=\"340\">\r\n<p>Prof. Chen MAO<\/p>\r\n<\/td>\r\n<\/tr>\r\n<tr>\r\n<td width=\"312\">\r\n<p>Chinese Medical Association<\/p>\r\n<\/td>\r\n<td width=\"340\">\r\n<p>Dr Weili ZHAO<\/p>\r\n<\/td>\r\n<\/tr>\r\n<tr>\r\n<td width=\"312\">\r\n<p>Danish Medical Assocation<\/p>\r\n<\/td>\r\n<td width=\"340\">\r\n<p>Dr Torben BUSE<\/p>\r\n<\/td>\r\n<\/tr>\r\n<tr>\r\n<td width=\"312\">\r\n<p>Danish Medical Association<\/p>\r\n<\/td>\r\n<td width=\"340\">\r\n<p>Dr Camilla RATHCKE<\/p>\r\n<\/td>\r\n<\/tr>\r\n<tr>\r\n<td width=\"312\">\r\n<p>Danish Medical Association<\/p>\r\n<\/td>\r\n<td width=\"340\">\r\n<p>Dr Klaus Peder KLAUSEN<\/p>\r\n<\/td>\r\n<\/tr>\r\n<tr>\r\n<td width=\"312\">\r\n<p>Danish Medical Association<\/p>\r\n<\/td>\r\n<td width=\"340\">\r\n<p>Dr Mette TOUBORG-HEYDENREICH<\/p>\r\n<\/td>\r\n<\/tr>\r\n<tr>\r\n<td width=\"312\">\r\n<p>Danish Medical Association<\/p>\r\n<\/td>\r\n<td width=\"340\">\r\n<p>Mr Jeppe Berggreen H\u00d8J<\/p>\r\n<\/td>\r\n<\/tr>\r\n<tr>\r\n<td width=\"312\">\r\n<p>Danish Medical Association<\/p>\r\n<\/td>\r\n<td width=\"340\">\r\n<p>Dr Katrine KRAUSE-JENSEN<\/p>\r\n<\/td>\r\n<\/tr>\r\n<tr>\r\n<td width=\"312\">\r\n<p>Finnish Medical Association<\/p>\r\n<\/td>\r\n<td width=\"340\">\r\n<p>Dr Niina KOIVUVIITA<\/p>\r\n<\/td>\r\n<\/tr>\r\n<tr>\r\n<td width=\"312\">\r\n<p>CNOM-France<\/p>\r\n<\/td>\r\n<td width=\"340\">\r\n<p>Dr Yoanna GARNIER<\/p>\r\n<\/td>\r\n<\/tr>\r\n<tr>\r\n<td width=\"312\">\r\n<p>German Medical Association<\/p>\r\n<\/td>\r\n<td width=\"340\">\r\n<p>Dr Ramin PARSA-PARSI<\/p>\r\n<\/td>\r\n<\/tr>\r\n<tr>\r\n<td width=\"312\">\r\n<p>German Medical Association<\/p>\r\n<\/td>\r\n<td width=\"340\">\r\n<p>Mr Domen PODNAR<\/p>\r\n<\/td>\r\n<\/tr>\r\n<tr>\r\n<td width=\"312\">\r\n<p>Kenya Medical Association<\/p>\r\n<\/td>\r\n<td width=\"340\">\r\n<p>Dr Brenda OBONDO<\/p>\r\n<\/td>\r\n<\/tr>\r\n<tr>\r\n<td width=\"312\">\r\n<p>Malaysian Medical Association<\/p>\r\n<\/td>\r\n<td width=\"340\">\r\n<p>Datuk Dr Thirunavukarasu RAJOO<\/p>\r\n<\/td>\r\n<\/tr>\r\n<tr>\r\n<td width=\"312\">\r\n<p>Royal Dutch Medical Association<\/p>\r\n<\/td>\r\n<td width=\"340\">\r\n<p>Ms Krista TROMP<\/p>\r\n<\/td>\r\n<\/tr>\r\n<tr>\r\n<td width=\"312\">\r\n<p>Royal Dutch Medical Association<\/p>\r\n<\/td>\r\n<td width=\"340\">\r\n<p>Ms Antina de JONG<\/p>\r\n<\/td>\r\n<\/tr>\r\n<tr>\r\n<td width=\"312\">\r\n<p>Norwegian Medical Association<\/p>\r\n<\/td>\r\n<td width=\"340\">\r\n<p>Mr Axel R\u00d8D<\/p>\r\n<\/td>\r\n<\/tr>\r\n<tr>\r\n<td width=\"312\">\r\n<p>Norwegian Medical Association<\/p>\r\n<\/td>\r\n<td width=\"340\">\r\n<p>Dr Anne-Karin RIME<\/p>\r\n<\/td>\r\n<\/tr>\r\n<tr>\r\n<td width=\"312\">\r\n<p>Norwegian Medical Association<\/p>\r\n<\/td>\r\n<td width=\"340\">\r\n<p>Dr Siri SKUMLIEN<\/p>\r\n<\/td>\r\n<\/tr>\r\n<tr>\r\n<td width=\"312\">\r\n<p>Norwegian Medical Association<\/p>\r\n<\/td>\r\n<td width=\"340\">\r\n<p>Dr Svein AARSETH<\/p>\r\n<\/td>\r\n<\/tr>\r\n<tr>\r\n<td width=\"312\">\r\n<p>Polish Chamber of Physicians and Dentists<\/p>\r\n<\/td>\r\n<td width=\"340\">\r\n<p>Dr Michal MATUSZEWSKI<\/p>\r\n<\/td>\r\n<\/tr>\r\n<tr>\r\n<td width=\"312\">\r\n<p>Ordem dos M\u00e9dicos (Portugal)<\/p>\r\n<\/td>\r\n<td width=\"340\">\r\n<p>Dr Alberto CALDAS AFONSO<\/p>\r\n<\/td>\r\n<\/tr>\r\n<tr>\r\n<td width=\"312\">\r\n<p>Rwanda Medical Association<\/p>\r\n<\/td>\r\n<td width=\"340\">\r\n<p>Dr Menelas NKESHIMANA<\/p>\r\n<\/td>\r\n<\/tr>\r\n<tr>\r\n<td width=\"312\">\r\n<p>CGCOM Spain<\/p>\r\n<\/td>\r\n<td width=\"340\">\r\n<p>Dr \u00c1lvaro CERAME<\/p>\r\n<\/td>\r\n<\/tr>\r\n<tr>\r\n<td width=\"312\">\r\n<p>Serbian Medical Chamber<\/p>\r\n<\/td>\r\n<td width=\"340\">\r\n<p>Dr Nikola COLIC<\/p>\r\n<\/td>\r\n<\/tr>\r\n<tr>\r\n<td width=\"312\">\r\n<p>American Medical Association<\/p>\r\n<\/td>\r\n<td width=\"340\">\r\n<p>Dr Bobby MUKKAMALA<\/p>\r\n<\/td>\r\n<\/tr>\r\n<tr>\r\n<td width=\"312\">\r\n<p>American Medical Association<\/p>\r\n<\/td>\r\n<td width=\"340\">\r\n<p>Ms Elizabeth LAROCCA<\/p>\r\n<\/td>\r\n<\/tr>\r\n<tr>\r\n<td width=\"312\">\r\n<p>American Medical Association<\/p>\r\n<\/td>\r\n<td width=\"340\">\r\n<p>Ms Hannah LONGSTAFF<\/p>\r\n<\/td>\r\n<\/tr>\r\n<tr>\r\n<td width=\"312\">\r\n<p>Sindicato M\u00e9dico del Uruguay<\/p>\r\n<\/td>\r\n<td width=\"340\">\r\n<p>Dr \u00c1lvaro DENDI<\/p>\r\n<\/td>\r\n<\/tr>\r\n<tr>\r\n<td width=\"312\">\r\n<p>Sindicato M\u00e9dico del Uruguay<\/p>\r\n<\/td>\r\n<td width=\"340\">\r\n<p>Dr Gerard EGUREN<\/p>\r\n<\/td>\r\n<\/tr>\r\n<tr>\r\n<td width=\"312\">\r\n<p>Sindicato M\u00e9dico del Uruguay<\/p>\r\n<\/td>\r\n<td width=\"340\">\r\n<p>Dr Gustavo GRECCO<\/p>\r\n<\/td>\r\n<\/tr>\r\n<tr>\r\n<td width=\"312\">\r\n<p>Sindicato M\u00e9dico del Uruguay<\/p>\r\n<\/td>\r\n<td width=\"340\">\r\n<p>Dr \u00c1lvaro MOREIRA<\/p>\r\n<\/td>\r\n<\/tr>\r\n<tr>\r\n<td width=\"312\">\r\n<p>Sindicato M\u00e9dico del Uruguay<\/p>\r\n<\/td>\r\n<td width=\"340\">\r\n<p>Dr Alarico RODRIGUEZ de LE\u00d3N<\/p>\r\n<\/td>\r\n<\/tr>\r\n<tr>\r\n<td width=\"312\">\r\n<p>Swedish Medical Association<\/p>\r\n<\/td>\r\n<td width=\"340\">\r\n<p>Dr Sofia RYDGREN STALE<\/p>\r\n<\/td>\r\n<\/tr>\r\n<tr>\r\n<td width=\"312\">\r\n<p>Swedish Medical Association<\/p>\r\n<\/td>\r\n<td width=\"340\">\r\n<p>Mr Tomas HEDMARK<\/p>\r\n<\/td>\r\n<\/tr>\r\n<tr>\r\n<td width=\"312\">\r\n<p>Taiwan Medical Association<\/p>\r\n<\/td>\r\n<td width=\"340\">\r\n<p>Dr Ming-Been LEE<\/p>\r\n<\/td>\r\n<\/tr>\r\n<tr>\r\n<td width=\"312\">\r\n<p>Turkish Medical Association<\/p>\r\n<\/td>\r\n<td width=\"340\">\r\n<p>Dr Feride AKSU<\/p>\r\n<\/td>\r\n<\/tr>\r\n<tr>\r\n<td width=\"312\">\r\n<p>Uganda Medical Association<\/p>\r\n<\/td>\r\n<td width=\"340\">\r\n<p>Dr Ekwaro A. OBUKU<\/p>\r\n<\/td>\r\n<\/tr>\r\n<tr>\r\n<td width=\"312\">\r\n<p>British Medical Association<\/p>\r\n<\/td>\r\n<td width=\"340\">\r\n<p>Ms Mercedes Broadbent<\/p>\r\n<\/td>\r\n<\/tr>\r\n<\/tbody>\r\n<\/table>\r\n","protected":false},"excerpt":{"rendered":"<p>Comit\u00e9 d\u2019\u00e9thique m\u00e9dicale Confederaci\u00f3n M\u00e9dica de la R\u00e9p\u00fablica Argentina Dr Jorge Alberto CORONEL Chinese Medical Association Dr Chunqi LIANG Chinese Medical Association Prof. Yali CONG Chinese Medical Association Prof. Junrong LIU Chinese Medical Association Prof. Haibo WANG Danish Medical Assocation Dr Torben BUSE Danish Medical Association Dr Camilla RATHCKE Danish Medical Association Dr Klaus KLAUSEN [&hellip;]<\/p>\n","protected":false},"author":3,"featured_media":0,"parent":757,"menu_order":3,"comment_status":"closed","ping_status":"closed","template":"","meta":[],"acf":[],"_links":{"self":[{"href":"https:\/\/www.wma.net\/fr\/wp-json\/wp\/v2\/pages\/766"}],"collection":[{"href":"https:\/\/www.wma.net\/fr\/wp-json\/wp\/v2\/pages"}],"about":[{"href":"https:\/\/www.wma.net\/fr\/wp-json\/wp\/v2\/types\/page"}],"author":[{"embeddable":true,"href":"https:\/\/www.wma.net\/fr\/wp-json\/wp\/v2\/users\/3"}],"replies":[{"embeddable":true,"href":"https:\/\/www.wma.net\/fr\/wp-json\/wp\/v2\/comments?post=766"}],"version-history":[{"count":28,"href":"https:\/\/www.wma.net\/fr\/wp-json\/wp\/v2\/pages\/766\/revisions"}],"predecessor-version":[{"id":26239,"href":"https:\/\/www.wma.net\/fr\/wp-json\/wp\/v2\/pages\/766\/revisions\/26239"}],"up":[{"embeddable":true,"href":"https:\/\/www.wma.net\/fr\/wp-json\/wp\/v2\/pages\/757"}],"wp:attachment":[{"href":"https:\/\/www.wma.net\/fr\/wp-json\/wp\/v2\/media?parent=766"}],"curies":[{"name":"wp","href":"https:\/\/api.w.org\/{rel}","templated":true}]}}