{"id":736,"date":"2016-11-22T14:00:24","date_gmt":"2016-11-22T14:00:24","guid":{"rendered":"https:\/\/www.wma.net\/fr\/?page_id=736"},"modified":"2017-02-07T12:47:54","modified_gmt":"2017-02-07T12:47:54","slug":"toolkits","status":"publish","type":"page","link":"https:\/\/www.wma.net\/fr\/publications\/toolkits\/","title":{"rendered":"Trousses d\u2019outils"},"content":{"rendered":"<p>BE AWARE \u2013 Aide \u00e0 la lutte contre les m\u00e9dicaments contrefaits, s\u00e9curit\u00e9 des patients, <a href=\"http:\/\/www.whpa.org\/counterfeit_campaign.htm\" target=\"_blank\">Campagne Be Aware de l&rsquo;AMPS<\/a> avec trousse \u00e0 outils pour les professionnels de sant\u00e9 et les patients, en anglais, fran\u00e7ais, Espagnol et chinois.<\/p>\n<p>Cadre de comp\u00e9tences cl\u00e9s pour les consultants en sant\u00e9 Internationale, AMPS<br \/>\n<a href=\"http:\/\/www.whpa.org\/pub2007_IHC.pdf\" target=\"_blank\">http:\/\/www.whpa.org\/pub2007_IHC.pdf<\/a><\/p>\n<p>PPE &#8211; Directives Motivations pour les professionnels de sant\u00e9, AMPS <a href=\"http:\/\/www.whpa.org\/PPE_Incentives_Guidelines.pdf\" target=\"_blank\">http:\/\/www.whpa.org\/PPE_Incentives_Guidelines.pdf<\/a><\/p>\n","protected":false},"excerpt":{"rendered":"<p>BE AWARE \u2013 Aide \u00e0 la lutte contre les m\u00e9dicaments contrefaits, s\u00e9curit\u00e9 des patients, Campagne Be Aware de l&rsquo;AMPS avec trousse \u00e0 outils pour les professionnels de sant\u00e9 et les patients, en anglais, fran\u00e7ais, Espagnol et chinois. Cadre de comp\u00e9tences cl\u00e9s pour les consultants en sant\u00e9 Internationale, AMPS http:\/\/www.whpa.org\/pub2007_IHC.pdf PPE &#8211; Directives Motivations pour les [&hellip;]<\/p>\n","protected":false},"author":3,"featured_media":0,"parent":725,"menu_order":3,"comment_status":"closed","ping_status":"closed","template":"","meta":[],"acf":[],"_links":{"self":[{"href":"https:\/\/www.wma.net\/fr\/wp-json\/wp\/v2\/pages\/736"}],"collection":[{"href":"https:\/\/www.wma.net\/fr\/wp-json\/wp\/v2\/pages"}],"about":[{"href":"https:\/\/www.wma.net\/fr\/wp-json\/wp\/v2\/types\/page"}],"author":[{"embeddable":true,"href":"https:\/\/www.wma.net\/fr\/wp-json\/wp\/v2\/users\/3"}],"replies":[{"embeddable":true,"href":"https:\/\/www.wma.net\/fr\/wp-json\/wp\/v2\/comments?post=736"}],"version-history":[{"count":3,"href":"https:\/\/www.wma.net\/fr\/wp-json\/wp\/v2\/pages\/736\/revisions"}],"predecessor-version":[{"id":5869,"href":"https:\/\/www.wma.net\/fr\/wp-json\/wp\/v2\/pages\/736\/revisions\/5869"}],"up":[{"embeddable":true,"href":"https:\/\/www.wma.net\/fr\/wp-json\/wp\/v2\/pages\/725"}],"wp:attachment":[{"href":"https:\/\/www.wma.net\/fr\/wp-json\/wp\/v2\/media?parent=736"}],"curies":[{"name":"wp","href":"https:\/\/api.w.org\/{rel}","templated":true}]}}