{"id":731,"date":"2016-11-22T13:59:56","date_gmt":"2016-11-22T13:59:56","guid":{"rendered":"https:\/\/www.wma.net\/fr\/?page_id=731"},"modified":"2017-03-03T14:43:40","modified_gmt":"2017-03-03T14:43:40","slug":"documents-de-reference","status":"publish","type":"page","link":"https:\/\/www.wma.net\/fr\/publications\/documents-de-reference\/","title":{"rendered":"Documents de r\u00e9f\u00e9rence"},"content":{"rendered":"<p><a href=\"https:\/\/www.wma.net\/wp-content\/uploads\/2017\/02\/Background_Ottawa_Declaration-Oct2009.pdf\" target=\"_blank\"><strong>Documents de r\u00e9f\u00e9rence\u00a0: D\u00e9claration d\u2019Ottawa de l\u2019AMM sur la sant\u00e9 de l\u2019enfant<\/strong><\/a><\/p>\n<p>L\u2019AMM a modifi\u00e9 la <a href=\"\/wma?p=6407\">D\u00e9claration d\u2019Ottawa<\/a> sur la sant\u00e9 de l\u2019enfant lors de son Assembl\u00e9e G\u00e9n\u00e9rale de New Delhi en 2009. Les principes g\u00e9n\u00e9raux stipul\u00e9s dans la D\u00e9claration d\u2019Ottawa,\u00a0 n\u00e9cessaires pour une croissance optimale de l\u2019enfant, peuvent demeurer au stade de l\u2019esp\u00e9rance si les ressources requises manquent ou sont limit\u00e9es. Dans de tels cas, les gouvernements, les prestataires de soins, les communaut\u00e9s et les parents devraient consid\u00e9rer comme une priorit\u00e9 de satisfaire aux principes sp\u00e9cifiques d\u00e9taill\u00e9s dans ce document de r\u00e9f\u00e9rence.<\/p>\n","protected":false},"excerpt":{"rendered":"<p>Documents de r\u00e9f\u00e9rence\u00a0: D\u00e9claration d\u2019Ottawa de l\u2019AMM sur la sant\u00e9 de l\u2019enfant L\u2019AMM a modifi\u00e9 la D\u00e9claration d\u2019Ottawa sur la sant\u00e9 de l\u2019enfant lors de son Assembl\u00e9e G\u00e9n\u00e9rale de New Delhi en 2009. Les principes g\u00e9n\u00e9raux stipul\u00e9s dans la D\u00e9claration d\u2019Ottawa,\u00a0 n\u00e9cessaires pour une croissance optimale de l\u2019enfant, peuvent demeurer au stade de l\u2019esp\u00e9rance si [&hellip;]<\/p>\n","protected":false},"author":3,"featured_media":0,"parent":725,"menu_order":2,"comment_status":"closed","ping_status":"closed","template":"","meta":[],"acf":[],"_links":{"self":[{"href":"https:\/\/www.wma.net\/fr\/wp-json\/wp\/v2\/pages\/731"}],"collection":[{"href":"https:\/\/www.wma.net\/fr\/wp-json\/wp\/v2\/pages"}],"about":[{"href":"https:\/\/www.wma.net\/fr\/wp-json\/wp\/v2\/types\/page"}],"author":[{"embeddable":true,"href":"https:\/\/www.wma.net\/fr\/wp-json\/wp\/v2\/users\/3"}],"replies":[{"embeddable":true,"href":"https:\/\/www.wma.net\/fr\/wp-json\/wp\/v2\/comments?post=731"}],"version-history":[{"count":7,"href":"https:\/\/www.wma.net\/fr\/wp-json\/wp\/v2\/pages\/731\/revisions"}],"predecessor-version":[{"id":7383,"href":"https:\/\/www.wma.net\/fr\/wp-json\/wp\/v2\/pages\/731\/revisions\/7383"}],"up":[{"embeddable":true,"href":"https:\/\/www.wma.net\/fr\/wp-json\/wp\/v2\/pages\/725"}],"wp:attachment":[{"href":"https:\/\/www.wma.net\/fr\/wp-json\/wp\/v2\/media?parent=731"}],"curies":[{"name":"wp","href":"https:\/\/api.w.org\/{rel}","templated":true}]}}