{"id":718,"date":"2016-11-22T13:57:46","date_gmt":"2016-11-22T13:57:46","guid":{"rendered":"https:\/\/www.wma.net\/fr\/?page_id=718"},"modified":"2025-10-11T16:45:15","modified_gmt":"2025-10-11T15:45:15","slug":"archives","status":"publish","type":"page","link":"https:\/\/www.wma.net\/fr\/politique\/archives\/","title":{"rendered":"Politiques archiv\u00e9es"},"content":{"rendered":"<p>Les d\u00e9clarations politiques suivantes de l&rsquo;AMM ont \u00e9t\u00e9 supprim\u00e9es par l&rsquo;Assembl\u00e9e G\u00e9n\u00e9rale de l&rsquo;AMM et ne sont donc plus en vigueur. Elles figurent ici uniquement \u00e0 des fins historiques et ne doivent pas \u00eatre cit\u00e9es comme \u00e9tant des d\u00e9clarations politiques actuelles de l&rsquo;AMM.<\/p>\n","protected":false},"excerpt":{"rendered":"<p>Les d\u00e9clarations politiques suivantes de l&rsquo;AMM ont \u00e9t\u00e9 supprim\u00e9es par l&rsquo;Assembl\u00e9e G\u00e9n\u00e9rale de l&rsquo;AMM et ne sont donc plus en vigueur. Elles figurent ici uniquement \u00e0 des fins historiques et ne doivent pas \u00eatre cit\u00e9es comme \u00e9tant des d\u00e9clarations politiques actuelles de l&rsquo;AMM.<\/p>\n","protected":false},"author":3,"featured_media":0,"parent":709,"menu_order":2,"comment_status":"closed","ping_status":"closed","template":"template-archived-policies.php","meta":[],"acf":[],"_links":{"self":[{"href":"https:\/\/www.wma.net\/fr\/wp-json\/wp\/v2\/pages\/718"}],"collection":[{"href":"https:\/\/www.wma.net\/fr\/wp-json\/wp\/v2\/pages"}],"about":[{"href":"https:\/\/www.wma.net\/fr\/wp-json\/wp\/v2\/types\/page"}],"author":[{"embeddable":true,"href":"https:\/\/www.wma.net\/fr\/wp-json\/wp\/v2\/users\/3"}],"replies":[{"embeddable":true,"href":"https:\/\/www.wma.net\/fr\/wp-json\/wp\/v2\/comments?post=718"}],"version-history":[{"count":20,"href":"https:\/\/www.wma.net\/fr\/wp-json\/wp\/v2\/pages\/718\/revisions"}],"predecessor-version":[{"id":25358,"href":"https:\/\/www.wma.net\/fr\/wp-json\/wp\/v2\/pages\/718\/revisions\/25358"}],"up":[{"embeddable":true,"href":"https:\/\/www.wma.net\/fr\/wp-json\/wp\/v2\/pages\/709"}],"wp:attachment":[{"href":"https:\/\/www.wma.net\/fr\/wp-json\/wp\/v2\/media?parent=718"}],"curies":[{"name":"wp","href":"https:\/\/api.w.org\/{rel}","templated":true}]}}