{"id":716,"date":"2016-11-22T13:57:02","date_gmt":"2016-11-22T13:57:02","guid":{"rendered":"https:\/\/www.wma.net\/fr\/?page_id=716"},"modified":"2025-10-15T09:55:22","modified_gmt":"2025-10-15T08:55:22","slug":"resolutions-du-conseil","status":"publish","type":"page","link":"https:\/\/www.wma.net\/fr\/politique\/resolutions-du-conseil\/","title":{"rendered":"R\u00e9solutions du Conseil"},"content":{"rendered":"<h2>Que sont les R\u00e9solutions du Conseil de l&rsquo;AMM ?<\/h2>\n<p>Lorsque le Conseil de l&rsquo;AMM est confront\u00e9 \u00e0 un sujet important n\u00e9cessitant une action imm\u00e9diate que ne peut prendre l&rsquo;Assembl\u00e9e G\u00e9n\u00e9rale en temps et en heure, alors le Conseil prend une r\u00e9solution. La r\u00e9solution peut a) r\u00e9affirmer une pr\u00e9c\u00e9dente Prise de position\/D\u00e9claration\/R\u00e9solution de l&rsquo;AMM ou b) exprimer une opinion ou une r\u00e9action qui doit \u00eatre bas\u00e9e sur l&rsquo;esprit d&rsquo;une pr\u00e9c\u00e9dente Prise de position\/D\u00e9claration\/R\u00e9solution ou sur des actions ant\u00e9rieures de l&rsquo;AMM en liaison avec le sujet concern\u00e9.<\/p>\n","protected":false},"excerpt":{"rendered":"<p>Que sont les R\u00e9solutions du Conseil de l&rsquo;AMM ? Lorsque le Conseil de l&rsquo;AMM est confront\u00e9 \u00e0 un sujet important n\u00e9cessitant une action imm\u00e9diate que ne peut prendre l&rsquo;Assembl\u00e9e G\u00e9n\u00e9rale en temps et en heure, alors le Conseil prend une r\u00e9solution. La r\u00e9solution peut a) r\u00e9affirmer une pr\u00e9c\u00e9dente Prise de position\/D\u00e9claration\/R\u00e9solution de l&rsquo;AMM ou b) [&hellip;]<\/p>\n","protected":false},"author":3,"featured_media":0,"parent":709,"menu_order":1,"comment_status":"closed","ping_status":"closed","template":"template-archived-policies.php","meta":[],"acf":[],"_links":{"self":[{"href":"https:\/\/www.wma.net\/fr\/wp-json\/wp\/v2\/pages\/716"}],"collection":[{"href":"https:\/\/www.wma.net\/fr\/wp-json\/wp\/v2\/pages"}],"about":[{"href":"https:\/\/www.wma.net\/fr\/wp-json\/wp\/v2\/types\/page"}],"author":[{"embeddable":true,"href":"https:\/\/www.wma.net\/fr\/wp-json\/wp\/v2\/users\/3"}],"replies":[{"embeddable":true,"href":"https:\/\/www.wma.net\/fr\/wp-json\/wp\/v2\/comments?post=716"}],"version-history":[{"count":24,"href":"https:\/\/www.wma.net\/fr\/wp-json\/wp\/v2\/pages\/716\/revisions"}],"predecessor-version":[{"id":25476,"href":"https:\/\/www.wma.net\/fr\/wp-json\/wp\/v2\/pages\/716\/revisions\/25476"}],"up":[{"embeddable":true,"href":"https:\/\/www.wma.net\/fr\/wp-json\/wp\/v2\/pages\/709"}],"wp:attachment":[{"href":"https:\/\/www.wma.net\/fr\/wp-json\/wp\/v2\/media?parent=716"}],"curies":[{"name":"wp","href":"https:\/\/api.w.org\/{rel}","templated":true}]}}