{"id":705,"date":"2016-11-22T12:55:41","date_gmt":"2016-11-22T12:55:41","guid":{"rendered":"https:\/\/www.wma.net\/fr\/?page_id=705"},"modified":"2019-06-06T14:34:50","modified_gmt":"2019-06-06T13:34:50","slug":"anti-contrefacons","status":"publish","type":"page","link":"https:\/\/www.wma.net\/fr\/ce-que-nous-faisons\/education\/anti-contrefacons\/","title":{"rendered":"Anti contrefa\u00e7ons"},"content":{"rendered":"<p>Les m\u00e9dicaments contrefaits et d\u2019autres produits sanitaires peuvent s\u2019av\u00e9rer d\u00e9l\u00e9t\u00e8res pour la sant\u00e9 des patients, voir m\u00eame mortels. Ces produits contrefaits sont aussi un obstacle aux efforts de sant\u00e9 publique entrepris pour le traitement des maladies dans les pays dont les ressources de sant\u00e9 sont d\u00e9j\u00e0 rares.<\/p>\n<p>La contrefa\u00e7on des m\u00e9dicaments est un probl\u00e8me depuis des d\u00e9cennies dans bon nombre de pays. Les march\u00e9s internationaux \u00e9tant toujours plus vastes et mondialis\u00e9s, le probl\u00e8me concerne d\u00e9sormais tous les pays et toutes les r\u00e9gions m\u00eame s\u2019il est plus grave dans les pays en voie de d\u00e9veloppement. L\u2019utilisation commerciale d\u2019internet toujours plus fr\u00e9quente a \u00e9galement contribu\u00e9 \u00e0 une aggravation du probl\u00e8me, de nombreux produits contrefaits \u00e9tant vendus ill\u00e9galement sur des sites internet illicites.<\/p>\n<p>Nous avons tous pour objectif de prot\u00e9ger le bien-\u00eatre des patients partout dans le monde contre les produits m\u00e9dicaux de mauvaise qualit\u00e9, hors normes et contrefaits. Les professionnels de sant\u00e9 prennent des mesures proactives en collaboration avec les Etats Membres et l\u2019OMS afin de garantir la qualit\u00e9, la s\u00e9curit\u00e9 et l\u2019efficacit\u00e9 de tous les produits m\u00e9dicaux disponibles dans le monde, en accord avec les normes\u00a0 internationales reconnues. Cette forme d\u2019assurance qualit\u00e9 s\u2019applique aussi bien aux produits de marque qu\u2019aux produits g\u00e9n\u00e9riques, aux secteurs priv\u00e9 et public et aux produits import\u00e9s et fabriqu\u00e9s sur place.<\/p>\n<p>L\u2019AMM conjointement \u00e0 d\u2019autres professionnels de sant\u00e9 de l\u2019Alliance Mondiale des Professions de sant\u00e9 (AMPS) a con\u00e7u la campagne \u00ab\u00a0Be aware\u00a0\u00bb proposant des outils et des strat\u00e9gies visant \u00e0 promouvoir des investissements appropri\u00e9s dans l\u2019\u00e9ducation et dans le d\u00e9veloppement de\u00a0 capacit\u00e9s des professionnels de sant\u00e9 pour d\u00e9tecter les produits contrefaits et bien informer les coll\u00e8gues et les patients.<\/p>\n<p>&nbsp;<\/p>\n","protected":false},"excerpt":{"rendered":"<p>Les m\u00e9dicaments contrefaits et d\u2019autres produits sanitaires peuvent s\u2019av\u00e9rer d\u00e9l\u00e9t\u00e8res pour la sant\u00e9 des patients, voir m\u00eame mortels. Ces produits contrefaits sont aussi un obstacle aux efforts de sant\u00e9 publique entrepris pour le traitement des maladies dans les pays dont les ressources de sant\u00e9 sont d\u00e9j\u00e0 rares. La contrefa\u00e7on des m\u00e9dicaments est un probl\u00e8me depuis [&hellip;]<\/p>\n","protected":false},"author":3,"featured_media":0,"parent":680,"menu_order":11,"comment_status":"closed","ping_status":"closed","template":"","meta":[],"acf":[],"_links":{"self":[{"href":"https:\/\/www.wma.net\/fr\/wp-json\/wp\/v2\/pages\/705"}],"collection":[{"href":"https:\/\/www.wma.net\/fr\/wp-json\/wp\/v2\/pages"}],"about":[{"href":"https:\/\/www.wma.net\/fr\/wp-json\/wp\/v2\/types\/page"}],"author":[{"embeddable":true,"href":"https:\/\/www.wma.net\/fr\/wp-json\/wp\/v2\/users\/3"}],"replies":[{"embeddable":true,"href":"https:\/\/www.wma.net\/fr\/wp-json\/wp\/v2\/comments?post=705"}],"version-history":[{"count":6,"href":"https:\/\/www.wma.net\/fr\/wp-json\/wp\/v2\/pages\/705\/revisions"}],"predecessor-version":[{"id":12796,"href":"https:\/\/www.wma.net\/fr\/wp-json\/wp\/v2\/pages\/705\/revisions\/12796"}],"up":[{"embeddable":true,"href":"https:\/\/www.wma.net\/fr\/wp-json\/wp\/v2\/pages\/680"}],"wp:attachment":[{"href":"https:\/\/www.wma.net\/fr\/wp-json\/wp\/v2\/media?parent=705"}],"curies":[{"name":"wp","href":"https:\/\/api.w.org\/{rel}","templated":true}]}}