{"id":703,"date":"2016-11-22T12:55:17","date_gmt":"2016-11-22T12:55:17","guid":{"rendered":"https:\/\/www.wma.net\/fr\/?page_id=703"},"modified":"2021-02-11T15:52:47","modified_gmt":"2021-02-11T15:52:47","slug":"my-green-doctor","status":"publish","type":"page","link":"https:\/\/www.wma.net\/fr\/ce-que-nous-faisons\/education\/my-green-doctor\/","title":{"rendered":"My Green Doctor"},"content":{"rendered":"<p>My Green Doctor est le programme gratuit de durabilit\u00e9 environnementale et de changement climatique propos\u00e9 par l&rsquo;Association m\u00e9dicale mondiale. Les bureaux et les cliniques apprennent \u00e0 am\u00e9liorer progressivement leur utilisation de l&rsquo;\u00e9nergie, de l&rsquo;eau, des produits chimiques, du papier et d&rsquo;autres ressources. Le programme est facile \u00e0 utiliser, ajoutant seulement cinq minutes d&rsquo;activit\u00e9 de l&rsquo;\u00e9quipe verte \u00e0 chaque r\u00e9union r\u00e9guli\u00e8re du personnel.<\/p>\n<p>La plupart des cliniques \u00e9conomisent de l&rsquo;argent au cours de leur premier mois en utilisant My Green Doctor. Le programme est en place pour les cliniques de sant\u00e9, les bureaux et les centres de soins ambulatoires. Un cabinet de cinq bureaux aux \u00c9tats-Unis \u00e9conomise 1 500 $ US par m\u00e9decin chaque ann\u00e9e et r\u00e9duit ses gaz \u00e0 effet de serre, sans investissement financier.<\/p>\n<p>Commencez par le directeur de la clinique et un m\u00e9decin int\u00e9ress\u00e9 qui s&rsquo;inscrivent sur <a href=\"http:\/\/www.mygreendoctor.org\">www.MyGreenDoctor.org<\/a>. Tout le monde dans la clinique peut s&rsquo;inscrire. Ensuite, la clinique s&rsquo;engage \u00e0 atteindre l&rsquo;objectif de durabilit\u00e9 environnementale et \u00e0 ajouter les activit\u00e9s de l&rsquo;\u00e9quipe verte \u00e0 l&rsquo;ordre du jour de chaque r\u00e9union de la clinique. Chaque r\u00e9union est enti\u00e8rement sc\u00e9naris\u00e9e afin que le gestionnaire ou le directeur n&rsquo;aille rien \u00e0 \u00e9tudier ou pr\u00e9parer. Les cliniques peuvent se qualifier pour le certificat Green Doctor Office de l&rsquo;Association m\u00e9dicale mondiale en quelques mois.<\/p>\n<p>My Green Doctor fournit gratuitement des brochures, des affiches et d&rsquo;autres outils p\u00e9dagogiques pour aider \u00e0 partager des choix judicieux avec les patients et les familles. Cela peut signifier moins d&rsquo;\u00e9nergie et d&rsquo;eau utilis\u00e9es, un air plus pur, moins de gaz \u00e0 effet de serre et de meilleurs r\u00e9sultats pour la sant\u00e9.<\/p>\n<p>Pour de plus amples d\u00e9tails et faire des propositions, veuillez contacter Dr Todd L Sack, MD FACP, Editor, My Green Doctor, <a href=\"mailto:tsack8@gmail.com\" target=\"_blank\" rel=\"noopener noreferrer\">tsack8@gmail.com<\/a><\/p>\n<p>Veuillez \u00e9galement consulter le <a href=\"https:\/\/www.wma.net\/fr\/news-post\/appel-adresse-aux-medecins-en-faveur-des-green-offices\/\">communiqu\u00e9 de presse de l\u2019AMM<\/a> sur ce sujet.<\/p>\n","protected":false},"excerpt":{"rendered":"<p>My Green Doctor est le programme gratuit de durabilit\u00e9 environnementale et de changement climatique propos\u00e9 par l&rsquo;Association m\u00e9dicale mondiale. Les bureaux et les cliniques apprennent \u00e0 am\u00e9liorer progressivement leur utilisation de l&rsquo;\u00e9nergie, de l&rsquo;eau, des produits chimiques, du papier et d&rsquo;autres ressources. Le programme est facile \u00e0 utiliser, ajoutant seulement cinq minutes d&rsquo;activit\u00e9 de l&rsquo;\u00e9quipe [&hellip;]<\/p>\n","protected":false},"author":3,"featured_media":0,"parent":680,"menu_order":10,"comment_status":"closed","ping_status":"closed","template":"","meta":[],"acf":[],"_links":{"self":[{"href":"https:\/\/www.wma.net\/fr\/wp-json\/wp\/v2\/pages\/703"}],"collection":[{"href":"https:\/\/www.wma.net\/fr\/wp-json\/wp\/v2\/pages"}],"about":[{"href":"https:\/\/www.wma.net\/fr\/wp-json\/wp\/v2\/types\/page"}],"author":[{"embeddable":true,"href":"https:\/\/www.wma.net\/fr\/wp-json\/wp\/v2\/users\/3"}],"replies":[{"embeddable":true,"href":"https:\/\/www.wma.net\/fr\/wp-json\/wp\/v2\/comments?post=703"}],"version-history":[{"count":11,"href":"https:\/\/www.wma.net\/fr\/wp-json\/wp\/v2\/pages\/703\/revisions"}],"predecessor-version":[{"id":15877,"href":"https:\/\/www.wma.net\/fr\/wp-json\/wp\/v2\/pages\/703\/revisions\/15877"}],"up":[{"embeddable":true,"href":"https:\/\/www.wma.net\/fr\/wp-json\/wp\/v2\/pages\/680"}],"wp:attachment":[{"href":"https:\/\/www.wma.net\/fr\/wp-json\/wp\/v2\/media?parent=703"}],"curies":[{"name":"wp","href":"https:\/\/api.w.org\/{rel}","templated":true}]}}