{"id":701,"date":"2016-11-22T12:46:39","date_gmt":"2016-11-22T12:46:39","guid":{"rendered":"https:\/\/www.wma.net\/fr\/?page_id=701"},"modified":"2019-06-06T14:27:27","modified_gmt":"2019-06-06T13:27:27","slug":"tabac","status":"publish","type":"page","link":"https:\/\/www.wma.net\/fr\/ce-que-nous-faisons\/education\/tabac\/","title":{"rendered":"Tabac"},"content":{"rendered":"<p>Le tabac est une cause majeure \u00e9vitable de d\u00e9c\u00e8s dans le monde. Il provoque plusieurs millions de morts chaque ann\u00e9e dans le monde. La consommation de tabac affecte tous les organes, est un facteurs de risques pour six des huit causes principales de d\u00e9c\u00e8s dans le monde.<\/p>\n<p>L\u2019AMM propose une auto formation et de la litt\u00e9rature sur l&rsquo;impact sanitaire du tabagisme passif, en se focalisant sur les enfants. Elle a \u00e9t\u00e9 publi\u00e9e par la School of Policy, Government and International Affairs George Mason University Arlington, Virginia, USA \u2013 un centre de coop\u00e9ration de l\u2019AMM.<\/p>\n<p>Cette formation peut servir \u00e0\u00a0:<\/p>\n<ol>\n<li>Comprendre la pertinence des preuves sur l&rsquo;impact sanitaire du tabagisme passif chez les adultes et les enfants et<\/li>\n<li>Etudier des mesures et une l\u00e9gislation pour minimiser l\u2019exposition au tabagisme passif des nourrissons et des enfants.<\/li>\n<\/ol>\n<p>Cliquez <a href=\"https:\/\/www.wma.net\/wp-content\/uploads\/2016\/11\/SHS-WMA-rev2.pdf\" target=\"_blank\" rel=\"noopener noreferrer\">ici<\/a> pour acc\u00e9der aux ressources \u00e9ducatives (version mise \u00e0 jour le 20 juillet 2016) et\u00a0 au fichier de <a href=\"https:\/\/www.wma.net\/wp-content\/uploads\/2016\/11\/SHS-rev-2.pdf\" target=\"_blank\" rel=\"noopener noreferrer\">pr\u00e9sentation associ\u00e9<\/a>.<\/p>\n<p>Veuillez acc\u00e9der \u00e0 MedEDirect, Inc <a href=\"http:\/\/www.mededirect.org\/viewprogram.cfm?program=161\" target=\"_blank\" rel=\"noopener noreferrer\">ici<\/a> pour enregistrer les cr\u00e9dits de FP, r\u00e9pondre aux questions d\u2019auto\u00e9valuation et remplir le questionnaire. La FP est propos\u00e9e gratuitement.<\/p>\n","protected":false},"excerpt":{"rendered":"<p>Le tabac est une cause majeure \u00e9vitable de d\u00e9c\u00e8s dans le monde. Il provoque plusieurs millions de morts chaque ann\u00e9e dans le monde. La consommation de tabac affecte tous les organes, est un facteurs de risques pour six des huit causes principales de d\u00e9c\u00e8s dans le monde. L\u2019AMM propose une auto formation et de la [&hellip;]<\/p>\n","protected":false},"author":3,"featured_media":0,"parent":680,"menu_order":9,"comment_status":"closed","ping_status":"closed","template":"","meta":[],"acf":[],"_links":{"self":[{"href":"https:\/\/www.wma.net\/fr\/wp-json\/wp\/v2\/pages\/701"}],"collection":[{"href":"https:\/\/www.wma.net\/fr\/wp-json\/wp\/v2\/pages"}],"about":[{"href":"https:\/\/www.wma.net\/fr\/wp-json\/wp\/v2\/types\/page"}],"author":[{"embeddable":true,"href":"https:\/\/www.wma.net\/fr\/wp-json\/wp\/v2\/users\/3"}],"replies":[{"embeddable":true,"href":"https:\/\/www.wma.net\/fr\/wp-json\/wp\/v2\/comments?post=701"}],"version-history":[{"count":10,"href":"https:\/\/www.wma.net\/fr\/wp-json\/wp\/v2\/pages\/701\/revisions"}],"predecessor-version":[{"id":12790,"href":"https:\/\/www.wma.net\/fr\/wp-json\/wp\/v2\/pages\/701\/revisions\/12790"}],"up":[{"embeddable":true,"href":"https:\/\/www.wma.net\/fr\/wp-json\/wp\/v2\/pages\/680"}],"wp:attachment":[{"href":"https:\/\/www.wma.net\/fr\/wp-json\/wp\/v2\/media?parent=701"}],"curies":[{"name":"wp","href":"https:\/\/api.w.org\/{rel}","templated":true}]}}