{"id":699,"date":"2016-11-22T12:43:10","date_gmt":"2016-11-22T12:43:10","guid":{"rendered":"https:\/\/www.wma.net\/fr\/?page_id=699"},"modified":"2019-06-07T08:35:47","modified_gmt":"2019-06-07T07:35:47","slug":"soins-de-sante-en-danger","status":"publish","type":"page","link":"https:\/\/www.wma.net\/fr\/ce-que-nous-faisons\/education\/soins-de-sante-en-danger\/","title":{"rendered":"Soins de sant\u00e9 en danger"},"content":{"rendered":"<p>En octobre 2014, le CICR a lanc\u00e9 une nouvelle <a href=\"http:\/\/www.healthcareindanger.org\/elearning\" target=\"_blank\" rel=\"noopener noreferrer\">formation sur Internet\u00a0 <strong>sur les responsabilit\u00e9s sanitaires en situations de conflits arm\u00e9s et autres urgences<\/strong><\/a>. Cette formation\u00a0 est sp\u00e9cialement destin\u00e9e \u00e0 aider le personnel de sant\u00e9 \u00e0 comprendre les effets de la violence sur les soins de sant\u00e9, leurs propres droits et leurs responsabilit\u00e9s ainsi que les dilemmes \u00e9thiques auxquels ils peuvent \u00eatre confront\u00e9s en situations de violence. \u00a0\u00ab\u00a0Cette formation sur Internet est un outil essentiel qui pr\u00e9cise \u00a0les choses et donne des moyens \u00e0 tous les m\u00e9decins du monde\u00a0\u00bb a d\u00e9clar\u00e9 Dr. Xavier Deau, Pr\u00e9sident de l\u2019Association M\u00e9dicale Mondiale. \u00abElle leur\u00a0 permettra\u00a0 de comprendre leurs droits et responsabilit\u00e9s et leurs obligations \u00e9thiques dans des situations d\u2019urgence. L\u2019AMM salue cette initiative du CICR.\u00a0\u00bb &#8211; <a href=\"\/wma?p=5651\">Lire le communiqu\u00e9 de presse<\/a><u>.<\/u><\/p>\n<p>En octobre 2015, l\u2019Assembl\u00e9e G\u00e9n\u00e9rale de l\u2019AMM a adopt\u00e9 une <a href=\"https:\/\/www.wma.net\/wp-content\/uploads\/2016\/11\/HCiD-toolkit-for-Doctors-2015.pdf\" target=\"_blank\" rel=\"noopener noreferrer\">trousse d\u2019outils pour les m\u00e9decins en situation de violence<\/a>, une contribution \u00e0 l&rsquo;initiative \u00ab\u00a0Soins de Sant\u00e9 en Danger\u00a0\u00bb du Comit\u00e9 international de la Croix Rouge.<\/p>\n<p>En juin\u00a02017, l\u2019Institut de sant\u00e9 globale de l\u2019Universit\u00e9 de Gen\u00e8ve, qui coop\u00e8re avec le Comit\u00e9 international de la Croix-Rouge dans le cadre du projet Les Soins de sant\u00e9 en danger, a con\u00e7u un <a href=\"https:\/\/www.coursera.org\/learn\/violence-against-healthcare\">cours en ligne ouvert et massif<\/a> (CLOM) accessible \u00e0 tous gratuitement. Au fil de ses six chapitres, les apprenants sont amen\u00e9s \u00e0 r\u00e9fl\u00e9chir sur les droits et responsabilit\u00e9s des professionnels de sant\u00e9, le cadre juridique qui prot\u00e8ge les soins de sant\u00e9, les professions qui jouent un r\u00f4le dans les services d\u2019urgence pr\u00e9-hospitalisation, le r\u00f4le des h\u00f4pitaux, la m\u00e9decine militaire et le r\u00f4le potentiel de la soci\u00e9t\u00e9 civile, notamment les Soci\u00e9t\u00e9s nationales de la Croix-Rouge et du Croissant-Rouge.<\/p>\n","protected":false},"excerpt":{"rendered":"<p>En octobre 2014, le CICR a lanc\u00e9 une nouvelle formation sur Internet\u00a0 sur les responsabilit\u00e9s sanitaires en situations de conflits arm\u00e9s et autres urgences. Cette formation\u00a0 est sp\u00e9cialement destin\u00e9e \u00e0 aider le personnel de sant\u00e9 \u00e0 comprendre les effets de la violence sur les soins de sant\u00e9, leurs propres droits et leurs responsabilit\u00e9s ainsi que [&hellip;]<\/p>\n","protected":false},"author":3,"featured_media":0,"parent":680,"menu_order":8,"comment_status":"closed","ping_status":"closed","template":"","meta":[],"acf":[],"_links":{"self":[{"href":"https:\/\/www.wma.net\/fr\/wp-json\/wp\/v2\/pages\/699"}],"collection":[{"href":"https:\/\/www.wma.net\/fr\/wp-json\/wp\/v2\/pages"}],"about":[{"href":"https:\/\/www.wma.net\/fr\/wp-json\/wp\/v2\/types\/page"}],"author":[{"embeddable":true,"href":"https:\/\/www.wma.net\/fr\/wp-json\/wp\/v2\/users\/3"}],"replies":[{"embeddable":true,"href":"https:\/\/www.wma.net\/fr\/wp-json\/wp\/v2\/comments?post=699"}],"version-history":[{"count":10,"href":"https:\/\/www.wma.net\/fr\/wp-json\/wp\/v2\/pages\/699\/revisions"}],"predecessor-version":[{"id":12844,"href":"https:\/\/www.wma.net\/fr\/wp-json\/wp\/v2\/pages\/699\/revisions\/12844"}],"up":[{"embeddable":true,"href":"https:\/\/www.wma.net\/fr\/wp-json\/wp\/v2\/pages\/680"}],"wp:attachment":[{"href":"https:\/\/www.wma.net\/fr\/wp-json\/wp\/v2\/media?parent=699"}],"curies":[{"name":"wp","href":"https:\/\/api.w.org\/{rel}","templated":true}]}}