{"id":691,"date":"2016-11-22T12:41:18","date_gmt":"2016-11-22T12:41:18","guid":{"rendered":"https:\/\/www.wma.net\/fr\/?page_id=691"},"modified":"2021-02-01T10:26:48","modified_gmt":"2021-02-01T10:26:48","slug":"medecine-carcerale","status":"publish","type":"page","link":"https:\/\/www.wma.net\/fr\/ce-que-nous-faisons\/education\/medecine-carcerale\/","title":{"rendered":"M\u00e9decine en milieu carc\u00e9ral"},"content":{"rendered":"<h2>Cours en ligne \u00e0 destination du personnel de sant\u00e9 travaillant en milieu de d\u00e9tention<\/h2>\n<p>Le cours en ligne sur les droits humains et l\u2019\u00e9thique dans la m\u00e9decine en milieu carc\u00e9ral a originellement \u00e9t\u00e9 \u00e9labor\u00e9 en\u00a02004 par l\u2019Association m\u00e9dicale norv\u00e9gienne, en collaboration avec l\u2019Association m\u00e9dicale mondiale (AMM) et le Comit\u00e9 international de la Croix-Rouge (CICR). Plusieurs associations et organisations ont contribu\u00e9 \u00e0 ce cours et le projet a \u00e9t\u00e9 parrain\u00e9 par le minist\u00e8re norv\u00e9gien des Affaires \u00e9trang\u00e8res.<\/p>\n<p>Le droit international des droits humains et l\u2019\u00e9thique m\u00e9dicale \u00e9voluent en permanence\u00a0: ils s\u2019adaptent aux soci\u00e9t\u00e9s au fur et \u00e0 mesure de leurs transformations et \u00e0 la m\u00e9decine qu\u2019on y pratique. C\u2019est pourquoi les cours doivent \u00eatre r\u00e9guli\u00e8rement et substantiellement mis \u00e0 jour.<\/p>\n<p>En\u00a02019-2020, le CICR, en partenariat avec l\u2019AMM, a entrepris de mettre \u00e0 jour ce cours, notamment sur les plans des droits humains, de l\u2019\u00e9thique m\u00e9dicale, de la sant\u00e9 mentale, des soins de sant\u00e9 pour les femmes et les enfants plac\u00e9s avec elles en d\u00e9tention, et d\u2019autres groupes vuln\u00e9rables.<\/p>\n<h3><strong>Difficult\u00e9s propres \u00e0 la m\u00e9decine en milieu carc\u00e9ral<\/strong><\/h3>\n<p>Les m\u00e9decins et les autres professionnels de sant\u00e9 qui travaillent en milieu p\u00e9nitentiaire rencontrent des difficult\u00e9s que ne connaissent pas ceux qui travaillent dans la population g\u00e9n\u00e9rale. Ils doivent \u00eatre en mesure de prodiguer des soins de sant\u00e9 ad\u00e9quats dans l\u2019environnement particulier que constitue la prison et leur attitude ne saurait d\u00e9roger aux normes du droit international des droits humains ou de l\u2019\u00e9thique m\u00e9dicale.<\/p>\n<p>Dans de nombreux pays, les professionnels de sant\u00e9 intervenant en milieu carc\u00e9ral ne b\u00e9n\u00e9ficient pas d\u2019une formation sp\u00e9cifique suffisante, ce qui porte directement \u00e0 cons\u00e9quence sur la qualit\u00e9 des soins dispens\u00e9s aux d\u00e9tenus et la sant\u00e9 g\u00e9n\u00e9rale de la population. De nombreux m\u00e9decins n\u2019ont pas acc\u00e8s aux conventions internationales et aux normes qui r\u00e9gissent les services de sant\u00e9 aux d\u00e9tenus. Ils sont confront\u00e9s \u00e0 des violations des droits humains, mais ils ne savent pas comment y r\u00e9agir de mani\u00e8re adapt\u00e9e. Nous pensons que ce cours r\u00e9pondra \u00e0 certains besoins de nombreux m\u00e9decins travaillant en milieu p\u00e9nitentiaire en \u00e9toffant leurs connaissances et leurs comp\u00e9tences en mati\u00e8re de droits humains et d\u2019\u00e9thique m\u00e9dicale.<\/p>\n<h3>Objectifs du programme<\/h3>\n<p><strong>\u00a0<\/strong>Le cours vise\u00a0:<\/p>\n<ul>\n<li>\u00e0 pr\u00e9senter les normes internationales qui r\u00e8glementent le traitement m\u00e9dical des personnes plac\u00e9es en d\u00e9tention\u2009;<\/li>\n<li>\u00e0 sensibiliser les professionnels de sant\u00e9 intervenant en milieu p\u00e9nitentiaire \u00e0 leur r\u00f4le dans les situations de conflit d\u2019int\u00e9r\u00eats entre un d\u00e9tenu (le patient) et l\u2019administration p\u00e9nitentiaire et entre un d\u00e9tenu (le patient) et la sant\u00e9 publique en prison.<\/li>\n<\/ul>\n<p>Nous pensons que ce cours peut constituer une ressource p\u00e9dagogique profitable pour les m\u00e9decins travaillant dans des lieux de d\u00e9tention. Il offre des conseils pratiques d\u00e9taill\u00e9s pour tous les m\u00e9decins cherchant \u00e0 am\u00e9liorer leur compr\u00e9hension de la mani\u00e8re dont les droits humains et l\u2019\u00e9thique m\u00e9dicale doivent inspirer leur pratique.<\/p>\n<p>Les cours mis \u00e0 jour se d\u00e9roulent au fil de 18\u00a0chapitres, soit 18\u00a0h\u00a015\u00a0de cours au total.<\/p>\n<h3><strong>Accr\u00e9ditation<\/strong><\/h3>\n<p>L\u2019Association m\u00e9dicale norv\u00e9gienne a agr\u00e9\u00e9 ce cours, qui compte pour 18\u00a0heures de cours clinique de m\u00e9decine g\u00e9n\u00e9rale en milieu carc\u00e9ral.<\/p>\n<h3><strong>Frais d\u2019inscription<\/strong><\/h3>\n<p>Le cours est gratuit.<\/p>\n<h3><strong>Accessibilit\u00e9<\/strong><\/h3>\n<p>Il suffit d\u2019une connexion internet pour acc\u00e9der au cours et tout un chacun peut consulter le cours comme simple invit\u00e9. Les professionnels de sant\u00e9 qui souhaitent que leur participation \u00e0 ce cours soit reconnue dans leur formation doivent s\u2019inscrire.<\/p>\n<p>Chacun peut suivre le cours \u00e0 son rythme. Le cours est interactif et s\u2019appuie sur des cas soumis \u00e0 la r\u00e9flexion de l\u2019apprenant. Chaque chapitre est divis\u00e9 en le\u00e7ons, qui toutes se terminent par un questionnaire \u00e0 choix multiple (QCM) permettant de tester les connaissances acquises. Une fois que le professionnel de sant\u00e9 assistant au cours a \u00e9tudi\u00e9 l\u2019ensemble des chapitres et effectu\u00e9 tous les tests, y compris l\u2019\u00e9valuation finale, il peut recevoir le dipl\u00f4me correspondant par courriel.<\/p>\n<h3><strong>\u00a0<\/strong><strong>Editeurs<\/strong><\/h3>\n<p><em>\u00a0<\/em><em>Editeurs de la premi\u00e8re version <\/em>:<br \/>\nBj\u00f8rn Oscar Hoftvedt, Association m\u00e9dicale norv\u00e9gienne<br \/>\nHernan Reyes, Comit\u00e9 international de la Croix-Rouge<\/p>\n<p><em>\u00a0<\/em><em>Editeurs de la version mise \u00e0 jour <\/em>:<br \/>\nComit\u00e9 international de la Croix-Rouge<br \/>\nAssociation m\u00e9dicale mondiale<\/p>\n<p>Vous trouverez le cours \u00e0 l\u2019adresse suivante (en anglais uniquement) : <a href=\"https:\/\/course.wcea.education\/app\/course-worldmedicalassociation\/elearning\/medical-professional\/doctors-in-prisons\/196456\">Doctors working in prison: human rights and ethical dilemmas<\/a><\/p>\n","protected":false},"excerpt":{"rendered":"<p>Cours en ligne \u00e0 destination du personnel de sant\u00e9 travaillant en milieu de d\u00e9tention Le cours en ligne sur les droits humains et l\u2019\u00e9thique dans la m\u00e9decine en milieu carc\u00e9ral a originellement \u00e9t\u00e9 \u00e9labor\u00e9 en\u00a02004 par l\u2019Association m\u00e9dicale norv\u00e9gienne, en collaboration avec l\u2019Association m\u00e9dicale mondiale (AMM) et le Comit\u00e9 international de la Croix-Rouge (CICR). Plusieurs [&hellip;]<\/p>\n","protected":false},"author":3,"featured_media":0,"parent":680,"menu_order":5,"comment_status":"closed","ping_status":"closed","template":"","meta":[],"acf":[],"_links":{"self":[{"href":"https:\/\/www.wma.net\/fr\/wp-json\/wp\/v2\/pages\/691"}],"collection":[{"href":"https:\/\/www.wma.net\/fr\/wp-json\/wp\/v2\/pages"}],"about":[{"href":"https:\/\/www.wma.net\/fr\/wp-json\/wp\/v2\/types\/page"}],"author":[{"embeddable":true,"href":"https:\/\/www.wma.net\/fr\/wp-json\/wp\/v2\/users\/3"}],"replies":[{"embeddable":true,"href":"https:\/\/www.wma.net\/fr\/wp-json\/wp\/v2\/comments?post=691"}],"version-history":[{"count":10,"href":"https:\/\/www.wma.net\/fr\/wp-json\/wp\/v2\/pages\/691\/revisions"}],"predecessor-version":[{"id":15858,"href":"https:\/\/www.wma.net\/fr\/wp-json\/wp\/v2\/pages\/691\/revisions\/15858"}],"up":[{"embeddable":true,"href":"https:\/\/www.wma.net\/fr\/wp-json\/wp\/v2\/pages\/680"}],"wp:attachment":[{"href":"https:\/\/www.wma.net\/fr\/wp-json\/wp\/v2\/media?parent=691"}],"curies":[{"name":"wp","href":"https:\/\/api.w.org\/{rel}","templated":true}]}}