{"id":685,"date":"2016-11-22T12:39:57","date_gmt":"2016-11-22T12:39:57","guid":{"rendered":"https:\/\/www.wma.net\/fr\/?page_id=685"},"modified":"2019-06-06T14:54:11","modified_gmt":"2019-06-06T13:54:11","slug":"formation-sur-le-leadership-cpw","status":"publish","type":"page","link":"https:\/\/www.wma.net\/fr\/ce-que-nous-faisons\/education\/formation-sur-le-leadership-cpw\/","title":{"rendered":"Formation sur le Leadership CPW"},"content":{"rendered":"<p>L\u2019un des objectifs de la <a href=\"\/wma?page_id=666\">Caring Physicians of the World Initiative<\/a> \u00e9tait d\u2019intensifier les actions de d\u00e9fense et de renforcer les comp\u00e9tences de leadership des m\u00e9decins car il y a urgence. En 2006 et 2007, en collaboration avec l\u2019INSEAD, une de plus grande\u00a0\u00e9cole\u00a0de business du monde,\u00a0et en partenariat avec Pfizer Inc. l\u2019AMM a mis au point la formation sur le leadership AMM\/CPW. A partir de 2013 la formation est aussi sponsoris\u00e9e par BAYER Pharmaceuticals.<\/p>\n<p>Le programme a \u00e9t\u00e9 con\u00e7u pour d\u00e9veloppe le leadership et les comp\u00e9tences en mati\u00e8re de d\u00e9fense des m\u00e9decins afin qu\u2019ils puissent plus efficacement d\u00e9fendre les soins, l\u2019\u00e9ducation, la recherche, l\u2019\u00e9thique et la profession m\u00e9dicale. Le programme inclut des modules sur la Valeur de la diplomatie et des traditions m\u00e9dicales, les Syst\u00e8mes de sant\u00e9 mondiaux, la Perception par les m\u00e9decins de la profession, le Jugement individuel et la prise de d\u00e9cision en groupe, la Mani\u00e8re de mener des dossiers en fonction des cultures, les Styles de leadership efficaces, l\u2019Art et la Pratique du lobbying, la D\u00e9finition et la R\u00e9ussite des n\u00e9gociations, les N\u00e9gociations multipartites, la Formation de coalitions, l\u2019Am\u00e9lioration de la communication culturelle et virtuelle, Savoir se servir des media.<\/p>\n<p>La premi\u00e8re et la seconde formation ont eu lieu en d\u00e9cembre 2007 et 2008 \u00e0 l\u2019INSEAD de Fontainebleau, France. A partir de 2010 jusqu&rsquo;au 2015 les formations\u00a0ont eu lieu \u00e0 l\u2019INSEAD de Singapore. En 2016 la formation a eu lieu au Jacksonville campus de la clinique Mayo. Les participants doivent \u00eatre nomm\u00e9s par\u00a0le leadership des membres constituants.<\/p>\n<p><a href=\"https:\/\/www.wma.net\/wp-content\/uploads\/2016\/11\/010407_CPW_long_r1.pdf\" target=\"_blank\" rel=\"noopener noreferrer\">Pour en savoir plus sur la Caring Physicians of the World Initiative<\/a><\/p>\n","protected":false},"excerpt":{"rendered":"<p>L\u2019un des objectifs de la Caring Physicians of the World Initiative \u00e9tait d\u2019intensifier les actions de d\u00e9fense et de renforcer les comp\u00e9tences de leadership des m\u00e9decins car il y a urgence. En 2006 et 2007, en collaboration avec l\u2019INSEAD, une de plus grande\u00a0\u00e9cole\u00a0de business du monde,\u00a0et en partenariat avec Pfizer Inc. l\u2019AMM a mis au [&hellip;]<\/p>\n","protected":false},"author":3,"featured_media":0,"parent":680,"menu_order":2,"comment_status":"closed","ping_status":"closed","template":"","meta":[],"acf":[],"_links":{"self":[{"href":"https:\/\/www.wma.net\/fr\/wp-json\/wp\/v2\/pages\/685"}],"collection":[{"href":"https:\/\/www.wma.net\/fr\/wp-json\/wp\/v2\/pages"}],"about":[{"href":"https:\/\/www.wma.net\/fr\/wp-json\/wp\/v2\/types\/page"}],"author":[{"embeddable":true,"href":"https:\/\/www.wma.net\/fr\/wp-json\/wp\/v2\/users\/3"}],"replies":[{"embeddable":true,"href":"https:\/\/www.wma.net\/fr\/wp-json\/wp\/v2\/comments?post=685"}],"version-history":[{"count":11,"href":"https:\/\/www.wma.net\/fr\/wp-json\/wp\/v2\/pages\/685\/revisions"}],"predecessor-version":[{"id":12818,"href":"https:\/\/www.wma.net\/fr\/wp-json\/wp\/v2\/pages\/685\/revisions\/12818"}],"up":[{"embeddable":true,"href":"https:\/\/www.wma.net\/fr\/wp-json\/wp\/v2\/pages\/680"}],"wp:attachment":[{"href":"https:\/\/www.wma.net\/fr\/wp-json\/wp\/v2\/media?parent=685"}],"curies":[{"name":"wp","href":"https:\/\/api.w.org\/{rel}","templated":true}]}}