{"id":680,"date":"2016-11-22T12:38:32","date_gmt":"2016-11-22T12:38:32","guid":{"rendered":"https:\/\/www.wma.net\/fr\/?page_id=680"},"modified":"2021-12-16T11:00:47","modified_gmt":"2021-12-16T11:00:47","slug":"education","status":"publish","type":"page","link":"https:\/\/www.wma.net\/fr\/ce-que-nous-faisons\/education\/","title":{"rendered":"Ressources \u00e9ducatives"},"content":{"rendered":"<h3 class=\"p1\"><b>Partenariat avec World Continuing Education Alliance<\/b><\/h3>\n<p class=\"p1\">L&rsquo;AMM a conclu un accord de partenariat avec WCEA pour cr\u00e9er un r\u00e9seau mondial de cours continus d&rsquo;\u00e9ducation m\u00e9dicale.<\/p>\n<p class=\"p1\">Le r\u00e9seau de cours sera offert aux organisations du monde entier qui pourront s\u00e9lectionner des cours pour leurs m\u00e9decins \/ membres.<\/p>\n<p class=\"p1\">Les organisations membres de l\u2019AMM re\u00e7oivent des conditions sp\u00e9ciales pour acc\u00e9der \u00e0 la plate-forme et peuvent \u00e9galement partager l&rsquo;\u00e9ducation les uns avec les autres via le r\u00e9seau.<\/p>\n<p class=\"p1\">Le but de l&rsquo;initiative c\u2019est de distribuer l&rsquo;\u00e9ducation dans les r\u00e9gions en d\u00e9veloppement. Lorsque les \u00e9ducateurs facturent pour leur \u00e9ducation, ils sont invit\u00e9s \u00e0 offrir leur \u00e9ducation gratuitement aux &nbsp;m\u00e9decins dans les r\u00e9gions en d\u00e9veloppement.<\/p>\n<p class=\"p1\">Si vous \u00eates un \u00e9ducateur qui cherche \u00e0 vendre \/ distribuer de l\u2019\u00e9ducation dans le monde entier, ou une association, un h\u00f4pital, un l\u00e9gislateur qui souhaiterait avoir acc\u00e8s au r\u00e9seau \u00e9ducatif, veuillez envoyer un courriel \u00e0&nbsp;<a href=\"mailto:wma@wcea.education\">wma<span class=\"s2\">@wcea.education<\/span><\/a>&nbsp; ou visiter&nbsp;<a href=\"http:\/\/www.wcea.education\/\" target=\"_blank\" rel=\"noopener noreferrer\"><span class=\"s2\">www.wcea.education<\/span><\/a>.<\/p>\n<h3 class=\"p1\">Formation m\u00e9dicale continue des m\u00e9decins<\/h3>\n<p>L\u2019Association M\u00e9dicale Mondiale fournit des cours sur Internet et en mode traditionnel pour la formation continue des m\u00e9decins. Ces ressources \u00e9lectroniques et en version papier sont facilement accessibles sur ce site et gratuites.<\/p>\n","protected":false},"excerpt":{"rendered":"<p>Partenariat avec World Continuing Education Alliance L&rsquo;AMM a conclu un accord de partenariat avec WCEA pour cr\u00e9er un r\u00e9seau mondial de cours continus d&rsquo;\u00e9ducation m\u00e9dicale. Le r\u00e9seau de cours sera offert aux organisations du monde entier qui pourront s\u00e9lectionner des cours pour leurs m\u00e9decins \/ membres. Les organisations membres de l\u2019AMM re\u00e7oivent des conditions sp\u00e9ciales [&hellip;]<\/p>\n","protected":false},"author":3,"featured_media":0,"parent":618,"menu_order":7,"comment_status":"closed","ping_status":"closed","template":"","meta":[],"acf":[],"_links":{"self":[{"href":"https:\/\/www.wma.net\/fr\/wp-json\/wp\/v2\/pages\/680"}],"collection":[{"href":"https:\/\/www.wma.net\/fr\/wp-json\/wp\/v2\/pages"}],"about":[{"href":"https:\/\/www.wma.net\/fr\/wp-json\/wp\/v2\/types\/page"}],"author":[{"embeddable":true,"href":"https:\/\/www.wma.net\/fr\/wp-json\/wp\/v2\/users\/3"}],"replies":[{"embeddable":true,"href":"https:\/\/www.wma.net\/fr\/wp-json\/wp\/v2\/comments?post=680"}],"version-history":[{"count":6,"href":"https:\/\/www.wma.net\/fr\/wp-json\/wp\/v2\/pages\/680\/revisions"}],"predecessor-version":[{"id":17372,"href":"https:\/\/www.wma.net\/fr\/wp-json\/wp\/v2\/pages\/680\/revisions\/17372"}],"up":[{"embeddable":true,"href":"https:\/\/www.wma.net\/fr\/wp-json\/wp\/v2\/pages\/618"}],"wp:attachment":[{"href":"https:\/\/www.wma.net\/fr\/wp-json\/wp\/v2\/media?parent=680"}],"curies":[{"name":"wp","href":"https:\/\/api.w.org\/{rel}","templated":true}]}}