{"id":672,"date":"2016-11-22T12:34:17","date_gmt":"2016-11-22T12:34:17","guid":{"rendered":"https:\/\/www.wma.net\/fr\/?page_id=672"},"modified":"2025-09-08T16:05:14","modified_gmt":"2025-09-08T15:05:14","slug":"grippe","status":"publish","type":"page","link":"https:\/\/www.wma.net\/fr\/ce-que-nous-faisons\/campaigns\/grippe\/","title":{"rendered":"Grippe"},"content":{"rendered":"<p>La grippe est une infection pouvant provoquer des maladies graves, longues et d\u00e9vastatrices, voir m\u00eame \u00e0 la mort. Davantage de s\u00e9jours \u00e0 l\u2019h\u00f4pital et des co\u00fbts suppl\u00e9mentaires peuvent en r\u00e9sulter. Le risque de complications li\u00e9es \u00e0 la grippe est maximal parmi les personnes \u00e2g\u00e9es, les jeunes enfants, les patients souffrant de pathologies sous-jacentes et les femmes enceintes.<\/p>\n<p>Les m\u00e9decins et les autres personnels soignants jouent un r\u00f4le important en mati\u00e8re de pr\u00e9vention et de transmission du virus. Ce dernier peut \u00eatre transmis par des professionnels de sant\u00e9 pr\u00e9sentant ou non des sympt\u00f4mes, ce qui augmente l\u2019exposition des patients et des employ\u00e9s au virus. Malgr\u00e9 cela, le taux de vaccination du personnel soignant demeure tr\u00e8s faible.<\/p>\n<p>Pour tenter de r\u00e9soudre ce probl\u00e8me l\u2019AMM a lanc\u00e9 une campagne de communication mondiale pour la vaccination parmi les m\u00e9decins, aid\u00e9e en cela par la F\u00e9d\u00e9ration Internationale de l&rsquo;industrie du M\u00e9dicament (IFPMA). La premi\u00e8re ann\u00e9e, la campagne a cibl\u00e9 les m\u00e9decins via les associations membres de l\u2019AMM afin d&rsquo;encourager la vaccination contre la grippe et d\u2019inciter les m\u00e9decins \u00e0 servir de mod\u00e8les. L\u2019ann\u00e9e suivante, en 2014, l\u2019accent a \u00e9t\u00e9 mis sur des cibles secondaires, \u00e0 savoir les personnes souffrant de MNT. En 2015, la campagne s\u2019est ax\u00e9e sur les enfants constituant l\u2019un des groupes vuln\u00e9rables. De nombreuses ressources ont \u00e9t\u00e9 cr\u00e9\u00e9es tout au long de la campagne y compris un micro site d\u00e9di\u00e9 \u00e0 la campagne, des supports de sensibilisation, des vid\u00e9os, des interviews, des blogs et des ressources pour les r\u00e9seaux sociaux. Elles sont toutes disponibles gratuitement sur la page internet de la campagne.<\/p>\n","protected":false},"excerpt":{"rendered":"<p>La grippe est une infection pouvant provoquer des maladies graves, longues et d\u00e9vastatrices, voir m\u00eame \u00e0 la mort. Davantage de s\u00e9jours \u00e0 l\u2019h\u00f4pital et des co\u00fbts suppl\u00e9mentaires peuvent en r\u00e9sulter. Le risque de complications li\u00e9es \u00e0 la grippe est maximal parmi les personnes \u00e2g\u00e9es, les jeunes enfants, les patients souffrant de pathologies sous-jacentes et les [&hellip;]<\/p>\n","protected":false},"author":3,"featured_media":0,"parent":2734,"menu_order":0,"comment_status":"closed","ping_status":"closed","template":"","meta":[],"acf":[],"_links":{"self":[{"href":"https:\/\/www.wma.net\/fr\/wp-json\/wp\/v2\/pages\/672"}],"collection":[{"href":"https:\/\/www.wma.net\/fr\/wp-json\/wp\/v2\/pages"}],"about":[{"href":"https:\/\/www.wma.net\/fr\/wp-json\/wp\/v2\/types\/page"}],"author":[{"embeddable":true,"href":"https:\/\/www.wma.net\/fr\/wp-json\/wp\/v2\/users\/3"}],"replies":[{"embeddable":true,"href":"https:\/\/www.wma.net\/fr\/wp-json\/wp\/v2\/comments?post=672"}],"version-history":[{"count":13,"href":"https:\/\/www.wma.net\/fr\/wp-json\/wp\/v2\/pages\/672\/revisions"}],"predecessor-version":[{"id":12791,"href":"https:\/\/www.wma.net\/fr\/wp-json\/wp\/v2\/pages\/672\/revisions\/12791"}],"up":[{"embeddable":true,"href":"https:\/\/www.wma.net\/fr\/wp-json\/wp\/v2\/pages\/2734"}],"wp:attachment":[{"href":"https:\/\/www.wma.net\/fr\/wp-json\/wp\/v2\/media?parent=672"}],"curies":[{"name":"wp","href":"https:\/\/api.w.org\/{rel}","templated":true}]}}