{"id":666,"date":"2016-11-22T12:31:35","date_gmt":"2016-11-22T12:31:35","guid":{"rendered":"https:\/\/www.wma.net\/fr\/?page_id=666"},"modified":"2019-06-06T14:55:36","modified_gmt":"2019-06-06T13:55:36","slug":"cpw-initiative","status":"publish","type":"page","link":"https:\/\/www.wma.net\/fr\/ce-que-nous-faisons\/cpw-initiative\/","title":{"rendered":"CPW Initiative"},"content":{"rendered":"<p>La d\u00e9livrance de soins, l\u2019\u00e9thique et la science sont les trois traditions universelles et essentielles r\u00e9unissant les professionnels de sant\u00e9 dans le monde. C\u2019est pourquoi les souhaits et pr\u00e9occupations des m\u00e9decins sont similaires partout dans le monde en d\u00e9pit des \u00e9normes disparit\u00e9s au niveau de l\u2019environnement et des conditions dans lesquelles les m\u00e9decins soignent les patients. L\u2019Initiative des m\u00e9decins exemplaires dans le monde avait \u00e9t\u00e9 lanc\u00e9e pour restaurer l\u2019enthousiasme et l\u2019optimisme dans le domaine de la m\u00e9decine, au travers d\u2019un leadership m\u00e9dical et social bas\u00e9 sur les traditions p\u00e9rennes de la profession m\u00e9dicale: \u00a0 la d\u00e9livrance de soins, l\u2019\u00e9thique et la science. L\u2019initiative a vu le jour \u00e0 Helsinki en Finlande lors de l\u2019Assembl\u00e9e Annuelle 2003 de l\u2019Association M\u00e9dicale Mondiale. Elle est toujours d\u2019actualit\u00e9.<\/p>\n<p><em>Le plus important est de soigner, commencez donc par cela. Un m\u00e9decin agissant ainsi inspire l\u2019espoir et la confiance.<\/em><\/p>\n<p><strong>Sir William Osler<\/strong><\/p>\n<p>Depuis 2007, l\u2019AMM organise une formation sur Leadership qui s\u2019est tenue de 2007 \u00e0 2015 \u00e0 l\u2019International Business School INSEAD. La premi\u00e8re fois dans le campus de Fontainebleau au sud de Paris et derni\u00e8rement \u00e0 Singapore. La formation a fourni une s\u00e9rie de connaissances sur Leadership \u00e0 des personnes d\u00e9sign\u00e9es par leur association m\u00e9dicale. Le Leadership avec et sans autorit\u00e9, la n\u00e9gociation, le lobbying, les relations avec la presse et la coop\u00e9ration\u00a0 internationale sont les composantes majeures de cette formation d\u2019une semaine. Depuis 2016 l\u2019AMM g\u00e8re la formation de mani\u00e8re autonome avec le soutien d&rsquo;une facult\u00e9 ext\u00e9rieure et de la Clinique Mayo, ayant \u00e9galement accueilli la formation sur son campus \u00e0 Jacksonville en Floride.<\/p>\n<p>222 \u00a0personnes\u00a0 de 48 pays et de tous les continents ont particip\u00e9 \u00e0 7 formations jusqu\u2019en 2016. Beaucoup d\u2019entre eux \u00e9taient de nouveaux dirigeants dans leurs organisations et \u00e9taient pr\u00e9sents en tant Pr\u00e9sidents d\u00e9j\u00e0 \u00e9lus ou en tant que Secr\u00e9taires G\u00e9n\u00e9raux. De nombreux autres ont ensuite \u00e9t\u00e9 \u00e9lus \u00e0 des postes varies. Certains se sont gentiment exprim\u00e9s pour souligner l&rsquo;utilit\u00e9 de cette formation au leadership. Veuillez cliquer sur le lien fourni dans la section Ressources.<\/p>\n<p><strong>L\u2019Initiative des\u00a0m\u00e9decins\u00a0exemplaires dans le monde a pu se concr\u00e9tiser gr\u00e2ce aux subventions <\/strong>de\u00a0Pfizer Humanities Initiative, Pfizer Inc et de Bayer AG.<\/p>\n","protected":false},"excerpt":{"rendered":"<p>La d\u00e9livrance de soins, l\u2019\u00e9thique et la science sont les trois traditions universelles et essentielles r\u00e9unissant les professionnels de sant\u00e9 dans le monde. C\u2019est pourquoi les souhaits et pr\u00e9occupations des m\u00e9decins sont similaires partout dans le monde en d\u00e9pit des \u00e9normes disparit\u00e9s au niveau de l\u2019environnement et des conditions dans lesquelles les m\u00e9decins soignent les [&hellip;]<\/p>\n","protected":false},"author":3,"featured_media":0,"parent":618,"menu_order":4,"comment_status":"closed","ping_status":"closed","template":"","meta":[],"acf":[],"_links":{"self":[{"href":"https:\/\/www.wma.net\/fr\/wp-json\/wp\/v2\/pages\/666"}],"collection":[{"href":"https:\/\/www.wma.net\/fr\/wp-json\/wp\/v2\/pages"}],"about":[{"href":"https:\/\/www.wma.net\/fr\/wp-json\/wp\/v2\/types\/page"}],"author":[{"embeddable":true,"href":"https:\/\/www.wma.net\/fr\/wp-json\/wp\/v2\/users\/3"}],"replies":[{"embeddable":true,"href":"https:\/\/www.wma.net\/fr\/wp-json\/wp\/v2\/comments?post=666"}],"version-history":[{"count":11,"href":"https:\/\/www.wma.net\/fr\/wp-json\/wp\/v2\/pages\/666\/revisions"}],"predecessor-version":[{"id":12819,"href":"https:\/\/www.wma.net\/fr\/wp-json\/wp\/v2\/pages\/666\/revisions\/12819"}],"up":[{"embeddable":true,"href":"https:\/\/www.wma.net\/fr\/wp-json\/wp\/v2\/pages\/618"}],"wp:attachment":[{"href":"https:\/\/www.wma.net\/fr\/wp-json\/wp\/v2\/media?parent=666"}],"curies":[{"name":"wp","href":"https:\/\/api.w.org\/{rel}","templated":true}]}}