{"id":663,"date":"2016-11-22T12:31:08","date_gmt":"2016-11-22T12:31:08","guid":{"rendered":"https:\/\/www.wma.net\/fr\/?page_id=663"},"modified":"2023-04-03T17:42:11","modified_gmt":"2023-04-03T16:42:11","slug":"systemes-de-sante","status":"publish","type":"page","link":"https:\/\/www.wma.net\/fr\/ce-que-nous-faisons\/systemes-de-sante\/","title":{"rendered":"Syst\u00e8mes de Sant\u00e9"},"content":{"rendered":"<p>L\u2019acc\u00e8s \u00e0 des soins m\u00e9dicaux de grande qualit\u00e9 pour les individus, les groupes et les populations d\u00e9pend grandement de l\u2019existence et de la force du syst\u00e8me de soins. L\u2019AMM ne promeut pas un certain type de syst\u00e8me de soins mais consid\u00e8re que disposer d\u2019un syst\u00e8me de soins et avoir acc\u00e8s aux soins m\u00e9dicaux au moment o\u00f9 il faut constitue un droit humain.<\/p>\n<p>Un \u00e9tat a l\u2019obligation d\u2019instaurer des lois et des r\u00e9glementations et, si n\u00e9cessaire, une structure et des organisations, \u00e0 m\u00eame d\u2019assurer la sant\u00e9 et des soins m\u00e9dicaux \u00e0 tous les individus sans aucune discrimination. On peut y parvenir de diverses fa\u00e7ons mais en respectant les valeurs et la culture de la soci\u00e9t\u00e9 concern\u00e9e.<\/p>\n<p>L\u2019AMM pr\u00f4ne un syst\u00e8me\u00a0 de sant\u00e9 holistique ax\u00e9 sur les soins de sant\u00e9 primaires en tant qu&rsquo;\u00e9l\u00e9ment cl\u00e9 d\u2019un syst\u00e8me\u00a0 de soins complet, incluant la promotion de la sant\u00e9, la pr\u00e9vention, des soins secondaires, tertiaires et la r\u00e9habilitation, respectant les personnes au c\u0153ur de la m\u00e9decine. Les syst\u00e8mes de sant\u00e9 doivent fournir un acc\u00e8s libre, \u00e9quitable et des traitements efficaces aux patients. Ils doivent \u00e9tudier soigneusement les d\u00e9terminants sociaux de la sant\u00e9. Dans un tel syst\u00e8me, les m\u00e9decins travaillent au sein d\u2019une \u00e9quipe m\u00e9dicale o\u00f9 chaque profession coop\u00e8re dans le cadre de ses comp\u00e9tences et en respectant l&rsquo;expertise des autres membres de l&rsquo;\u00e9quipe.<\/p>\n<p>Les soins de sant\u00e9 eux-m\u00eames peuvent \u00eatre l\u2019un des fondements majeurs des\u00a0 \u00e9conomies. Un syst\u00e8me de soins solide et \u00e9quitable n&rsquo;assure pas seulement une meilleure sant\u00e9 aux personnes mais offre aussi des emplois s\u00fbrs, aide le pays \u00e0 mieux surmonter les crises \u00e9conomiques\u00a0 et \u00e0 se pr\u00e9parer \u00e0 r\u00e9pondre aux catastrophes, contribue \u00e0 la justice et \u00e0 la stabilit\u00e9 sociales. Reconnaitre\u00a0 l\u2019importance des professionnels\u00a0 de sant\u00e9 et des investissements dans le personnel m\u00e9dical est crucial pour atteindre la couverture sanitaire universelle et les ODD.<\/p>\n","protected":false},"excerpt":{"rendered":"<p>L\u2019acc\u00e8s \u00e0 des soins m\u00e9dicaux de grande qualit\u00e9 pour les individus, les groupes et les populations d\u00e9pend grandement de l\u2019existence et de la force du syst\u00e8me de soins. L\u2019AMM ne promeut pas un certain type de syst\u00e8me de soins mais consid\u00e8re que disposer d\u2019un syst\u00e8me de soins et avoir acc\u00e8s aux soins m\u00e9dicaux au moment [&hellip;]<\/p>\n","protected":false},"author":3,"featured_media":0,"parent":618,"menu_order":3,"comment_status":"closed","ping_status":"closed","template":"","meta":[],"acf":[],"_links":{"self":[{"href":"https:\/\/www.wma.net\/fr\/wp-json\/wp\/v2\/pages\/663"}],"collection":[{"href":"https:\/\/www.wma.net\/fr\/wp-json\/wp\/v2\/pages"}],"about":[{"href":"https:\/\/www.wma.net\/fr\/wp-json\/wp\/v2\/types\/page"}],"author":[{"embeddable":true,"href":"https:\/\/www.wma.net\/fr\/wp-json\/wp\/v2\/users\/3"}],"replies":[{"embeddable":true,"href":"https:\/\/www.wma.net\/fr\/wp-json\/wp\/v2\/comments?post=663"}],"version-history":[{"count":9,"href":"https:\/\/www.wma.net\/fr\/wp-json\/wp\/v2\/pages\/663\/revisions"}],"predecessor-version":[{"id":20438,"href":"https:\/\/www.wma.net\/fr\/wp-json\/wp\/v2\/pages\/663\/revisions\/20438"}],"up":[{"embeddable":true,"href":"https:\/\/www.wma.net\/fr\/wp-json\/wp\/v2\/pages\/618"}],"wp:attachment":[{"href":"https:\/\/www.wma.net\/fr\/wp-json\/wp\/v2\/media?parent=663"}],"curies":[{"name":"wp","href":"https:\/\/api.w.org\/{rel}","templated":true}]}}