{"id":655,"date":"2016-11-22T12:28:05","date_gmt":"2016-11-22T12:28:05","guid":{"rendered":"https:\/\/www.wma.net\/fr\/?page_id=655"},"modified":"2023-11-13T14:49:32","modified_gmt":"2023-11-13T14:49:32","slug":"changements-climatiques","status":"publish","type":"page","link":"https:\/\/www.wma.net\/fr\/ce-que-nous-faisons\/sante-publique\/changements-climatiques\/","title":{"rendered":"Changements Climatiques"},"content":{"rendered":"<p>Il existe \u00e0 pr\u00e9sent des preuves convaincantes sur les risques sanitaires li\u00e9s aux changements climatiques \u00a0\u00a0mena\u00e7ant les populations \u00e0 la fois des pays \u00e0 faibles et hauts revenus. Parmi ces cons\u00e9quences l\u00e9tales, il faut citer les canicules, les inondations et les ph\u00e9nom\u00e8nes climatiques extr\u00eames qui sont plus fr\u00e9quents. Parmi les cons\u00e9quences moins directes il faut citer l\u2019aggravation de la s\u00e9curit\u00e9 alimentaire et la malnutrition ainsi que les d\u00e9placements de populations. S\u2019attaquer aux changements climatiques est \u00e9galement une opportunit\u00e9 pour am\u00e9liorer la sant\u00e9 mondiale au 21<sup>e<\/sup> si\u00e8cle du fait des co-b\u00e9n\u00e9fices sanitaires importants des solutions \u00e0 faible empreinte carbone.<\/p>\n<p>L&rsquo;AMM suit les <a href=\"http:\/\/unfccc.int\/portal_francophone\/items\/3072.php\" target=\"_blank\" rel=\"noopener noreferrer\">n\u00e9gociations des Nations Unies relatives aux changement climatiques<\/a> afin de tenir compte de l\u2019impact bien document\u00e9 des changements climatiques sur la sant\u00e9 et des b\u00e9n\u00e9fices pour la sant\u00e9 publique r\u00e9sultant des activit\u00e9s d&rsquo;att\u00e9nuation des changements climatiques. Les m\u00e9decins plaident pour que la sant\u00e9 soit une composante \u00e0 part enti\u00e8re des d\u00e9bats sur les changements climatiques et pour une application efficace et ambitieuse de l\u2019Accord de Paris adopt\u00e9 en d\u00e9cembre 2016.<\/p>\n<p><span style=\"color: #000080\"><strong>Conf\u00e9rence des Nations Unies sur le changement climatique COP28 &#8211; Emirats Arabes Unis Nov\/D\u00e9c 2023 :<\/strong><\/span><\/p>\n<ul>\n<li>Dans une <a href=\"https:\/\/cop28healthletter.com\/#letter\">lettre ouverte<\/a> du 1er novembre, les leaders mondiaux de la sant\u00e9, dont l&rsquo;AMM, ont demand\u00e9 \u00e0 la pr\u00e9sidence de la COP28 et aux leaders mondiaux de s&rsquo;engager \u00e0 acc\u00e9l\u00e9rer l&rsquo;\u00e9limination des combustibles fossiles et \u00e0 investir dans la transition vers les \u00e9nergies renouvelables afin de garantir la sant\u00e9 pour tous. #FossilFree4Health #COP28HealthLetter<\/li>\n<li>L&rsquo;Organisation mondiale de la sant\u00e9 invite les professionnels de sant\u00e9 et les organisations de sant\u00e9 \u00e0 signer un <a href=\"https:\/\/www.who.int\/fr\/teams\/environment-climate-change-and-health\/call-for-climate-action\">appel \u00e0 l&rsquo;action<\/a> pour mettre fin aux combustibles fossiles, construire des syst\u00e8mes de sant\u00e9 r\u00e9silients et \u00e0 faible \u00e9mission de carbone, et fournir les financements promis pour le climat.<\/li>\n<\/ul>\n","protected":false},"excerpt":{"rendered":"<p>Il existe \u00e0 pr\u00e9sent des preuves convaincantes sur les risques sanitaires li\u00e9s aux changements climatiques \u00a0\u00a0mena\u00e7ant les populations \u00e0 la fois des pays \u00e0 faibles et hauts revenus. Parmi ces cons\u00e9quences l\u00e9tales, il faut citer les canicules, les inondations et les ph\u00e9nom\u00e8nes climatiques extr\u00eames qui sont plus fr\u00e9quents. Parmi les cons\u00e9quences moins directes il faut [&hellip;]<\/p>\n","protected":false},"author":3,"featured_media":0,"parent":649,"menu_order":2,"comment_status":"closed","ping_status":"closed","template":"","meta":[],"acf":[],"_links":{"self":[{"href":"https:\/\/www.wma.net\/fr\/wp-json\/wp\/v2\/pages\/655"}],"collection":[{"href":"https:\/\/www.wma.net\/fr\/wp-json\/wp\/v2\/pages"}],"about":[{"href":"https:\/\/www.wma.net\/fr\/wp-json\/wp\/v2\/types\/page"}],"author":[{"embeddable":true,"href":"https:\/\/www.wma.net\/fr\/wp-json\/wp\/v2\/users\/3"}],"replies":[{"embeddable":true,"href":"https:\/\/www.wma.net\/fr\/wp-json\/wp\/v2\/comments?post=655"}],"version-history":[{"count":14,"href":"https:\/\/www.wma.net\/fr\/wp-json\/wp\/v2\/pages\/655\/revisions"}],"predecessor-version":[{"id":21300,"href":"https:\/\/www.wma.net\/fr\/wp-json\/wp\/v2\/pages\/655\/revisions\/21300"}],"up":[{"embeddable":true,"href":"https:\/\/www.wma.net\/fr\/wp-json\/wp\/v2\/pages\/649"}],"wp:attachment":[{"href":"https:\/\/www.wma.net\/fr\/wp-json\/wp\/v2\/media?parent=655"}],"curies":[{"name":"wp","href":"https:\/\/api.w.org\/{rel}","templated":true}]}}