{"id":647,"date":"2016-11-22T12:25:42","date_gmt":"2016-11-22T12:25:42","guid":{"rendered":"https:\/\/www.wma.net\/fr\/?page_id=647"},"modified":"2019-06-06T14:08:04","modified_gmt":"2019-06-06T13:08:04","slug":"lgbt","status":"publish","type":"page","link":"https:\/\/www.wma.net\/fr\/ce-que-nous-faisons\/droits-humains\/lgbt\/","title":{"rendered":"LGBT"},"content":{"rendered":"<p>En soignant les \u00eatres humains, les professionnels de sant\u00e9 exp\u00e9rimentent la diversit\u00e9 humaine, y compris les diff\u00e9rentes variantes de la sexualit\u00e9.<\/p>\n<p>Une grande part de la recherche scientifique pr\u00e9cise que l\u2019homosexualit\u00e9\u00a0 est une variante\u00a0 naturelle de la sexualit\u00e9 humaine sans impact intrins\u00e8que nocif pour\u00a0 la sant\u00e9. La discrimination directe et indirecte, la stigmatisation, le rejet par les pairs et l\u2019intimidation continuent d&rsquo;avoir un impact s\u00e9rieux sur la sant\u00e9 psychologique et physique des personnes homosexuelles ou bisexuelles. Ces exp\u00e9riences n\u00e9gatives conduisent \u00e0 une pr\u00e9valence plus \u00e9lev\u00e9e de la d\u00e9pression, de l\u2019anxi\u00e9t\u00e9, de l\u2019abus de substances, de pens\u00e9es suicidaires\u00a0 et de tentatives de suicide.\u00a0 Le taux de suicide parmi les adolescents et les jeunes adultes bisexuels ou homosexuels est de ce fait trois fois plus \u00e9lev\u00e9 que celui de leurs pairs.<\/p>\n<p>L\u2019AMM condamne toute forme de stigmatisation, de criminalisation et de discrimination des personnes bas\u00e9es sur leur orientation sexuelle et affirme que les approches psychiatrique ou psychoth\u00e9rapeutique ne doivent pas s&rsquo;axer sur l\u2019homosexualit\u00e9 elle-m\u00eame mais plut\u00f4t sur les conflits entre l\u2019homosexualit\u00e9 et les normes et pr\u00e9jug\u00e9s religieux, sociaux et int\u00e9rioris\u00e9s.<\/p>\n","protected":false},"excerpt":{"rendered":"<p>En soignant les \u00eatres humains, les professionnels de sant\u00e9 exp\u00e9rimentent la diversit\u00e9 humaine, y compris les diff\u00e9rentes variantes de la sexualit\u00e9. Une grande part de la recherche scientifique pr\u00e9cise que l\u2019homosexualit\u00e9\u00a0 est une variante\u00a0 naturelle de la sexualit\u00e9 humaine sans impact intrins\u00e8que nocif pour\u00a0 la sant\u00e9. La discrimination directe et indirecte, la stigmatisation, le rejet [&hellip;]<\/p>\n","protected":false},"author":3,"featured_media":0,"parent":637,"menu_order":4,"comment_status":"closed","ping_status":"closed","template":"","meta":[],"acf":[],"_links":{"self":[{"href":"https:\/\/www.wma.net\/fr\/wp-json\/wp\/v2\/pages\/647"}],"collection":[{"href":"https:\/\/www.wma.net\/fr\/wp-json\/wp\/v2\/pages"}],"about":[{"href":"https:\/\/www.wma.net\/fr\/wp-json\/wp\/v2\/types\/page"}],"author":[{"embeddable":true,"href":"https:\/\/www.wma.net\/fr\/wp-json\/wp\/v2\/users\/3"}],"replies":[{"embeddable":true,"href":"https:\/\/www.wma.net\/fr\/wp-json\/wp\/v2\/comments?post=647"}],"version-history":[{"count":9,"href":"https:\/\/www.wma.net\/fr\/wp-json\/wp\/v2\/pages\/647\/revisions"}],"predecessor-version":[{"id":12775,"href":"https:\/\/www.wma.net\/fr\/wp-json\/wp\/v2\/pages\/647\/revisions\/12775"}],"up":[{"embeddable":true,"href":"https:\/\/www.wma.net\/fr\/wp-json\/wp\/v2\/pages\/637"}],"wp:attachment":[{"href":"https:\/\/www.wma.net\/fr\/wp-json\/wp\/v2\/media?parent=647"}],"curies":[{"name":"wp","href":"https:\/\/api.w.org\/{rel}","templated":true}]}}