{"id":645,"date":"2016-11-22T12:25:19","date_gmt":"2016-11-22T12:25:19","guid":{"rendered":"https:\/\/www.wma.net\/fr\/?page_id=645"},"modified":"2019-06-06T14:33:30","modified_gmt":"2019-06-06T13:33:30","slug":"femmes-et-sante","status":"publish","type":"page","link":"https:\/\/www.wma.net\/fr\/ce-que-nous-faisons\/droits-humains\/femmes-et-sante\/","title":{"rendered":"Femmes et sant\u00e9"},"content":{"rendered":"<p>Le droit des femmes \u00e0 b\u00e9n\u00e9ficier du plus haut standard de sant\u00e9 possible doit \u00eatre garanti tout au long de la vie, \u00e0 \u00e9galit\u00e9 totale avec les hommes. Les femmes sont touch\u00e9es par bon nombre de pathologies affectant aussi les hommes mais les femmes le vivent diff\u00e9remment. La pr\u00e9valence parmi les femmes de la pauvret\u00e9 et de la d\u00e9pendance \u00e9conomique, l\u2019exposition \u00e0 la violence, le comportement n\u00e9gatif envers elles, les discriminations raciales ou autres, le manque de pouvoir de bon nombre de femmes sur leur vie sexuelle et leur f\u00e9condation et leur manque d\u2019influence sur les d\u00e9cisions sont autant de r\u00e9alit\u00e9s sociales qui nuisent \u00e0 leur sant\u00e9. Une bonne sant\u00e9 est essentielle pour mener une vie digne, productive et \u00e9panouissante et le droit de toutes les femmes \u00e0 contr\u00f4ler tous les aspects de leur sant\u00e9, notamment leur fertilit\u00e9, est crucial pour leur libert\u00e9 et leur affirmation.<\/p>\n<p>Dans l\u2019article 12 de la <a href=\"http:\/\/www.un.org\/womenwatch\/daw\/cedaw\/cedaw.htm\" target=\"_blank\" rel=\"noopener noreferrer\">Convention sur l&rsquo;\u00e9limination de toutes les formes de discrimination \u00e0 l&rsquo;\u00e9gard des femmes<\/a> (1979), les Etats Parties s\u2019engagent \u00e0 \u201c1. (\u2026) prendre toutes les mesures appropri\u00e9es pour \u00e9liminer la discrimination envers les femmes dans le domaine de la sant\u00e9 afin de garantir, sur la base d\u2019une \u00e9quit\u00e9 entre hommes et femmes, un acc\u00e8s aux soins dont ceux relatifs au planning familial.\u201d<\/p>\n<p>L\u2019AMM est engag\u00e9e dans une mission de suppression des obstacles emp\u00eachant les femmes du monde entier de faire valoir leur droit aux plus hautes normes de sant\u00e9 possibles.<\/p>\n","protected":false},"excerpt":{"rendered":"<p>Le droit des femmes \u00e0 b\u00e9n\u00e9ficier du plus haut standard de sant\u00e9 possible doit \u00eatre garanti tout au long de la vie, \u00e0 \u00e9galit\u00e9 totale avec les hommes. Les femmes sont touch\u00e9es par bon nombre de pathologies affectant aussi les hommes mais les femmes le vivent diff\u00e9remment. La pr\u00e9valence parmi les femmes de la pauvret\u00e9 [&hellip;]<\/p>\n","protected":false},"author":3,"featured_media":0,"parent":637,"menu_order":3,"comment_status":"closed","ping_status":"closed","template":"","meta":[],"acf":[],"_links":{"self":[{"href":"https:\/\/www.wma.net\/fr\/wp-json\/wp\/v2\/pages\/645"}],"collection":[{"href":"https:\/\/www.wma.net\/fr\/wp-json\/wp\/v2\/pages"}],"about":[{"href":"https:\/\/www.wma.net\/fr\/wp-json\/wp\/v2\/types\/page"}],"author":[{"embeddable":true,"href":"https:\/\/www.wma.net\/fr\/wp-json\/wp\/v2\/users\/3"}],"replies":[{"embeddable":true,"href":"https:\/\/www.wma.net\/fr\/wp-json\/wp\/v2\/comments?post=645"}],"version-history":[{"count":7,"href":"https:\/\/www.wma.net\/fr\/wp-json\/wp\/v2\/pages\/645\/revisions"}],"predecessor-version":[{"id":12793,"href":"https:\/\/www.wma.net\/fr\/wp-json\/wp\/v2\/pages\/645\/revisions\/12793"}],"up":[{"embeddable":true,"href":"https:\/\/www.wma.net\/fr\/wp-json\/wp\/v2\/pages\/637"}],"wp:attachment":[{"href":"https:\/\/www.wma.net\/fr\/wp-json\/wp\/v2\/media?parent=645"}],"curies":[{"name":"wp","href":"https:\/\/api.w.org\/{rel}","templated":true}]}}