{"id":643,"date":"2016-11-22T12:24:43","date_gmt":"2016-11-22T12:24:43","guid":{"rendered":"https:\/\/www.wma.net\/fr\/?page_id=643"},"modified":"2019-06-06T14:06:25","modified_gmt":"2019-06-06T13:06:25","slug":"prevention-de-la-torture","status":"publish","type":"page","link":"https:\/\/www.wma.net\/fr\/ce-que-nous-faisons\/droits-humains\/prevention-de-la-torture\/","title":{"rendered":"Pr\u00e9vention de la Torture"},"content":{"rendered":"<p>La torture est l\u2019une des violations les plus graves des droits fondamentaux d\u2019une personne. Elle d\u00e9truit la dignit\u00e9, le corps et l\u2019esprit et a un impact \u00e9tendu sur la famille et la communaut\u00e9. Ne pas subir de torture est un droit humain universel et fondamental pour tous qui est garanti par le droit international et d\u00e9fini dans la Convention des Nations Unies contre la torture.\u00a0\u00a0 Cette pratique demeure toutefois tr\u00e8s r\u00e9pandue, notamment dans les endroits \u00e0 l\u2019abri du public.<\/p>\n<p>L\u2019AMM est depuis longtemps engag\u00e9e dans la lutte contre toutes les formes de torture et de mauvais traitements. L\u2019AMM condamne sans \u00e9quivoque toute implication des m\u00e9decins dans les actes de torture qu\u2019il s\u2019agisse d\u2019une implication passive ou active, et consid\u00e8re qu\u2019il s\u2019agit l\u00e0 d\u2019une grave infraction au Code international d&rsquo;\u00e9thique et \u00e0 la loi sur les droits humains.<\/p>\n<p>Le Protocole d\u2019Istanbul\u00a0: Un manuel pour enqu\u00eater et documenter efficacement la torture et les autres traitements cruels, inhumains ou d\u00e9gradants<\/p>\n<p>Le Protocole d\u2019Istanbul (1999), adopt\u00e9 par les NU, fournit le premier ensemble de directives internationalement reconnues pour les m\u00e9decins et les m\u00e9decins l\u00e9gistes afin de d\u00e9terminer si une personne a \u00e9t\u00e9 tortur\u00e9e. Il liste les preuves objectives qui pourront \u00eatre utilis\u00e9es dans des proc\u00e8s intent\u00e9s contre ceux ayant pratiqu\u00e9 la torture. Le Protocole d\u2019Istanbul est un outil majeur au niveau mondial pour mettre un terme \u00e0 l\u2019impunit\u00e9 des coupables. Avec d\u2019autres organisations, l\u2019AMM s\u2019est grandement impliqu\u00e9e dans l\u2019\u00e9laboration du Protocole et soutient activement sa diffusion et son utilisation.<\/p>\n<h3>R\u00e8gles Nelson Mandela<\/h3>\n<p>Les R\u00e8gles Minima pour le Traitement des d\u00e9tenus ont \u00e9t\u00e9 adopt\u00e9es en 1957 et r\u00e9vis\u00e9es puis rebaptis\u00e9es R\u00e8gles Nelson Mandela en 2015.\u00a0 Elles sont souvent consid\u00e9r\u00e9es par les \u00e9tats comme la premi\u00e8re source de normes pour\u00a0 le traitement en d\u00e9tention. Les r\u00e8gles r\u00e9vis\u00e9es stipulent des dispositions strictes concernant l\u2019isolement, les fouilles corporelles. Elles indiquent \u00e9galement que les professionnels de sant\u00e9 ind\u00e9pendants ont le devoir de ne pas participer \u00e0 des actes de torture ou \u00e0 d\u2019autres mauvais traitements.<\/p>\n<h3>L\u2019OPCAT (2)<\/h3>\n<p>Le protocole facultatif \u00e0 la Convention des Nations Unies contre la torture (OPCAT) \u00e9tablit \u201cun syst\u00e8me de visites r\u00e9guli\u00e8res assur\u00e9es par des instances ind\u00e9pendantes internationales et nationales sur les lieux de d\u00e9tention afin de pr\u00e9venir la torture et les ch\u00e2timents ou traitements cruels, inhumains ou d\u00e9gradants (article 1 du Protocole).<\/p>\n<p>En tant que membres du syst\u00e8me, les Etats Parties sont invit\u00e9s \u00e0 mettre en place au niveau national une instance effectuant des visites pour pr\u00e9venir la torture (commun\u00e9ment intitul\u00e9e M\u00e9canisme National de Pr\u00e9vention). Selon l\u2019AMM\u00a0 la participation des m\u00e9decins dans ces visites est essentielle pour traiter les questions de sant\u00e9 relatives \u00e0 la torture et aux mauvais traitements, pour \u00e9valuer le syst\u00e8me de sant\u00e9 et l\u2019impact des conditions g\u00e9n\u00e9rales de d\u00e9tention sur la sant\u00e9 des populations d\u00e9tenues.<\/p>\n","protected":false},"excerpt":{"rendered":"<p>La torture est l\u2019une des violations les plus graves des droits fondamentaux d\u2019une personne. Elle d\u00e9truit la dignit\u00e9, le corps et l\u2019esprit et a un impact \u00e9tendu sur la famille et la communaut\u00e9. Ne pas subir de torture est un droit humain universel et fondamental pour tous qui est garanti par le droit international et [&hellip;]<\/p>\n","protected":false},"author":3,"featured_media":0,"parent":637,"menu_order":2,"comment_status":"closed","ping_status":"closed","template":"","meta":[],"acf":[],"_links":{"self":[{"href":"https:\/\/www.wma.net\/fr\/wp-json\/wp\/v2\/pages\/643"}],"collection":[{"href":"https:\/\/www.wma.net\/fr\/wp-json\/wp\/v2\/pages"}],"about":[{"href":"https:\/\/www.wma.net\/fr\/wp-json\/wp\/v2\/types\/page"}],"author":[{"embeddable":true,"href":"https:\/\/www.wma.net\/fr\/wp-json\/wp\/v2\/users\/3"}],"replies":[{"embeddable":true,"href":"https:\/\/www.wma.net\/fr\/wp-json\/wp\/v2\/comments?post=643"}],"version-history":[{"count":7,"href":"https:\/\/www.wma.net\/fr\/wp-json\/wp\/v2\/pages\/643\/revisions"}],"predecessor-version":[{"id":12774,"href":"https:\/\/www.wma.net\/fr\/wp-json\/wp\/v2\/pages\/643\/revisions\/12774"}],"up":[{"embeddable":true,"href":"https:\/\/www.wma.net\/fr\/wp-json\/wp\/v2\/pages\/637"}],"wp:attachment":[{"href":"https:\/\/www.wma.net\/fr\/wp-json\/wp\/v2\/media?parent=643"}],"curies":[{"name":"wp","href":"https:\/\/api.w.org\/{rel}","templated":true}]}}