{"id":641,"date":"2016-11-22T12:23:53","date_gmt":"2016-11-22T12:23:53","guid":{"rendered":"https:\/\/www.wma.net\/fr\/?page_id=641"},"modified":"2025-11-07T10:47:45","modified_gmt":"2025-11-07T10:47:45","slug":"protection-des-medecins-et-des-patients","status":"publish","type":"page","link":"https:\/\/www.wma.net\/fr\/ce-que-nous-faisons\/droits-humains\/protection-des-medecins-et-des-patients\/","title":{"rendered":"Protection des m\u00e9decins et des patients"},"content":{"rendered":"<p>Ces derni\u00e8res ann\u00e9es, on observe une tendance grandissante d&rsquo;actes de torture et\/ou de pers\u00e9cution de m\u00e9decins par des r\u00e9gimes dictatoriaux ou des groupes terroristes. De m\u00eame\u00a0 l\u2019acc\u00e8s aux soins de sant\u00e9 pour les d\u00e9tenus en ayant besoin est parfois entrav\u00e9 d\u00e9lib\u00e9r\u00e9ment par les autorit\u00e9s carc\u00e9rales d\u2019une mani\u00e8re t s\u2019apparentant \u00a0\u00e0 une forme de traitement d\u00e9gradant ou \u00e0 la torture.<\/p>\n<p>Pendant les guerres et les conflits arm\u00e9s, les h\u00f4pitaux et les autres centres m\u00e9dicaux sont de plus en plus attaqu\u00e9s et \u00a0\u00a0utilis\u00e9s \u00e0 mauvais escient. Les patients et le personnel m\u00e9dical sont tu\u00e9s ou bless\u00e9s.<\/p>\n<p>L\u2019AMM condamne sans r\u00e9serve ces abus qui sont une violation flagrante du droit humanitaire international et de la loi sur les droits humains. Elle coop\u00e8re avec d\u2019autres organisations de sant\u00e9, organisations humanitaires et\u00a0 organisations sur les droits humains, cr\u00e9ant ainsi une alliance et une synergie de forces pour d\u00e9fendre les plus hautes normes possibles de sant\u00e9 pour tous. Depuis 2012, l\u2019AMM est membre du Projet <a href=\"\/wma?page_id=674\">Soins de Sant\u00e9 en danger<\/a> (SSD) pr\u00e9sid\u00e9 par le CICR. <\/p>\n<p><strong>Dans le contexte de la pand\u00e9mie de Covid-19, les organisations mondiales se sont associ\u00e9es pour appeler \u00e0 la protection des personnels de sant\u00e9 contre la violence<\/strong>: 13 organisations mondiales m\u00e9dicales et humanitaires repr\u00e9sentant plus de 30 millions de professionnels de sant\u00e9 ont publi\u00e9 une <a href=\"https:\/\/healthcareindanger.org\/fr\/resource-centre-4\/declaration-by-the-health-care-in-danger-community-of-concern-about-the-current-situation-of-violence-against-health-care\/\">d\u00e9claration<\/a> condamnant l\u2019augmentation des incidents d\u2019attaques contre agents et \u00e9tablissements de sant\u00e9.<\/p>\n","protected":false},"excerpt":{"rendered":"<p>Ces derni\u00e8res ann\u00e9es, on observe une tendance grandissante d&rsquo;actes de torture et\/ou de pers\u00e9cution de m\u00e9decins par des r\u00e9gimes dictatoriaux ou des groupes terroristes. De m\u00eame\u00a0 l\u2019acc\u00e8s aux soins de sant\u00e9 pour les d\u00e9tenus en ayant besoin est parfois entrav\u00e9 d\u00e9lib\u00e9r\u00e9ment par les autorit\u00e9s carc\u00e9rales d\u2019une mani\u00e8re t s\u2019apparentant \u00a0\u00e0 une forme de traitement d\u00e9gradant [&hellip;]<\/p>\n","protected":false},"author":3,"featured_media":0,"parent":637,"menu_order":1,"comment_status":"closed","ping_status":"closed","template":"","meta":[],"acf":[],"_links":{"self":[{"href":"https:\/\/www.wma.net\/fr\/wp-json\/wp\/v2\/pages\/641"}],"collection":[{"href":"https:\/\/www.wma.net\/fr\/wp-json\/wp\/v2\/pages"}],"about":[{"href":"https:\/\/www.wma.net\/fr\/wp-json\/wp\/v2\/types\/page"}],"author":[{"embeddable":true,"href":"https:\/\/www.wma.net\/fr\/wp-json\/wp\/v2\/users\/3"}],"replies":[{"embeddable":true,"href":"https:\/\/www.wma.net\/fr\/wp-json\/wp\/v2\/comments?post=641"}],"version-history":[{"count":16,"href":"https:\/\/www.wma.net\/fr\/wp-json\/wp\/v2\/pages\/641\/revisions"}],"predecessor-version":[{"id":25749,"href":"https:\/\/www.wma.net\/fr\/wp-json\/wp\/v2\/pages\/641\/revisions\/25749"}],"up":[{"embeddable":true,"href":"https:\/\/www.wma.net\/fr\/wp-json\/wp\/v2\/pages\/637"}],"wp:attachment":[{"href":"https:\/\/www.wma.net\/fr\/wp-json\/wp\/v2\/media?parent=641"}],"curies":[{"name":"wp","href":"https:\/\/api.w.org\/{rel}","templated":true}]}}