{"id":639,"date":"2016-11-22T12:23:15","date_gmt":"2016-11-22T12:23:15","guid":{"rendered":"https:\/\/www.wma.net\/fr\/?page_id=639"},"modified":"2022-11-08T14:00:29","modified_gmt":"2022-11-08T14:00:29","slug":"droit-a-la-sante","status":"publish","type":"page","link":"https:\/\/www.wma.net\/fr\/ce-que-nous-faisons\/droits-humains\/droit-a-la-sante\/","title":{"rendered":"Droit \u00e0 la Sant\u00e9"},"content":{"rendered":"<p>L\u2019AMM s\u2019engage \u00e0 prot\u00e9ger et \u00e0 promouvoir le droit \u00e0 la sant\u00e9 pour tous, sur la base d\u2019\u00e9l\u00e9ments essentiels tels que la disponibilit\u00e9 de services de sant\u00e9 de qualit\u00e9 et financi\u00e8rement accessibles, des conditions de travail et un environnement s\u00fbrs,une alimentation et un logement corrects.<\/p>\n<p><strong>Le droit \u00e0 la sant\u00e9, un droit humain \u00e9dict\u00e9 par la loi internationale sur les droits humains.<\/strong><\/p>\n<p>Le droit \u00e0 la sant\u00e9 a \u00e9t\u00e9 mentionn\u00e9 pour la premi\u00e8re fois dans <a href=\"http:\/\/www.who.int\/governance\/eb\/who_constitution_en.pdf\" target=\"_blank\" rel=\"noopener noreferrer\">la Constitution de l\u2019OMS<\/a> (1946) de la mani\u00e8re suivante\u00a0: \u00ab\u00a0B\u00e9n\u00e9ficier du plus haut standard possible de sant\u00e9 constitue\u00a0 l\u2019un des droits fondamentaux de tout \u00eatre humain\u2026&#8230;\u00a0\u00bb. Le pr\u00e9ambule de la Constitution d\u00e9finit la sant\u00e9 comme \u00ab\u00a0..un \u00e9tat de complet bien-\u00eatre physique, mental et social, et ne consiste pas seulement en une absence de maladie ou d&rsquo;infirmit\u00e9\u00a0\u00bb.<\/p>\n<p>La D\u00e9claration universelle des Droits de l\u2019homme de 1948 mentionnait la sant\u00e9 en tant que composante du droit \u00e0 un niveau de vie suffisant\u00a0 (article 25). Ce droit a de nouveau \u00e9t\u00e9 reconnu en 1966 dans le Pacte International sur les droits \u00e9conomiques, sociaux et culturels, article 12\u00a0:<\/p>\n<ol>\n<li>Les Etats parties au pr\u00e9sent Pacte reconnaissent le droit qu&rsquo;a toute personne de jouir du meilleur \u00e9tat de sant\u00e9 physique et mentale qu&rsquo;elle soit capable d&rsquo;atteindre.<\/li>\n<li>Les mesures que les Etats parties au pr\u00e9sent Pacte prendront en vue d&rsquo;assurer le plein exercice de ce droit devront comprendre les mesures n\u00e9cessaires pour assurer: (a) La diminution de la mortinatalit\u00e9 et de la mortalit\u00e9 infantile, ainsi que le d\u00e9veloppement sain de l&rsquo;enfant; (b) L&rsquo;am\u00e9lioration de tous les aspects de l&rsquo;hygi\u00e8ne du milieu et de l&rsquo;hygi\u00e8ne industrielle; c) La prophylaxie et le traitement des maladies \u00e9pid\u00e9miques, end\u00e9miques, professionnelles et autres, ainsi que la lutte contre ces maladies; d) La cr\u00e9ation de conditions propres \u00e0 assurer \u00e0 tous des services m\u00e9dicaux et une aide m\u00e9dicale en cas de maladie.<\/li>\n<\/ol>\n<p>Le Comit\u00e9 sur les Droits \u00e9conomiques, sociaux et culturels, une instance compos\u00e9e d&rsquo;experts ind\u00e9pendants en charge du suivi de l\u2019application du Pacte a fourni <a href=\"http:\/\/tbinternet.ohchr.org\/_layouts\/treatybodyexternal\/Download.aspx?symbolno=E%2fC.12%2f2000%2f4&amp;Lang=en\" target=\"_blank\" rel=\"noopener noreferrer\">une large interpr\u00e9tation de l&rsquo;article 12 de la Charte<\/a> (Commentaires g\u00e9n\u00e9raux n\u00b0 2014)\u00a0:<\/p>\n<p>\u00ab\u00a0Le droit \u00e0 la sant\u00e9 est un droit global, dans le champ duquel entrent non seulement la prestation de soins de sant\u00e9 appropri\u00e9s en temps opportun, mais aussi les facteurs fondamentaux d\u00e9terminants de la sant\u00e9 tels que l&rsquo;acc\u00e8s \u00e0 l&rsquo;eau salubre et potable et \u00e0 des moyens ad\u00e9quats d&rsquo;assainissement, l&rsquo;acc\u00e8s \u00e0 une quantit\u00e9 suffisante d&rsquo;aliments sains, la nutrition et le logement, l&rsquo;hygi\u00e8ne du travail et du milieu et l&rsquo;acc\u00e8s \u00e0 l&rsquo;\u00e9ducation et \u00e0 l&rsquo;information relatives \u00e0 la sant\u00e9, notamment la sant\u00e9 sexuelle et g\u00e9n\u00e9sique.\u00a0 \u201c (Paragraphe 11).<\/p>\n<p>Le droit \u00e0 la sant\u00e9 s\u2019applique \u00e0 tous les \u00e9tats: chaque \u00e9tat a ratifi\u00e9 au moins un trait\u00e9 international sur les droits humains reconnaissant le droit \u00e0 la sant\u00e9.<\/p>\n<p><strong>Rapporteur sp\u00e9cial sur le droit \u00e0 la sant\u00e9<\/strong><\/p>\n<p>En 2002, le Conseil des Droits de l\u2019homme a cr\u00e9\u00e9 le mandat de <a href=\"http:\/\/www.ohchr.org\/EN\/Issues\/Health\/Pages\/OverviewMandate.aspx\" target=\"_blank\" rel=\"noopener noreferrer\">Rapporteur Sp\u00e9cial sur le droit de chacun au plus haut standard possible de sant\u00e9 physique et mentale<\/a>. Les Rapporteurs sp\u00e9ciaux sont des experts ind\u00e9pendants nomm\u00e9s par le Conseil des Droits de l\u2019homme pour \u00e9tudier et faire un rapport sur la situation d\u2019un pays sur une question relative aux droits humains. Le Conseil a nomm\u00e9 <a href=\"http:\/\/www.ohchr.org\/EN\/Issues\/Health\/Pages\/SRBio.aspx\" target=\"_blank\" rel=\"noopener noreferrer\">Dr. Dainius P\u00fbras (Lituanie) <\/a>\u00a0comme rapporteur sp\u00e9cial sur le droit \u00e0 la sant\u00e9 lors de sa 26\u00e8me session en 2014. Dr. P\u00fbras est un\u00a0 m\u00e9decin b\u00e9n\u00e9ficiant d&rsquo;une exp\u00e9rience importante dans le domaine de la sant\u00e9 mentale et de la sant\u00e9 des enfants.<\/p>\n<p>Il existe \u00a0d&rsquo;autres <a href=\"http:\/\/www.ohchr.org\/EN\/Issues\/Pages\/ListofIssues.aspx\" target=\"_blank\" rel=\"noopener noreferrer\">Rapporteurs Sp\u00e9ciaux de l&rsquo;ONU<\/a> qui ont trait directement ou indirectement \u00e0 la sant\u00e9. Les droits ainsi couverts incluent (sans \u00eatre exhaustifs): le droit \u00e0 l\u2019\u00e9ducation, le droit \u00e0 l\u2019eau et \u00e0 l\u2019assainissement, le droit \u00e0 l\u2019alimentation ou le droit \u00e0 un logement d\u00e9cent. De m\u00eame pour les populations particuli\u00e8rement expos\u00e9es aux abus en mati\u00e8re de droits humains, un rapporteur sp\u00e9cial est nomm\u00e9. Tel est le cas pour les femmes, les enfants, les migrants, les personnes handicap\u00e9es ou les populations LGTB.<\/p>\n","protected":false},"excerpt":{"rendered":"<p>L\u2019AMM s\u2019engage \u00e0 prot\u00e9ger et \u00e0 promouvoir le droit \u00e0 la sant\u00e9 pour tous, sur la base d\u2019\u00e9l\u00e9ments essentiels tels que la disponibilit\u00e9 de services de sant\u00e9 de qualit\u00e9 et financi\u00e8rement accessibles, des conditions de travail et un environnement s\u00fbrs,une alimentation et un logement corrects. Le droit \u00e0 la sant\u00e9, un droit humain \u00e9dict\u00e9 par [&hellip;]<\/p>\n","protected":false},"author":3,"featured_media":0,"parent":637,"menu_order":0,"comment_status":"closed","ping_status":"closed","template":"","meta":[],"acf":[],"_links":{"self":[{"href":"https:\/\/www.wma.net\/fr\/wp-json\/wp\/v2\/pages\/639"}],"collection":[{"href":"https:\/\/www.wma.net\/fr\/wp-json\/wp\/v2\/pages"}],"about":[{"href":"https:\/\/www.wma.net\/fr\/wp-json\/wp\/v2\/types\/page"}],"author":[{"embeddable":true,"href":"https:\/\/www.wma.net\/fr\/wp-json\/wp\/v2\/users\/3"}],"replies":[{"embeddable":true,"href":"https:\/\/www.wma.net\/fr\/wp-json\/wp\/v2\/comments?post=639"}],"version-history":[{"count":13,"href":"https:\/\/www.wma.net\/fr\/wp-json\/wp\/v2\/pages\/639\/revisions"}],"predecessor-version":[{"id":19634,"href":"https:\/\/www.wma.net\/fr\/wp-json\/wp\/v2\/pages\/639\/revisions\/19634"}],"up":[{"embeddable":true,"href":"https:\/\/www.wma.net\/fr\/wp-json\/wp\/v2\/pages\/637"}],"wp:attachment":[{"href":"https:\/\/www.wma.net\/fr\/wp-json\/wp\/v2\/media?parent=639"}],"curies":[{"name":"wp","href":"https:\/\/api.w.org\/{rel}","templated":true}]}}