{"id":637,"date":"2016-11-22T12:22:49","date_gmt":"2016-11-22T12:22:49","guid":{"rendered":"https:\/\/www.wma.net\/fr\/?page_id=637"},"modified":"2017-02-06T16:18:47","modified_gmt":"2017-02-06T16:18:47","slug":"droits-humains","status":"publish","type":"page","link":"https:\/\/www.wma.net\/fr\/ce-que-nous-faisons\/droits-humains\/","title":{"rendered":"Droits humains"},"content":{"rendered":"<p>Avec les membres\u00a0 constituants, l\u2019Association M\u00e9dicale Mondiale s\u2019engage \u00e0 promouvoir les droits humains dans le domaine de la sant\u00e9 pour tous. Avec leurs connaissances uniques et leur exp\u00e9rience, les m\u00e9decins ont un r\u00f4le cl\u00e9 \u00e0 jouer dans la d\u00e9livrance de soins de la meilleure qualit\u00e9 possible \u00e0 tous les patients sans discrimination et dans la promotion des droits humains en lien avec la sant\u00e9. Les m\u00e9decins tout comme les patients peuvent cependant \u00eatre victimes de violations des droits humains. L\u2019AMMM intervient pour les aider et d\u00e9noncer de telles violations.<\/p>\n","protected":false},"excerpt":{"rendered":"<p>Avec les membres\u00a0 constituants, l\u2019Association M\u00e9dicale Mondiale s\u2019engage \u00e0 promouvoir les droits humains dans le domaine de la sant\u00e9 pour tous. Avec leurs connaissances uniques et leur exp\u00e9rience, les m\u00e9decins ont un r\u00f4le cl\u00e9 \u00e0 jouer dans la d\u00e9livrance de soins de la meilleure qualit\u00e9 possible \u00e0 tous les patients sans discrimination et dans la [&hellip;]<\/p>\n","protected":false},"author":3,"featured_media":0,"parent":618,"menu_order":1,"comment_status":"closed","ping_status":"closed","template":"","meta":[],"acf":[],"_links":{"self":[{"href":"https:\/\/www.wma.net\/fr\/wp-json\/wp\/v2\/pages\/637"}],"collection":[{"href":"https:\/\/www.wma.net\/fr\/wp-json\/wp\/v2\/pages"}],"about":[{"href":"https:\/\/www.wma.net\/fr\/wp-json\/wp\/v2\/types\/page"}],"author":[{"embeddable":true,"href":"https:\/\/www.wma.net\/fr\/wp-json\/wp\/v2\/users\/3"}],"replies":[{"embeddable":true,"href":"https:\/\/www.wma.net\/fr\/wp-json\/wp\/v2\/comments?post=637"}],"version-history":[{"count":5,"href":"https:\/\/www.wma.net\/fr\/wp-json\/wp\/v2\/pages\/637\/revisions"}],"predecessor-version":[{"id":5755,"href":"https:\/\/www.wma.net\/fr\/wp-json\/wp\/v2\/pages\/637\/revisions\/5755"}],"up":[{"embeddable":true,"href":"https:\/\/www.wma.net\/fr\/wp-json\/wp\/v2\/pages\/618"}],"wp:attachment":[{"href":"https:\/\/www.wma.net\/fr\/wp-json\/wp\/v2\/media?parent=637"}],"curies":[{"name":"wp","href":"https:\/\/api.w.org\/{rel}","templated":true}]}}