{"id":626,"date":"2016-11-22T12:12:37","date_gmt":"2016-11-22T12:12:37","guid":{"rendered":"https:\/\/www.wma.net\/fr\/?page_id=626"},"modified":"2024-07-16T09:41:18","modified_gmt":"2024-07-16T08:41:18","slug":"declaration-de-geneve","status":"publish","type":"page","link":"https:\/\/www.wma.net\/fr\/ce-que-nous-faisons\/ethique\/declaration-de-geneve\/","title":{"rendered":"D\u00e9claration de Gen\u00e8ve"},"content":{"rendered":"<p><a href=\"\/wma?p=6572\">La D\u00e9claration de Gen\u00e8ve<\/a> est l\u2019une des plus anciennes politiques de l\u2019Association M\u00e9dicale Mondiale\u00a0(AMM). Elle a \u00e9t\u00e9 adopt\u00e9e par la 2<sup>e<\/sup> Assembl\u00e9e G\u00e9n\u00e9rale \u00e0 Gen\u00e8ve en 1948. Etant consid\u00e9r\u00e9e comme document de remplacement du Serment d\u2019Hippocrate devenu obsol\u00e8te &#8211; tout en s\u2019appuyant sur ses principes &#8211;<a href=\"\/wma?p=6572\">la D\u00e9claration de Gen\u00e8ve<\/a> a rapidement \u00e9t\u00e9 reconnue comme \u00e9tant la version moderne du Serment d\u2019Hippocrate.<\/p>\n<p>Le serment demeure pourtant l\u2019un des documents les plus constants de l\u2019AMM. Ayant subi tr\u00e8s peu de r\u00e9visions en cours des d\u00e9cennies pass\u00e9es, il pr\u00e9serve les principes \u00e9thiques de la profession et n&rsquo;est relativement peu influenc\u00e9 par l&rsquo;esprit du temps et le modernisme.<\/p>\n<p>Le Serment ne doit pas \u00eatre lu seul mais parall\u00e8lement aux politiques plus sp\u00e9cifiques de l\u2019AMM, notamment <a href=\"\/wma?p=6645\">le Code International d\u2019Ethique M\u00e9dicale<\/a>, faisant suite <a href=\"\/wma?p=6572\">\u00e0\u00a0 la D\u00e9claration de Gen\u00e8ve<\/a> d\u00e8s 1948.<\/p>\n<p>* Les versions archiv\u00e9es pr\u00e9c\u00e9dentes ci-dessous sont uniquement destin\u00e9es \u00e0 des fins de recherche:<\/p>\n<ul>\n<li><a href=\"https:\/\/www.wma.net\/wp-content\/uploads\/2024\/05\/Decl-0f-Geneva-v-1948_F.pdf\" target=\"_blank\" rel=\"noopener noreferrer\">Declaration of Geneva \u2013 version 1948<\/a><\/li>\n<li><a href=\"https:\/\/www.wma.net\/wp-content\/uploads\/2024\/05\/Decl-of-Geneva-v-1968_F.pdf\" target=\"_blank\" rel=\"noopener noreferrer\">Declaration of Geneva \u2013 version 1968<\/a><\/li>\n<li><a href=\"https:\/\/www.wma.net\/wp-content\/uploads\/2024\/05\/Decl-of-Geneva-v-1983_F.pdf\" target=\"_blank\" rel=\"noopener noreferrer\">Declaration of Geneva \u2013 version 1983<\/a><\/li>\n<li><a href=\"https:\/\/www.wma.net\/wp-content\/uploads\/2024\/05\/Decl-of-Geneva-v-1994_F-1.pdf\" target=\"_blank\" rel=\"noopener noreferrer\">Declaration of Geneva \u2013 version 1994<\/a><\/li>\n<li><a href=\"https:\/\/www.wma.net\/wp-content\/uploads\/2018\/07\/Decl-of-Geneva-v2005-1.pdf\" target=\"_blank\" rel=\"noopener noreferrer\">Declaration of Geneva \u2013 version 2005<\/a><\/li>\n<li><a href=\"https:\/\/www.wma.net\/wp-content\/uploads\/2024\/05\/Decl-of-Geneva-v-2006_F.pdf\" target=\"_blank\" rel=\"noopener noreferrer\">Declaration of Geneva \u2013 version 2006<\/a><\/li>\n<li><a href=\"https:\/\/www.wma.net\/wp-content\/uploads\/2024\/05\/Decl-of-Geneva-v-2017_F-1.pdf\">Declaration of Geneva &#8211; version 2017<\/a><\/li>\n<\/ul>\n<p>*Pour voir le versions dans une autre langue, ouvrir \u00ab\u00a0ressources sur les politiques\u00a0\u00bb sur la droite.<\/p>\n","protected":false},"excerpt":{"rendered":"<p>La D\u00e9claration de Gen\u00e8ve est l\u2019une des plus anciennes politiques de l\u2019Association M\u00e9dicale Mondiale\u00a0(AMM). Elle a \u00e9t\u00e9 adopt\u00e9e par la 2e Assembl\u00e9e G\u00e9n\u00e9rale \u00e0 Gen\u00e8ve en 1948. Etant consid\u00e9r\u00e9e comme document de remplacement du Serment d\u2019Hippocrate devenu obsol\u00e8te &#8211; tout en s\u2019appuyant sur ses principes &#8211;la D\u00e9claration de Gen\u00e8ve a rapidement \u00e9t\u00e9 reconnue comme \u00e9tant [&hellip;]<\/p>\n","protected":false},"author":3,"featured_media":0,"parent":622,"menu_order":0,"comment_status":"closed","ping_status":"closed","template":"","meta":[],"acf":[],"_links":{"self":[{"href":"https:\/\/www.wma.net\/fr\/wp-json\/wp\/v2\/pages\/626"}],"collection":[{"href":"https:\/\/www.wma.net\/fr\/wp-json\/wp\/v2\/pages"}],"about":[{"href":"https:\/\/www.wma.net\/fr\/wp-json\/wp\/v2\/types\/page"}],"author":[{"embeddable":true,"href":"https:\/\/www.wma.net\/fr\/wp-json\/wp\/v2\/users\/3"}],"replies":[{"embeddable":true,"href":"https:\/\/www.wma.net\/fr\/wp-json\/wp\/v2\/comments?post=626"}],"version-history":[{"count":33,"href":"https:\/\/www.wma.net\/fr\/wp-json\/wp\/v2\/pages\/626\/revisions"}],"predecessor-version":[{"id":22928,"href":"https:\/\/www.wma.net\/fr\/wp-json\/wp\/v2\/pages\/626\/revisions\/22928"}],"up":[{"embeddable":true,"href":"https:\/\/www.wma.net\/fr\/wp-json\/wp\/v2\/pages\/622"}],"wp:attachment":[{"href":"https:\/\/www.wma.net\/fr\/wp-json\/wp\/v2\/media?parent=626"}],"curies":[{"name":"wp","href":"https:\/\/api.w.org\/{rel}","templated":true}]}}