{"id":2803,"date":"2017-01-10T10:50:33","date_gmt":"2017-01-10T10:50:33","guid":{"rendered":"https:\/\/www.wma.net\/?page_id=2803\/"},"modified":"2017-03-03T10:57:44","modified_gmt":"2017-03-03T10:57:44","slug":"bien-etre-sur-le-lieu-de-travail","status":"publish","type":"page","link":"https:\/\/www.wma.net\/fr\/ce-que-nous-faisons\/education\/bien-etre-sur-le-lieu-de-travail\/","title":{"rendered":"Bien-\u00eatre sur le lieu de travail"},"content":{"rendered":"<p>La crise actuelle de la main d\u2019\u0153uvre sanitaire dans le monde est tr\u00e8s grave. Trop de pays connaissent une p\u00e9nurie dramatique de professionnels de sant\u00e9 \u00a0\u00a0qui impacte la situation pour les patients et le bien-\u00eatre du personnel soignant. Les raisons sont complexes mais une raison majeure est la pi\u00e8tre qualit\u00e9 de la plupart des lieux de travail qui nuit aux performances et fait fuir les professionnels de sant\u00e9.<\/p>\n<p>Cr\u00e9er un environnement de travail positif et assurer un cadre de soins favorisant l\u2019excellence et un travail d\u00e9cent permettrait d\u2019attirer et de conserver le personnel, d\u2019am\u00e9liorer la qualit\u00e9 des soins, la s\u00e9curit\u00e9, la satisfaction des patients et de garantir \u00a0des services d&rsquo;un bon rapport co\u00fbt\/efficacit\u00e9. Les professionnels de sant\u00e9, les dirigeants, les patients, les d\u00e9cideurs politiques et les leaders des communaut\u00e9s peuvent \u00eatre des avocats et des moteurs d\u2019action pour cr\u00e9er des lieux de travail de qualit\u00e9 pour des soins de qualit\u00e9. Les personnes peuvent faire la diff\u00e9rence localement et ensemble instaurer des changements positifs au niveau des politiques et des pratiques r\u00e9gionales et internationales.<\/p>\n<h3><strong>Principes cl\u00e9s pour un environnement professionnel positif (PPE)\u00a0:<\/strong><\/h3>\n<ol>\n<li>Reconnaissance professionnelle<\/li>\n<li>Pratiques de management<\/li>\n<li>Structures de soutien<\/li>\n<li>Sant\u00e9 et s\u00e9curit\u00e9 au travail<\/li>\n<li>Education<\/li>\n<\/ol>\n<p>L\u2019AMM avec les autres membres de l\u2019Alliance Mondiale des Professions de Sant\u00e9 AMPS et la F\u00e9d\u00e9ration Internationale des Responsables Hospitaliers FRI a con\u00e7u la campagne PPE avec le soutien de l&rsquo;<em>Alliance Mondiale de la main d&rsquo;\u0153uvre dans le secteur de la sant\u00e9<\/em> GHWA.<\/p>\n","protected":false},"excerpt":{"rendered":"<p>La crise actuelle de la main d\u2019\u0153uvre sanitaire dans le monde est tr\u00e8s grave. Trop de pays connaissent une p\u00e9nurie dramatique de professionnels de sant\u00e9 \u00a0\u00a0qui impacte la situation pour les patients et le bien-\u00eatre du personnel soignant. Les raisons sont complexes mais une raison majeure est la pi\u00e8tre qualit\u00e9 de la plupart des lieux [&hellip;]<\/p>\n","protected":false},"author":2,"featured_media":0,"parent":680,"menu_order":1,"comment_status":"closed","ping_status":"closed","template":"","meta":[],"acf":[],"_links":{"self":[{"href":"https:\/\/www.wma.net\/fr\/wp-json\/wp\/v2\/pages\/2803"}],"collection":[{"href":"https:\/\/www.wma.net\/fr\/wp-json\/wp\/v2\/pages"}],"about":[{"href":"https:\/\/www.wma.net\/fr\/wp-json\/wp\/v2\/types\/page"}],"author":[{"embeddable":true,"href":"https:\/\/www.wma.net\/fr\/wp-json\/wp\/v2\/users\/2"}],"replies":[{"embeddable":true,"href":"https:\/\/www.wma.net\/fr\/wp-json\/wp\/v2\/comments?post=2803"}],"version-history":[{"count":4,"href":"https:\/\/www.wma.net\/fr\/wp-json\/wp\/v2\/pages\/2803\/revisions"}],"predecessor-version":[{"id":7330,"href":"https:\/\/www.wma.net\/fr\/wp-json\/wp\/v2\/pages\/2803\/revisions\/7330"}],"up":[{"embeddable":true,"href":"https:\/\/www.wma.net\/fr\/wp-json\/wp\/v2\/pages\/680"}],"wp:attachment":[{"href":"https:\/\/www.wma.net\/fr\/wp-json\/wp\/v2\/media?parent=2803"}],"curies":[{"name":"wp","href":"https:\/\/api.w.org\/{rel}","templated":true}]}}