{"id":2793,"date":"2016-11-22T12:39:26","date_gmt":"2016-11-22T12:39:26","guid":{"rendered":"https:\/\/www.wma.net\/?page_id=2793\/"},"modified":"2026-02-09T15:03:13","modified_gmt":"2026-02-09T15:03:13","slug":"ethics-course","status":"publish","type":"page","link":"https:\/\/www.wma.net\/fr\/ce-que-nous-faisons\/education\/ethics-course\/","title":{"rendered":"Formation \u00e0 l\u2019\u00e9thique M\u00e9dicale"},"content":{"rendered":"<p><strong>Objectifs<\/strong> \u2013 apr\u00e8s avoir suivi cette formation, vous devriez \u00eatre capable de\u00a0:<\/p>\n<ul>\n<li>Comprendre le r\u00f4le de l\u2019\u00e9thique en m\u00e9decine<\/li>\n<li>Identifier les questions \u00e9thiques au cours de votre pratique<\/li>\n<li>Traiter ces questions d\u2019une mani\u00e8re syst\u00e9matique<\/li>\n<\/ul>\n<p><strong>Contenu<\/strong> \u2013 la formation est structur\u00e9e comme suit\u00a0:<\/p>\n<ol>\n<li>Chapitre 1 \u2013 Pr\u00e9sentation de la formation \u00a0avec une description de l\u2019\u00e9thique m\u00e9dicale<\/li>\n<li>Chapitre 2 &#8211; les diff\u00e9rences entre l&rsquo;\u00e9thique m\u00e9dicale et les autres \u00e9thiques et la mani\u00e8re dont les individus prennent des d\u00e9cisions en mati\u00e8re d\u2019\u00e9thique<\/li>\n<li>Chapitre 3 \u2013 les relations patient-m\u00e9decin, y compris les questions de d\u00e9but et fin de vie<\/li>\n<li>Chapitre 4 \u2013 les relations entre les m\u00e9decins et la soci\u00e9t\u00e9<\/li>\n<li>Chapitre 5 \u2013 les relations des m\u00e9decins entre eux, avec les \u00e9tudiants en m\u00e9decine et avec les autres prestataires de soins<\/li>\n<li>Chapitre 6 \u2013 les dispositions \u00e9thiques de base pour la recherche m\u00e9dicale impliquant des sujets humains<\/li>\n<li>Chapitre 7 \u2013 R\u00e9flexion sur les privil\u00e8ges et responsabilit\u00e9s des m\u00e9decins et sur l&rsquo;avenir de l\u2019\u00e9thique m\u00e9dicale<\/li>\n<\/ol>\n<p><strong>Auteur\u00a0<\/strong>: John R. Williams, Association M\u00e9dicale Mondiale<\/p>\n<p><strong>R\u00e9dacteur\u00a0<\/strong>: Bj\u00f8rn Oscar Hoftvedt, Association M\u00e9dicale Norv\u00e9gienne<\/p>\n<p><strong>R\u00e9dacteur adjoint<\/strong>\u00a0: Dr Brooke Bible, Association M\u00e9dicale Mondiale<\/p>\n<p>&nbsp;<\/p>\n","protected":false},"excerpt":{"rendered":"<p>Objectifs \u2013 apr\u00e8s avoir suivi cette formation, vous devriez \u00eatre capable de\u00a0: Comprendre le r\u00f4le de l\u2019\u00e9thique en m\u00e9decine Identifier les questions \u00e9thiques au cours de votre pratique Traiter ces questions d\u2019une mani\u00e8re syst\u00e9matique Contenu \u2013 la formation est structur\u00e9e comme suit\u00a0: Chapitre 1 \u2013 Pr\u00e9sentation de la formation \u00a0avec une description de l\u2019\u00e9thique m\u00e9dicale [&hellip;]<\/p>\n","protected":false},"author":2,"featured_media":0,"parent":680,"menu_order":2,"comment_status":"closed","ping_status":"closed","template":"","meta":[],"acf":[],"_links":{"self":[{"href":"https:\/\/www.wma.net\/fr\/wp-json\/wp\/v2\/pages\/2793"}],"collection":[{"href":"https:\/\/www.wma.net\/fr\/wp-json\/wp\/v2\/pages"}],"about":[{"href":"https:\/\/www.wma.net\/fr\/wp-json\/wp\/v2\/types\/page"}],"author":[{"embeddable":true,"href":"https:\/\/www.wma.net\/fr\/wp-json\/wp\/v2\/users\/2"}],"replies":[{"embeddable":true,"href":"https:\/\/www.wma.net\/fr\/wp-json\/wp\/v2\/comments?post=2793"}],"version-history":[{"count":9,"href":"https:\/\/www.wma.net\/fr\/wp-json\/wp\/v2\/pages\/2793\/revisions"}],"predecessor-version":[{"id":26080,"href":"https:\/\/www.wma.net\/fr\/wp-json\/wp\/v2\/pages\/2793\/revisions\/26080"}],"up":[{"embeddable":true,"href":"https:\/\/www.wma.net\/fr\/wp-json\/wp\/v2\/pages\/680"}],"wp:attachment":[{"href":"https:\/\/www.wma.net\/fr\/wp-json\/wp\/v2\/media?parent=2793"}],"curies":[{"name":"wp","href":"https:\/\/api.w.org\/{rel}","templated":true}]}}