{"id":26526,"date":"2026-05-06T14:33:07","date_gmt":"2026-05-06T13:33:07","guid":{"rendered":"https:\/\/www.wma.net\/?page_id=26526"},"modified":"2026-05-06T14:36:19","modified_gmt":"2026-05-06T13:36:19","slug":"rapports-dactivite-de-lamm","status":"publish","type":"page","link":"https:\/\/www.wma.net\/fr\/ce-que-nous-faisons\/rapports-dactivite-de-lamm\/","title":{"rendered":"Rapports d\u2019activit\u00e9 de l\u2019AMM"},"content":{"rendered":"<p>Cette page regroupe les rapports d\u2019activit\u00e9 de l\u2019Association M\u00e9dicale Mondiale \u00e0 partir de 2026.<\/p>\n<p>Ces rapports offrent un aper\u00e7u des travaux de l\u2019AMM dans les domaines de l\u2019\u00e9thique m\u00e9dicale, des droits humains, de la sant\u00e9 publique, des syst\u00e8mes de sant\u00e9, des partenariats, de la communication et du d\u00e9veloppement organisationnel.<\/p>\n<p>Ils mettent en lumi\u00e8re les principales activit\u00e9s, les \u00e9volutions des politiques, les actions de plaidoyer et les collaborations men\u00e9es par l\u2019AMM en soutien aux m\u00e9decins, aux patients et aux syst\u00e8mes de sant\u00e9 dans le monde entier.<\/p>\n<p><a href=\"https:\/\/www.wma.net\/wp-content\/uploads\/2026\/05\/webFRCouncil232-ActivityReport-Apr2026_F-1.pdf\" target=\"_blank\" rel=\"noopener\">Rapport d\u2019activit\u00e9 au 232e Conseil de l\u2019AMM (Novembre 2025 \u2013 Mars 2026) Belgrade, Serbie<\/a><\/p>\n","protected":false},"excerpt":{"rendered":"<p>Cette page regroupe les rapports d\u2019activit\u00e9 de l\u2019Association M\u00e9dicale Mondiale \u00e0 partir de 2026. Ces rapports offrent un aper\u00e7u des travaux de l\u2019AMM dans les domaines de l\u2019\u00e9thique m\u00e9dicale, des droits humains, de la sant\u00e9 publique, des syst\u00e8mes de sant\u00e9, des partenariats, de la communication et du d\u00e9veloppement organisationnel. Ils mettent en lumi\u00e8re les principales [&hellip;]<\/p>\n","protected":false},"author":17,"featured_media":0,"parent":618,"menu_order":0,"comment_status":"closed","ping_status":"closed","template":"","meta":[],"acf":[],"_links":{"self":[{"href":"https:\/\/www.wma.net\/fr\/wp-json\/wp\/v2\/pages\/26526"}],"collection":[{"href":"https:\/\/www.wma.net\/fr\/wp-json\/wp\/v2\/pages"}],"about":[{"href":"https:\/\/www.wma.net\/fr\/wp-json\/wp\/v2\/types\/page"}],"author":[{"embeddable":true,"href":"https:\/\/www.wma.net\/fr\/wp-json\/wp\/v2\/users\/17"}],"replies":[{"embeddable":true,"href":"https:\/\/www.wma.net\/fr\/wp-json\/wp\/v2\/comments?post=26526"}],"version-history":[{"count":1,"href":"https:\/\/www.wma.net\/fr\/wp-json\/wp\/v2\/pages\/26526\/revisions"}],"predecessor-version":[{"id":26530,"href":"https:\/\/www.wma.net\/fr\/wp-json\/wp\/v2\/pages\/26526\/revisions\/26530"}],"up":[{"embeddable":true,"href":"https:\/\/www.wma.net\/fr\/wp-json\/wp\/v2\/pages\/618"}],"wp:attachment":[{"href":"https:\/\/www.wma.net\/fr\/wp-json\/wp\/v2\/media?parent=26526"}],"curies":[{"name":"wp","href":"https:\/\/api.w.org\/{rel}","templated":true}]}}