{"id":25909,"date":"2025-12-19T17:06:20","date_gmt":"2025-12-19T17:06:20","guid":{"rendered":"https:\/\/www.wma.net\/?page_id=25909"},"modified":"2025-12-19T17:14:17","modified_gmt":"2025-12-19T17:14:17","slug":"la-232eme-session-du-conseil-de-lamm-belgrade-2026","status":"publish","type":"page","link":"https:\/\/www.wma.net\/fr\/zone-speciale-membres\/services-manifestations\/informations-relatives-a-levenement\/la-232eme-session-du-conseil-de-lamm-belgrade-2026\/","title":{"rendered":"La 232\u00e8me Session du Conseil de l&rsquo;AMM, Belgrade 2026"},"content":{"rendered":"<p>Les inscriptions sont d\u00e9sormais ouvertes et les informations relatives \u00e0 la 232\u00e8me Session du Conseil de l&rsquo;AMM , qui se tiendra \u00e0 Belgrade du 23 au 25 avril 2026, sont disponibles. Veuillez cliquer <span style=\"color: #ff0000\"><a style=\"color: #ff0000\" href=\"https:\/\/wma.glueup.com\/event\/232nd-wma-council-session-belgrade-2026-154812\/\"><b>ici<\/b><\/a><\/span> pour acc\u00e9der \u00e0 la page de l&rsquo;\u00e9v\u00e9nement.<\/p>\n","protected":false},"excerpt":{"rendered":"<p>Les inscriptions sont d\u00e9sormais ouvertes et les informations relatives \u00e0 la 232\u00e8me Session du Conseil de l&rsquo;AMM , qui se tiendra \u00e0 Belgrade du 23 au 25 avril 2026, sont disponibles. Veuillez cliquer ici pour acc\u00e9der \u00e0 la page de l&rsquo;\u00e9v\u00e9nement.<\/p>\n","protected":false},"author":24,"featured_media":0,"parent":823,"menu_order":0,"comment_status":"closed","ping_status":"closed","template":"template-member-area.php","meta":[],"acf":[],"_links":{"self":[{"href":"https:\/\/www.wma.net\/fr\/wp-json\/wp\/v2\/pages\/25909"}],"collection":[{"href":"https:\/\/www.wma.net\/fr\/wp-json\/wp\/v2\/pages"}],"about":[{"href":"https:\/\/www.wma.net\/fr\/wp-json\/wp\/v2\/types\/page"}],"author":[{"embeddable":true,"href":"https:\/\/www.wma.net\/fr\/wp-json\/wp\/v2\/users\/24"}],"replies":[{"embeddable":true,"href":"https:\/\/www.wma.net\/fr\/wp-json\/wp\/v2\/comments?post=25909"}],"version-history":[{"count":1,"href":"https:\/\/www.wma.net\/fr\/wp-json\/wp\/v2\/pages\/25909\/revisions"}],"predecessor-version":[{"id":25911,"href":"https:\/\/www.wma.net\/fr\/wp-json\/wp\/v2\/pages\/25909\/revisions\/25911"}],"up":[{"embeddable":true,"href":"https:\/\/www.wma.net\/fr\/wp-json\/wp\/v2\/pages\/823"}],"wp:attachment":[{"href":"https:\/\/www.wma.net\/fr\/wp-json\/wp\/v2\/media?parent=25909"}],"curies":[{"name":"wp","href":"https:\/\/api.w.org\/{rel}","templated":true}]}}