{"id":19709,"date":"2022-11-25T10:25:15","date_gmt":"2022-11-25T10:25:15","guid":{"rendered":"https:\/\/www.wma.net\/?page_id=19709"},"modified":"2026-01-12T16:48:51","modified_gmt":"2026-01-12T16:48:51","slug":"manuel-des-politiques-de-lamm","status":"publish","type":"page","link":"https:\/\/www.wma.net\/fr\/publications\/manuel-des-politiques-de-lamm\/","title":{"rendered":"Manuel des Politiques de l&rsquo;AMM"},"content":{"rendered":"<p>Il s\u2019agit d\u2019un registre des prises de positions de l\u2019Association M\u00e9diale Mondiale sur des questions \u00e9thiques et sociales diverses. Elles traitent g\u00e9n\u00e9ralement des sujets de sant\u00e9 importants qui concernent tous les m\u00e9decins du monde. Certains textes ont \u00e9t\u00e9 r\u00e9vis\u00e9s \u00e0 des fins d\u2019actualisation ou de modification de forme. Forte de sa dynamique, cette organisation unique en constante \u00e9volution appara\u00eet comme le lieu id\u00e9al pour prot\u00e9ger le meilleur int\u00e9r\u00eat du patient et d\u00e9fendre la profession m\u00e9dicale.<\/p>\n<p>La version actuelle a \u00e9t\u00e9 mise \u00e0 jour en janvier 2026, mise \u00e0 jour avec le r\u00e9sultat des d\u00e9cisions prises par la 76<sup>e <\/sup>Assembl\u00e9e g\u00e9n\u00e9rale de l\u2019AMM, Porto, Portugal 2025. Vous pouvez la t\u00e9l\u00e9charger <span style=\"color: #ff0000\"><a style=\"color: #ff0000\" href=\"https:\/\/www.wma.net\/wp-content\/uploads\/2026\/01\/HB-F-Version-2025_1.pdf\" target=\"_blank\" rel=\"noopener\">ici<\/a><\/span>.<\/p>\n","protected":false},"excerpt":{"rendered":"<p>Il s\u2019agit d\u2019un registre des prises de positions de l\u2019Association M\u00e9diale Mondiale sur des questions \u00e9thiques et sociales diverses. Elles traitent g\u00e9n\u00e9ralement des sujets de sant\u00e9 importants qui concernent tous les m\u00e9decins du monde. Certains textes ont \u00e9t\u00e9 r\u00e9vis\u00e9s \u00e0 des fins d\u2019actualisation ou de modification de forme. Forte de sa dynamique, cette organisation unique [&hellip;]<\/p>\n","protected":false},"author":5,"featured_media":0,"parent":725,"menu_order":1,"comment_status":"closed","ping_status":"closed","template":"","meta":[],"acf":[],"_links":{"self":[{"href":"https:\/\/www.wma.net\/fr\/wp-json\/wp\/v2\/pages\/19709"}],"collection":[{"href":"https:\/\/www.wma.net\/fr\/wp-json\/wp\/v2\/pages"}],"about":[{"href":"https:\/\/www.wma.net\/fr\/wp-json\/wp\/v2\/types\/page"}],"author":[{"embeddable":true,"href":"https:\/\/www.wma.net\/fr\/wp-json\/wp\/v2\/users\/5"}],"replies":[{"embeddable":true,"href":"https:\/\/www.wma.net\/fr\/wp-json\/wp\/v2\/comments?post=19709"}],"version-history":[{"count":11,"href":"https:\/\/www.wma.net\/fr\/wp-json\/wp\/v2\/pages\/19709\/revisions"}],"predecessor-version":[{"id":25963,"href":"https:\/\/www.wma.net\/fr\/wp-json\/wp\/v2\/pages\/19709\/revisions\/25963"}],"up":[{"embeddable":true,"href":"https:\/\/www.wma.net\/fr\/wp-json\/wp\/v2\/pages\/725"}],"wp:attachment":[{"href":"https:\/\/www.wma.net\/fr\/wp-json\/wp\/v2\/media?parent=19709"}],"curies":[{"name":"wp","href":"https:\/\/api.w.org\/{rel}","templated":true}]}}