{"id":1398,"date":"2016-11-22T12:19:45","date_gmt":"2016-11-22T12:19:45","guid":{"rendered":"https:\/\/www.wma.net\/?page_id=1398\/"},"modified":"2018-01-04T09:27:29","modified_gmt":"2018-01-04T09:27:29","slug":"declaration-de-tokyo","status":"publish","type":"page","link":"https:\/\/www.wma.net\/fr\/ce-que-nous-faisons\/ethique\/declaration-de-tokyo\/","title":{"rendered":"D\u00e9claration de Tokyo"},"content":{"rendered":"<p>Il est du devoir des m\u00e9decins de soigner, \u00a0de soulager les souffrances ou\u00a0 de procurer du confort et d\u2019agir dans le meilleur int\u00e9r\u00eat de leurs patients. Ces responsabilit\u00e9s s&rsquo;appliquent \u00e0 chaque fois qu\u2019un m\u00e9decin intervient aupr\u00e8s d\u2019une personne en mettant en pratique ses connaissances m\u00e9dicales. L&rsquo;Association M\u00e9dicale Mondiale a \u00e9t\u00e9 fond\u00e9e en septembre 1947 quelques jours seulement apr\u00e8s le proc\u00e8s de Nuremberg qui a attir\u00e9 l\u2019attention du monde entier\u00a0 sur les abus de la m\u00e9decine dans les camps de concentration \u2013 y compris les cruelles exp\u00e9rimentations m\u00e9dicales, les actes de torture et les pratiques d\u2019euthanasie de l&rsquo;Allemagne nazie . M\u00eame si l\u2019ampleur et la port\u00e9e de ce qui s\u2019est pass\u00e9 au cours de la 2e guerre mondiale sont extr\u00eames, les connaissances m\u00e9dicales sont encore exploit\u00e9es \u00e0 mauvais escient dans de\u00a0\u00a0 nombreuses r\u00e9gions du monde.<\/p>\n<p>Il existe une fronti\u00e8re bien nette entre la m\u00e9decine profitable \u00e0 une personne et la trahison de la m\u00e9decine. Les m\u00e9decins peuvent\u00a0 cependant de se trouver eux-m\u00eames dans une situation difficile lorsque l&rsquo;Etat a recours ou tol\u00e8re la torture ou des pratiques dangereuses et que les m\u00e9decins sont sollicit\u00e9s ou contraints d\u2019assister\u00a0 les victimes. Tout en ayant une obligation de diagnostiquer et de traiter les victimes de la torture, sur le plan \u00e9thique\u00a0 les m\u00e9decins ne doivent pas effectuer d\u2019\u00e9valuation ou fournir des informations ou un traitement pouvant faciliter les actes de torture ult\u00e9rieurs. De tels agissements induisent la participationd&rsquo;un m\u00e9decin \u00e0 la torture ce qui est non seulement\u00a0\u00a0 contraire \u00e0 l\u2019\u00e9thique mais aussi une mani\u00e8re d\u2019accepter de telles pratiques et en fin de compte une mani\u00e8re de saper la confiance des patients dans la profession m\u00e9dicale.<\/p>\n","protected":false},"excerpt":{"rendered":"<p>Il est du devoir des m\u00e9decins de soigner, \u00a0de soulager les souffrances ou\u00a0 de procurer du confort et d\u2019agir dans le meilleur int\u00e9r\u00eat de leurs patients. Ces responsabilit\u00e9s s&rsquo;appliquent \u00e0 chaque fois qu\u2019un m\u00e9decin intervient aupr\u00e8s d\u2019une personne en mettant en pratique ses connaissances m\u00e9dicales. L&rsquo;Association M\u00e9dicale Mondiale a \u00e9t\u00e9 fond\u00e9e en septembre 1947 quelques [&hellip;]<\/p>\n","protected":false},"author":2,"featured_media":0,"parent":622,"menu_order":2,"comment_status":"closed","ping_status":"closed","template":"","meta":[],"acf":[],"_links":{"self":[{"href":"https:\/\/www.wma.net\/fr\/wp-json\/wp\/v2\/pages\/1398"}],"collection":[{"href":"https:\/\/www.wma.net\/fr\/wp-json\/wp\/v2\/pages"}],"about":[{"href":"https:\/\/www.wma.net\/fr\/wp-json\/wp\/v2\/types\/page"}],"author":[{"embeddable":true,"href":"https:\/\/www.wma.net\/fr\/wp-json\/wp\/v2\/users\/2"}],"replies":[{"embeddable":true,"href":"https:\/\/www.wma.net\/fr\/wp-json\/wp\/v2\/comments?post=1398"}],"version-history":[{"count":8,"href":"https:\/\/www.wma.net\/fr\/wp-json\/wp\/v2\/pages\/1398\/revisions"}],"predecessor-version":[{"id":10058,"href":"https:\/\/www.wma.net\/fr\/wp-json\/wp\/v2\/pages\/1398\/revisions\/10058"}],"up":[{"embeddable":true,"href":"https:\/\/www.wma.net\/fr\/wp-json\/wp\/v2\/pages\/622"}],"wp:attachment":[{"href":"https:\/\/www.wma.net\/fr\/wp-json\/wp\/v2\/media?parent=1398"}],"curies":[{"name":"wp","href":"https:\/\/api.w.org\/{rel}","templated":true}]}}