{"id":11096,"date":"2018-06-27T15:24:27","date_gmt":"2018-06-27T14:24:27","guid":{"rendered":"https:\/\/www.wma.net\/?page_id=11096"},"modified":"2024-11-15T09:30:39","modified_gmt":"2024-11-15T09:30:39","slug":"a-propos-de-lamm","status":"publish","type":"page","link":"https:\/\/www.wma.net\/fr\/qui-nous-sommes\/a-propos-de-lamm\/","title":{"rendered":"A propos de l\u2019AMM"},"content":{"rendered":"<h2>Qu\u2019est-ce que l\u2019AMM ?<\/h2>\n<p>L\u2019Association M\u00e9dicale Mondiale (AMM) est une organisation internationale de m\u00e9decins. Elle a \u00e9t\u00e9 fond\u00e9e le 17 septembre 1947, alors que des m\u00e9decins de quelque 27 pays se r\u00e9unissaient en premi\u00e8re assembl\u00e9e g\u00e9n\u00e9rale \u00e0 Paris avec pour objectif d\u2019assurer l\u2019ind\u00e9pendance des m\u00e9decins et les plus hautes normes possibles en mati\u00e8re d\u2019\u00e9thique et de soins \u2013 des mesures particuli\u00e8rement importantes pour les m\u00e9decins apr\u00e8s la Seconde guerre mondiale.L\u2019AMM a toujours \u00e9t\u00e9 une conf\u00e9d\u00e9ration d\u2019associations professionnelles libres. Elle est financ\u00e9e par les contributions annuelles de ses membres dont le nombre s\u2019\u00e9l\u00e8ve aujourd\u2019hui \u00e0 115.<\/p>\n<p>L\u2019AMM constitue pour ses associations membres un forum de libre communication et de coop\u00e9ration active dont le but est de parvenir \u00e0 un consensus sur les plus hautes normes d\u2019\u00e9thique m\u00e9dicale et de comp\u00e9tence professionnelle et de promouvoir l\u2019ind\u00e9pendance professionnelle des m\u00e9decins.<\/p>\n<p>En facilitant l\u2019acc\u00e8s \u00e0 des prestations de soins de tr\u00e8s haute qualit\u00e9 dans un environnement sain, cette association unique permet d\u2019am\u00e9liorer la qualit\u00e9 de la vie de tous les peuples du monde.<\/p>\n<h2>Sa mission?<\/h2>\n<p>L\u2019AMM a pour objectif de servir l\u2019humanit\u00e9 en s\u2019effor\u00e7ant d\u2019atteindre les plus hautes normes internationales en mati\u00e8re d\u2019enseignement m\u00e9dical, de science m\u00e9dicale, d\u2019art m\u00e9dical, d\u2019\u00e9thique m\u00e9dicale et de soins de sant\u00e9 pour tous les peuples du monde.<\/p>\n<h2>Son r\u00f4le<\/h2>\n<p>L\u2019organisation, soucieuse de promouvoir les plus hautes normes d\u2019\u00e9thique m\u00e9dicale, \u00e9labore, sous la forme de d\u00e9clarations, de r\u00e9solutions ou de prises de position, des recommandations \u00e9thiques pour les m\u00e9decins. Ces directives s\u2019av\u00e8rent \u00e9galement tr\u00e8s utiles pour les associations m\u00e9dicales nationales, les gouvernements et les organisations internationales du monde entier. Ces textes traitent une multitude de questions, notamment les droits du patient, la recherche sur les sujets humains, les soins en temps de conflit arm\u00e9, la torture des prisonniers, l\u2019utilisation et l\u2019abus des m\u00e9dicaments, le planning familial et la pollution.<\/p>\n<h2>Autres domaines d\u2019activit\u00e9:<\/h2>\n<ul>\n<li>les droits de l\u2019homme en relation avec la sant\u00e9 \u2013 promotion et d\u00e9fense des droits fondamentaux du patient et du m\u00e9decin<\/li>\n<li>l\u2019enseignement m\u00e9dical \u2013 soutien des m\u00e9decins pour une am\u00e9lioration continuelle de leurs connaissances et de leurs comp\u00e9tences<\/li>\n<li>la planification des ressources humaines pour les services de sant\u00e9<\/li>\n<li>la s\u00e9curit\u00e9 du patient<\/li>\n<li>les projets de sant\u00e9 publique comme la lutte antitabac, l\u2019immunisation<\/li>\n<li>la construction de la d\u00e9mocratie pour les nouvelles associations m\u00e9dicales, en particulier dans les nouvelles d\u00e9mocraties et les d\u00e9mocraties en d\u00e9veloppement<\/li>\n<li>la d\u00e9fense des droits du patient et du m\u00e9decin<\/li>\n<li>la pr\u00e9vention des accidents du travail et des maladies professionnelles<\/li>\n<\/ul>\n<h2>Collaboration et alliance<\/h2>\n<p>L\u2019AMM entretient des relations officielles avec l\u2019Organisation mondiale de la sant\u00e9 (OMS). La collaboration avec les associations professionnelles de sant\u00e9, les agences gouvernementales et non gouvernementales et les associations m\u00e9dicales r\u00e9gionales renforce sa capacit\u00e9 \u00e0 fournir les meilleurs soins possibles aux patients du monde entier. En particulier, l\u2019Alliance mondiale des professions de sant\u00e9 (<a href=\"http:\/\/www.whpa.org\/\" target=\"_blank\" rel=\"noopener noreferrer\">www.whpa.org<\/a>) combine les forces des associations professionnelles de m\u00e9decins, d\u2019infirmi\u00e8res et de pharmaciens pour d\u00e9fendre les plus hautes normes de sant\u00e9 possible pour tous les peuples du monde.<\/p>\n","protected":false},"excerpt":{"rendered":"<p>Qu\u2019est-ce que l\u2019AMM ? L\u2019Association M\u00e9dicale Mondiale (AMM) est une organisation internationale de m\u00e9decins. Elle a \u00e9t\u00e9 fond\u00e9e le 17 septembre 1947, alors que des m\u00e9decins de quelque 27 pays se r\u00e9unissaient en premi\u00e8re assembl\u00e9e g\u00e9n\u00e9rale \u00e0 Paris avec pour objectif d\u2019assurer l\u2019ind\u00e9pendance des m\u00e9decins et les plus hautes normes possibles en mati\u00e8re d\u2019\u00e9thique et [&hellip;]<\/p>\n","protected":false},"author":5,"featured_media":0,"parent":757,"menu_order":0,"comment_status":"closed","ping_status":"closed","template":"","meta":[],"acf":[],"_links":{"self":[{"href":"https:\/\/www.wma.net\/fr\/wp-json\/wp\/v2\/pages\/11096"}],"collection":[{"href":"https:\/\/www.wma.net\/fr\/wp-json\/wp\/v2\/pages"}],"about":[{"href":"https:\/\/www.wma.net\/fr\/wp-json\/wp\/v2\/types\/page"}],"author":[{"embeddable":true,"href":"https:\/\/www.wma.net\/fr\/wp-json\/wp\/v2\/users\/5"}],"replies":[{"embeddable":true,"href":"https:\/\/www.wma.net\/fr\/wp-json\/wp\/v2\/comments?post=11096"}],"version-history":[{"count":6,"href":"https:\/\/www.wma.net\/fr\/wp-json\/wp\/v2\/pages\/11096\/revisions"}],"predecessor-version":[{"id":23748,"href":"https:\/\/www.wma.net\/fr\/wp-json\/wp\/v2\/pages\/11096\/revisions\/23748"}],"up":[{"embeddable":true,"href":"https:\/\/www.wma.net\/fr\/wp-json\/wp\/v2\/pages\/757"}],"wp:attachment":[{"href":"https:\/\/www.wma.net\/fr\/wp-json\/wp\/v2\/media?parent=11096"}],"curies":[{"name":"wp","href":"https:\/\/api.w.org\/{rel}","templated":true}]}}