{"id":10921,"date":"2018-05-23T10:52:29","date_gmt":"2018-05-23T09:52:29","guid":{"rendered":"https:\/\/www.wma.net\/?page_id=10921"},"modified":"2022-04-01T14:59:51","modified_gmt":"2022-04-01T13:59:51","slug":"politique-de-confidentialite","status":"publish","type":"page","link":"https:\/\/www.wma.net\/fr\/politique-de-confidentialite\/","title":{"rendered":"Politique de confidentialit\u00e9"},"content":{"rendered":"<p>La pr\u00e9sente politique de confidentialit\u00e9 d\u00e9finit la fa\u00e7on dont l\u2019Association m\u00e9dicale mondiale. (AMM) utilise et prot\u00e8ge les informations que vous nous communiquez lorsque vous utilisez ce site internet.<\/p>\n<p><strong>Traitement des donn\u00e9es et finalit\u00e9s<\/strong><\/p>\n<p>L\u2019AMM s\u2019engage \u00e0 respecter la vie priv\u00e9e des visiteurs de son site internet, <a href=\"http:\/\/www.wma.net\">www.wma.net<\/a>.<\/p>\n<p>Le traitement des informations concernant des personnes physiques identifi\u00e9es ou identifiables (\u00ab\u00a0donn\u00e9es \u00e0 caract\u00e8re personnel\u00a0\u00bb) collect\u00e9es par le biais de ce site est soumis au droit fran\u00e7ais, et notamment le r\u00e8glement\u00a0(UE)\u00a02016\/679 du Parlement europ\u00e9en et du Conseil du 27\u00a0avril\u00a02016 relatif \u00e0 la protection des personnes physiques \u00e0 l\u2019\u00e9gard du traitement des donn\u00e9es \u00e0 caract\u00e8re personnel et \u00e0 la libre circulation de ces donn\u00e9es.<\/p>\n<p>Lorsque vous vous rendez sur le site internet de l\u2019AMM, nous enregistrons des informations sur votre comportement \u00e0 partir de votre adresse\u00a0IP\u00a0: les pages que vous consultez, le temps que vous passez sur chaque page et votre localisation. L\u2019AMM peut recueillir certaines donn\u00e9es \u00e0 caract\u00e8re personnel tels que votre nom, votre adresse, le nom de votre entreprise et votre adresse \u00e9lectronique par le biais des formulaires de contact et d\u2019inscription du site internet.<\/p>\n<p>Les donn\u00e9es \u00e0 caract\u00e8re personnel collect\u00e9es par l\u2019AMM sont utilis\u00e9es afin de r\u00e9pondre \u00e0 vos questions efficacement, de vous tenir inform\u00e9 des \u00e9v\u00e9nements, des actualit\u00e9s, des communiqu\u00e9s de presse et autres informations de l\u2019AMM susceptibles de vous int\u00e9resser. Vous aurez la possibilit\u00e9 de choisir les informations que vous souhaitez recevoir.<\/p>\n<p><strong>Dur\u00e9e de conservation des donn\u00e9es<\/strong><\/p>\n<p>L\u2019AMM conserve vos donn\u00e9es uniquement le temps n\u00e9cessaire \u00e0 l\u2019accomplissement des objectifs susmentionn\u00e9s. Vous pouvez vous d\u00e9sinscrire \u00e0 tout moment des services auxquels vous vous \u00eates abonn\u00e9.<\/p>\n<p><strong>Communication des donn\u00e9es \u00e0 caract\u00e8re personnel<\/strong><\/p>\n<p>Vos donn\u00e9es sont strictement confidentielles et ne seront transmises \u00e0 des tiers qu\u2019avec votre consentement ou si nous y sommes tenus par la loi.<\/p>\n<p><strong>Vos droits<\/strong><\/p>\n<p>Vous disposez de droits concernant vos donn\u00e9es\u00a0: droit d\u2019information, d\u2019acc\u00e8s, de rectification et de portabilit\u00e9 ainsi que droit \u00e0 l\u2019oubli. Pour exercer l\u2019un de ces droits, il vous suffit de nous contacter par internet \u00e0 l\u2019adresse suivante <a href=\"mailto:secretariat@wma.net\">secretariat@wma.net<\/a> ou par voie postale \u00e0<br \/>\nWorld Medical Association, 13A, chemin du Levant, 01210 Ferney-Voltaire, France.<\/p>\n<p>Si vous estimez que les renseignements que nous d\u00e9tenons vous concernant sont inexacts ou incomplets, veuillez nous \u00e9crire d\u00e8s que possible \u00e0 l\u2019adresse \u00e9lectronique ci-dessus. Nous prendrons les mesures qui s\u2019imposent pour corriger ou supprimer toute information se r\u00e9v\u00e9lant inexacte.<\/p>\n<p><strong>Liens vers d\u2019autres sites internet<\/strong><\/p>\n<p>Ce site internet peut contenir des liens vous permettant de consulter facilement d\u2019autres sites internet pr\u00e9sentant un int\u00e9r\u00eat. Cependant, d\u00e8s lors que vous avez utilis\u00e9 ces liens et quitt\u00e9 notre site internet, vous devez savoir que nous n\u2019avons aucun contr\u00f4le sur le ou les site(s) concern\u00e9(s). Nous ne pourrons donc pas \u00eatre tenus responsables de la protection et de la confidentialit\u00e9 des informations que vous fournissez lors de votre consultation de ces sites, lesquels ne sont pas r\u00e9gis par la pr\u00e9sente politique de confidentialit\u00e9. Il convient d\u2019\u00eatre prudent et de s\u2019informer sur la politique de confidentialit\u00e9 des sites internet en question.<\/p>\n<p><strong>Modification de la politique de confidentialit\u00e9<\/strong><\/p>\n<p>L\u2019AMM se r\u00e9serve le droit de modifier la pr\u00e9sente politique de confidentialit\u00e9 afin de se conformer aux lois applicables en mati\u00e8re de respect de la vie priv\u00e9e.<\/p>\n","protected":false},"excerpt":{"rendered":"<p>La pr\u00e9sente politique de confidentialit\u00e9 d\u00e9finit la fa\u00e7on dont l\u2019Association m\u00e9dicale mondiale. (AMM) utilise et prot\u00e8ge les informations que vous nous communiquez lorsque vous utilisez ce site internet. Traitement des donn\u00e9es et finalit\u00e9s L\u2019AMM s\u2019engage \u00e0 respecter la vie priv\u00e9e des visiteurs de son site internet, www.wma.net. Le traitement des informations concernant des personnes physiques [&hellip;]<\/p>\n","protected":false},"author":5,"featured_media":0,"parent":0,"menu_order":12,"comment_status":"closed","ping_status":"closed","template":"","meta":[],"acf":[],"_links":{"self":[{"href":"https:\/\/www.wma.net\/fr\/wp-json\/wp\/v2\/pages\/10921"}],"collection":[{"href":"https:\/\/www.wma.net\/fr\/wp-json\/wp\/v2\/pages"}],"about":[{"href":"https:\/\/www.wma.net\/fr\/wp-json\/wp\/v2\/types\/page"}],"author":[{"embeddable":true,"href":"https:\/\/www.wma.net\/fr\/wp-json\/wp\/v2\/users\/5"}],"replies":[{"embeddable":true,"href":"https:\/\/www.wma.net\/fr\/wp-json\/wp\/v2\/comments?post=10921"}],"version-history":[{"count":2,"href":"https:\/\/www.wma.net\/fr\/wp-json\/wp\/v2\/pages\/10921\/revisions"}],"predecessor-version":[{"id":17704,"href":"https:\/\/www.wma.net\/fr\/wp-json\/wp\/v2\/pages\/10921\/revisions\/17704"}],"wp:attachment":[{"href":"https:\/\/www.wma.net\/fr\/wp-json\/wp\/v2\/media?parent=10921"}],"curies":[{"name":"wp","href":"https:\/\/api.w.org\/{rel}","templated":true}]}}