{"id":986,"date":"2016-11-22T14:11:18","date_gmt":"2016-11-22T14:11:18","guid":{"rendered":"https:\/\/www.wma.net\/es\/?page_id=986"},"modified":"2025-11-24T15:22:23","modified_gmt":"2025-11-24T15:22:23","slug":"historia","status":"publish","type":"page","link":"https:\/\/www.wma.net\/es\/quienes-somos\/historia\/","title":{"rendered":"Historia"},"content":{"rendered":"<h2>Informaci\u00f3n Esencial y Organizaci\u00f3n Preliminar <a href=\"#_ftn1\" name=\"_ftnref1\">[1]<\/a><\/h2>\n<p>Durante la Segunda Guerra Mundial, los m\u00e9dicos de todas las naciones aliadas se reun\u00edan de vez en cuando en la sede de la BMA para discutir sobre los problemas de la pr\u00e1ctica m\u00e9dica y el tiempo de paz, as\u00ed como tambi\u00e9n comparar las condiciones del servicio m\u00e9dico y de la educaci\u00f3n m\u00e9dica en sus respectivos pa\u00edses.<\/p>\n<p>En noviembre de 1944, se realiz\u00f3 una reuni\u00f3n informal de m\u00e9dicos de varios pa\u00edses en la BMA en Londres para planificar una organizaci\u00f3n m\u00e9dica internacional que reemplazara a la \u00abAssociation Professionnelle Internationale des M\u00e9decins\u00bb <a href=\"#_ftn2\" name=\"_ftnref2\">[2]<\/a> (APIM), creada en 1925 y que lleg\u00f3 a tener 23 pa\u00edses miembros, que suspendi\u00f3 sus actividades al comienzo de la Segunda Guerra Mundial <a href=\"#_ftn3\" name=\"_ftnref3\">[3]<\/a>.<\/p>\n<p>Una segunda conferencia, la Conferencia Internacional\u00a0 M\u00e9dica,\u00a0 se realiz\u00f3 en Londres en del 25 al 27 de septiembre de 1946, por la PIM y la Asociaci\u00f3n M\u00e9dica Brit\u00e1nica. Asistieron representantes m\u00e9dicos de 21 pa\u00edses europeos y 10 fuera de Europa <a href=\"#_ftn4\" name=\"_ftnref4\">[4]<\/a>.<\/p>\n<p>29 organizaciones m\u00e9dicas nacionales representadas en la Conferencia M\u00e9dica Internacional fueron las asociaciones fundadoras:<\/p>\n<ol>\n<li>Australia (Federal Council of the BMA Branches)<\/li>\n<li>Austria (\u00d6sterreichischer \u00c4rztekammer)<\/li>\n<li>B\u00e9lgica (F\u00e9d\u00e9ration M\u00e9dicale Belge)<\/li>\n<li>Canad\u00e1 (Canadian Medical Association)<\/li>\n<li>Checoslovaquia (Czechoslovak Medical Association)<\/li>\n<li>Dinamarca (Den Almindelige Danske Laegeforening)<\/li>\n<li>Egipto (Royal Egyptian Medical Association)<\/li>\n<li>Irlanda (Medical Association of Eire)<\/li>\n<li>Finlandia (Finlands L\u00e4karf\u00f6rbund)<\/li>\n<li>Francia (La Conf\u00e9d\u00e9ration des Syndicats M\u00e9dicaux Fran\u00e7ais)<\/li>\n<li>Gran Breta\u00f1a (British Medical Association)<\/li>\n<li>Grecia (Athens Medical Association)<\/li>\n<li>Islandia (Icelandic Medical Association)<\/li>\n<li>Irak (Iraq Medical Society)<\/li>\n<li>Luxemburgo (Syndicats des M\u00e9decins du Grand Duch\u00e9 de Luxembourg)<\/li>\n<li>Pa\u00edses Bajos (Nederlandsche Maatschappij tot Bevordering der Geneeskunst)<\/li>\n<li>Nueva Zelanda (British Medical Association Branch)<\/li>\n<li>Noruega (Den Norske Laegeforening)<\/li>\n<li>Palestina (Palestine Arab Medical Association )<\/li>\n<li>Palestina (Palestine Jewish Medical Association)<\/li>\n<li>Persia (Ir\u00e1n) (Kanoon Pezeshgan Iran)<\/li>\n<li>Polonia (Naczelna Izby Lekarska)<\/li>\n<li>Portugal (Ordem dos M\u00e9dicos)<\/li>\n<li>Sud\u00e1frica (Medical Association of South Africa)<\/li>\n<li>Espa\u00f1a (Consejo General de Colegios de M\u00e9dicos de Espa\u00f1a<\/li>\n<li>Suecia (Sveriges Lakarforbund)<\/li>\n<li>Suiza (F\u00e9d\u00e9ration des M\u00e9decins Suisses)<\/li>\n<li>Turqu\u00eda (Turkish Ministry of Health)<\/li>\n<li>Estados Unidos (American Medical Association)<\/li>\n<\/ol>\n<p>Esta conferencia decidi\u00f3 que el nombre de la nueva organizaci\u00f3n ser\u00eda \u00abAsociaci\u00f3n M\u00e9dica Mundial\u00bb y que tendr\u00eda un marco de actividades m\u00e1s amplio y m\u00e1s miembros que la Association Professionnelle Internationale des M\u00e9decins.<\/p>\n<p>La Conferencia tambi\u00e9n nombr\u00f3 un Comit\u00e9 Organizador con los siguientes mandatos:<\/p>\n<ul>\n<li>Proceder con la organizaci\u00f3n de la Asociaci\u00f3n<\/li>\n<li>Redactar la constituci\u00f3n de la AMM, incluidos los art\u00edculos y reglamentos<\/li>\n<li>Definir el programa de trabajo del primer a\u00f1o<\/li>\n<li>Definir el programa y fijar la fecha de la primera reuni\u00f3n anual de la Asociaci\u00f3n<\/li>\n<li>Publicar una revista<\/li>\n<\/ul>\n<p>El proyecto de constituci\u00f3n se presentar\u00eda a la primera reuni\u00f3n anual para su consideraci\u00f3n y ratificaci\u00f3n o enmienda. Se decidi\u00f3 que la Asociaci\u00f3n no se crear\u00eda oficialmente hasta que la constituci\u00f3n fuera adoptada.<\/p>\n<p>El Comit\u00e9 Organizador estuvo formado por las siguientes personas:<\/p>\n<ul>\n<li>Dr. F. Decourt, (Francia)<\/li>\n<li>Dr. Pierre Glorieux, (B\u00e9lgica)<\/li>\n<li>Dr. Dag Knutson, (Suecia)<\/li>\n<li>Dr. O. Leuch (Suiza)<\/li>\n<li>Dr. John A. Pridham, (Gran Breta\u00f1a)<\/li>\n<li>Dr. T. Clarence Routley, (Canad\u00e1)<\/li>\n<li>Prof. I. Shawki Bey, (Egipto)<\/li>\n<li>Dr. Lorenzo Garc\u00eda Tornel, (Espa\u00f1a)<\/li>\n<li>Dr. A. Zahor, (Checoslovaquia)<\/li>\n<\/ul>\n<p>En la primera reuni\u00f3n del Comit\u00e9 Organizador el 27 de septiembre de 1946, el Dr. T. Clarence Routley (Canad\u00e1) fue nombrado Presidente del Comit\u00e9 y el Dr. F. Decourt (Francia) Vicepresidente. El Dr. Paul Cibrie (Francia) y el Dr. Charles Hill (Gran Breta\u00f1a) fueron nombrados secretarios provisorios, el Dr. Otto Leuch (Suiza) fue elegido Tesorero.<\/p>\n<p>En la segunda reuni\u00f3n del Comit\u00e9 Organizador fue realizada en Par\u00eds el 15 de noviembre de 1946 se avanz\u00f3 en la Constituci\u00f3n y los Reglamentos.\u00a0 Las organizaciones de los siguientes pa\u00edses ya hab\u00edan ingresado a la AMM: B\u00e9lgica, Canad\u00e1, Gran Breta\u00f1a y Estados Unidos de Am\u00e9rica.\u00a0 El Dr. Louis H. Bauer, miembro de la Asociaci\u00f3n M\u00e9dica de Estados Unidos, se a\u00f1adi\u00f3 cuando esta asociaci\u00f3n indic\u00f3 su intenci\u00f3n de ingresar a la AMM (el Dr. Elmer Henderson fue suplente).<\/p>\n<p>El comit\u00e9 envi\u00f3 una carta de invitaci\u00f3n a 60 asociaciones m\u00e9dicas nacionales en el mundo para que sean miembros de la AMM y la aceptaci\u00f3n de afiliaciones se continu\u00f3 hasta la primera de la Asamblea General en septiembre 1947.<\/p>\n<p>En la tercera reuni\u00f3n del Comit\u00e9 Organizador en Londres, en abril de 1947 y se planific\u00f3 celebrar la Primera Asamblea General en Par\u00eds en septiembre de 1947 se debati\u00f3 y consolid\u00f3 el proyecto de Constituci\u00f3n y Reglamentos en vista de su consideraci\u00f3n en la primera reuni\u00f3n anual de la Asamblea General en septiembre 1947.<\/p>\n<p><em>Lista de miembros en la reuni\u00f3n de Londres, abril 1947:<\/em><\/p>\n<ul>\n<li>Austria (\u00d6sterreichischer \u00c4rztekammer)<\/li>\n<li>B\u00e9lgica (F\u00e9d\u00e9ration M\u00e9dicale Belge)<\/li>\n<li>Canad\u00e1 (Canadian Medical Association)<\/li>\n<li>Dinamarca (Den Almindelige Danske Laegeforening)<\/li>\n<li>Irlanda (Medical Association of Eire)<\/li>\n<li>Francia (La Conf\u00e9d\u00e9ration des Syndicats M\u00e9dicaux Fran\u00e7ais)<\/li>\n<li>Gran Breta\u00f1a (British Medical Association)<\/li>\n<li>Hungr\u00eda (Orszagos K\u00f6z\u00e9geszseg\u00fcgyi Tanacs)<\/li>\n<li>Pa\u00edses Bajos (Nederlandsche Maatschappij tot Bevordering der Geneeskunst)<\/li>\n<li>Nueva Zelanda (British Medical Association Branch)<\/li>\n<li>Noruega (Den Norske Laegeforening)<\/li>\n<li>Portugal (Ordem dos M\u00e9dicos)<\/li>\n<li>Suiza (F\u00e9d\u00e9ration des M\u00e9decins Suisses)<\/li>\n<li>Turqu\u00eda (Turkish Ministry of Health)<\/li>\n<li>Estados Unidos (American Medical Association)<\/li>\n<\/ul>\n<p>En vista de la formaci\u00f3n de la AMM, los miembros de la APIM acordaron disolverla en favor de la AMM y transferir sus documentos y fondos residuales a la AMM. La disoluci\u00f3n entr\u00f3 en vigor el 15 de junio de 1947.<\/p>\n<p><em>Lista de miembros al 26 de agosto de 1947:<\/em><\/p>\n<ol>\n<li>Australia (Federal Council of the BMA Branches)<\/li>\n<li>Austria (\u00d6sterreichischer \u00c4rztekammer)<\/li>\n<li>B\u00e9lgica (F\u00e9d\u00e9ration M\u00e9dicale Belge)<\/li>\n<li>Bulgaria (Union des M\u00e9decins de Bulgarie)<\/li>\n<li>Canad\u00e1 (Canadian Medical Association)<\/li>\n<li>China (Chinese Medical Association)<\/li>\n<li>Checoslovaquia (Czechoslovak Medical Association)<\/li>\n<li>Dinamarca (Den Almindelige Danske Laegeforening)<\/li>\n<li>Irlanda (Medical Association of Eire)<\/li>\n<li>Francia (La Conf\u00e9d\u00e9ration des Syndicats M\u00e9dicaux Fran\u00e7ais)<\/li>\n<li>Gran Breta\u00f1a (British Medical Association)<\/li>\n<li>Hungr\u00eda (Orszagos K\u00f6z\u00e9geszseg\u00fcgyi Tanacs)<\/li>\n<li>Islandia (Icelandic Medical Association)<\/li>\n<li>India (Indian Medical Association)<\/li>\n<li>Pa\u00edses Bajos (Nederlandsche Maatschappij tot Bevordering der Geneeskunst)<\/li>\n<li>Noruega (Den Norske Laegeforening)<\/li>\n<li>Palestina (Palestine Arab Medical Association )<\/li>\n<li>Palestina (Palestine Jewish Medical Association)<\/li>\n<li>Per\u00fa (Academia Nacional de Medicina del Per\u00fa)<\/li>\n<li>Filipinas (Philippine Medical Association)<\/li>\n<li>Polonia (Naczelna Izby Lekarska)<\/li>\n<li>Portugal (Ordem dos M\u00e9dicos)<\/li>\n<li>Sud\u00e1frica (Medical Association of South Africa)<\/li>\n<li>Espa\u00f1a (Consejo General de Colegios de M\u00e9dicos de Espa\u00f1a<\/li>\n<li>Suecia (Sveriges Lakarforbund)<\/li>\n<li>Suiza (F\u00e9d\u00e9ration des M\u00e9decins Suisses)<\/li>\n<li>Turqu\u00eda (Turkish Ministry of Health)<\/li>\n<li>Estados Unidos (American Medical Association)<\/li>\n<\/ol>\n<p>La cuarta y \u00faltima reuni\u00f3n del Comit\u00e9 Organizador se celebr\u00f3 en Par\u00eds el 16 de septiembre de 1947, un d\u00eda antes de la Primera Reuni\u00f3n Anual de la Asamblea General (17-20 de septiembre de 1947). Asistieron ochenta y cinco personas (58 delegados y 27 observadores) de 43 pa\u00edses o territorios, la lista de asistentes es la siguiente:<\/p>\n<p><em>Nota: la siguiente lista es la siguiente: pa\u00eds (asociaci\u00f3n m\u00e9dica &#8211; Del: cantidad de delegados, obs: cantidad de observadores)<\/em><\/p>\n<ol>\n<li>Australia (Federal Council of the BMA Branches* &#8211; Del: 1)<\/li>\n<li>Austria (\u00d6sterreichischer \u00c4rztekammer* &#8211; Del: 1)<\/li>\n<li>B\u00e9lgica (F\u00e9d\u00e9ration M\u00e9dicale Belge* Del: 2, Obs: 4)<\/li>\n<li>Brasil (Sindicato M\u00e9dico Brazileiro &#8211; Del: 1)<\/li>\n<li>Bulgaria (Union des M\u00e9decins de Bulgarie &#8211; Del: 1)<\/li>\n<li>Canad\u00e1 (Canadian Medical Association* Del: 3, Obs: 1)<\/li>\n<li>Chile (Asociaci\u00f3n M\u00e9dica de Chile &#8211; Del: 1, Obs: 1)<\/li>\n<li>China (Chinese Medical Association &#8211; Del: 1)<\/li>\n<li>Colombia (Asociaci\u00f3n Nacional de Medicina &#8211; Del: 2)<\/li>\n<li>Costa Rica (Asociaci\u00f3n M\u00e9dica de Costa Rica &#8211; Del: 1)<\/li>\n<li>Cuba (Federaci\u00f3n M\u00e9dica de Cuba &#8211; Del: 1)<\/li>\n<li>Checoslovaquia (Ustredni Jednota Ceskych Lekaru* \u2013 Del:2)<\/li>\n<li>Dinamarca (Den Almindelige Danske Laegeforening* &#8211; Del: 2, Obs: 2)<\/li>\n<li>Ecuador (C\u00edrculo M\u00e9dico Nacional Guayaquil &#8211; Del: 1)<\/li>\n<li>Egipto (Royal Egyptian Medical Society* &#8211; Del: 1)<\/li>\n<li>Irlanda (Medical Association of Eire* &#8211; Del: 1)<\/li>\n<li>Francia (Conf\u00e9d\u00e9ration des Syndicats M\u00e9dicaux Fran\u00e7ais* &#8211; Del: 2,Obs:4)<\/li>\n<li>Gran Breta\u00f1a (British Medical Association* &#8211; Del: 2, Obs: 4)<\/li>\n<li>Grecia (Association M\u00e9dicale Panhell\u00e9nique* \u2013 Obs:2)<\/li>\n<li>Guatemala (Asociaci\u00f3n M\u00e9dica de Guatemala &#8211; Del: 1)<\/li>\n<li>Honduras (Asociaci\u00f3n M\u00e9dica Hondure\u00f1a &#8211; Del: 1)<\/li>\n<li>Islandia (L\u00e6knafelag Islands*- Del:2)<\/li>\n<li>India (Indian Medical Associationb- Del: 2, Obs: 1)<\/li>\n<li>Italia (Federazione Nazionale degli Ordini dei Medici Italiani** \u2013 Del:1)<\/li>\n<li>Luxemburgo (Syndicats des M\u00e9decins du Grand Duch\u00e9 de Luxembourg* &#8211; Del. 1)<\/li>\n<li>M\u00e9xico (Academia Nacional de Medicina de M\u00e9xico &#8211; Del: 1)<\/li>\n<li>Pa\u00edses Bajos (Nederlandsche Maatschappij tot Bevordering der Geneeskunst* &#8211; Del: 2)<\/li>\n<li>Nicaragua (Academia de Medicina de Nicaragua &#8211; Del: 1)<\/li>\n<li>Nueva Zelanda (British Medical Association Branch)<\/li>\n<li>Noruega (Den Norske Laegeforening* &#8211; Del: 2)<\/li>\n<li>Palestina (Palestine Arab Medical Association* &#8211; Del:1, Obs: 1 )<\/li>\n<li>Palestina (Palestine Jewish Medical Association* &#8211; Del: 2, Obs: 2)<\/li>\n<li>Panam\u00e1 (Asociaci\u00f3n M\u00e9dica Nacional &#8211; Del: 1)<\/li>\n<li>Per\u00fa (Asociaci\u00f3n M\u00e9dica Peruana &#8211; Del: 1, Academia Nacional de Medicina del Per\u00fa &#8211; Del: 1)<\/li>\n<li>Polonia (Naczelna Izby Lekarska* &#8211; Del 1)<\/li>\n<li>Portugal (Ordem dos M\u00e9dicos* &#8211; Del: 1)<\/li>\n<li>Sud\u00e1frica (Medical Association of South Africa* &#8211; Del: 2)<\/li>\n<li>Espa\u00f1a (Consejo General de Colegios de M\u00e9dicos de Espa\u00f1a* &#8211; Del. 1)<\/li>\n<li>Suecia (Sveriges Lakarforbund* &#8211; Del: 2)<\/li>\n<li>Suiza (F\u00e9d\u00e9ration des M\u00e9decins Suisses* &#8211; Del: 1)<\/li>\n<li>Turqu\u00eda (Turkish Medical Chamber* &#8211; Del: 1, Obs: 1)<\/li>\n<li>Uruguay (Federaci\u00f3n de Sociedades M\u00e9dicas Cient\u00edficas del Uruguay &#8211; Del: 1)<\/li>\n<li>Estados Unidos (American Medical Association* &#8211; Del: 2, Obs:3)<\/li>\n<li>Venezuela (Federaci\u00f3n M\u00e9dica de Venezuela &#8211; Obs: 2)<\/li>\n<\/ol>\n<p><em>*Asociaci\u00f3n fundadora que fue miembro de la AMM. Excepto Finlandia, Irak, Nueva Zelanda y Persia (Ir\u00e1n), todas las asociaciones fundadoras asistieron.<\/em><\/p>\n<p><em>Excusas por ausencias de 15 personas, 1 de Australia, 1 de Austria, 2 de China, 1 de Irlanda, 7 de Hungr\u00eda (Syndicat Libre des M\u00e9decins Hongrois),\u00a01 de India y 1 de Nueva Zelanda (BMA Branch en Nueva Zelanda).<\/em><\/p>\n<p><em>**LaFederazione Nazionale degli Ordini dei Medici Italiani\u00a0 fue admitida durante la 1\u00aa Asamblea General.<\/em><\/p>\n<p>Observadores de seis organizaciones internacionales asistieron:<\/p>\n<ul>\n<li>World Health Organisation (WHO) en la fundaci\u00f3n foundation<\/li>\n<li>Food and Agriculture Organisation<\/li>\n<li>International Association of Medical Women<\/li>\n<li>International Labour Office<\/li>\n<li>International Union of Students<\/li>\n<li>UNESCO<\/li>\n<\/ul>\n<p>El informe del Comit\u00e9 Organizador de 1946-1947 confirm\u00f3 que la AMM hab\u00eda establecido contactos con otros organismos internacionales, como la OMS y la UNESCO. En \u00e9l se afirmaba que la OMS hab\u00eda manifestado su inter\u00e9s en la fundaci\u00f3n de la AMM y esperaba que \u201cse estableciera una relaci\u00f3n de cooperaci\u00f3n y amistad entre la AMM y la OMS\u201d. El Presidente del Comit\u00e9 era delegado de la Comisi\u00f3n Interina de la OMS y ten\u00eda plena confianza en que en el futuro existir\u00edan relaciones cordiales entre ambos organismos. En cuanto a la Divisi\u00f3n de Ciencias Naturales de la UNESCO, el Comit\u00e9 cre\u00eda que el contacto ser\u00eda \u00fatil para la AMM en sus actividades generales, aunque la Divisi\u00f3n s\u00f3lo se ocupaba de las organizaciones cient\u00edficas y hab\u00eda expresado su voluntad de ayudar a la AMM en relaci\u00f3n con las transferencias financieras.<\/p>\n<p>El segundo d\u00eda de la Asamblea, es decir, el 18 de septiembre de 1947 a las 15.40 horas de la ciudad de Par\u00eds, se aprob\u00f3 el proyecto de Constituci\u00f3n y de reglamento con modificaciones menores.<\/p>\n<p>As\u00ed naci\u00f3 oficialmente la Asociaci\u00f3n M\u00e9dica Mundial el 18 de septiembre de 1947. El Prof. Dr. Eug\u00e8ne Marquis, de Francia, fue elegido como el primer Presidente de la AMM para 1947-1948. El Dr. Jaroslav St\u00fcchlik (Checoslovaquia) fue elegido Presidente Electo para 1947-48. Se acept\u00f3 la invitaci\u00f3n de Checoslovaquia para la segunda reuni\u00f3n anual de la Asamblea General en 1948, que se celebrar\u00eda en Praga <a href=\"#_ftn5\" name=\"_ftnref5\">[5]<\/a>. El Dr. Otto Leuch, de Suiza, fue elegido Tesorero para el per\u00edodo 1947-1950, y el Dr. Charles Hill, del Reino Unido, fue elegido Secretario Honorario en funciones. Se eligi\u00f3 al primer Consejo, compuesto por 10 miembros, y se puso en marcha plenamente la Asociaci\u00f3n M\u00e9dica Mundial.<\/p>\n<p>La Constituci\u00f3n, una vez adoptada, proporcion\u00f3 afiliaci\u00f3n a las asociaciones m\u00e9dicas nacionales m\u00e1s representativas de la profesi\u00f3n m\u00e9dica en sus pa\u00edses o territorios, pero s\u00f3lo una asociaci\u00f3n por pa\u00eds. La Asamblea General qued\u00f3 encargada del control general de las pol\u00edticas y los asuntos de la asociaci\u00f3n y de reunirse anualmente en un pa\u00eds distinto. El organismo ejecutivo, el Consejo, recibi\u00f3 instrucciones de administrar los asuntos de la Asociaci\u00f3n y de informar una vez al a\u00f1o a la Asamblea. El Consejo estuvo formado por tres dirigentes elegidos y diez miembros elegidos por la Asamblea.<\/p>\n<p>Se determin\u00f3 que los idiomas oficiales de la AMM ser\u00edan ingl\u00e9s, franc\u00e9s y espa\u00f1ol, adem\u00e1s de publicar un bolet\u00edn o revista como \u00f3rgano oficial de la AMM.<\/p>\n<p>A fin de facilitar el apoyo financiero de sus asociaciones miembros durante un per\u00edodo en que las transacciones monetarias estaban restringidas por muchos gobiernos, se consider\u00f3 que Suiza y EE.UU. eran los lugares con m\u00e1s ventajas para establecer el Secretariado de la nueva asociaci\u00f3n. En 1948, el Consejo estableci\u00f3 el Secretariado de la AMM en la ciudad de Nueva York a fin de tener una relaci\u00f3n estrecha con la ONU y sus distintos organismos. El Dr. Louis H. Bauer fue nombrado Secretario General. El Secretariado estuvo en Nueva York hasta 1974, a\u00f1o en que por razones econ\u00f3micas y para estar m\u00e1s cerca de las organizaciones internacionales de Ginebra (OMS, OIT, ICN, ISSA, etc) fue transferido a su ubicaci\u00f3n actual en Ferney-Voltaire, Francia.<\/p>\n<p>En julio de 1964, la AMM fue incorporada al Estado de Nueva York como organizaci\u00f3n educacional y cient\u00edfica sin fines de lucro. Esta incorporaci\u00f3n estableci\u00f3 el estado financiero y legal de la AMM en EE.UU., en el que los miembros del Consejo pasar\u00edan a ser la Junta Directiva de la Asociaci\u00f3n. Tambi\u00e9n hizo posible lograr un reconocimiento libre de impuestos de los fondos donados a la AMM y para los donadores de contribuciones financieras. La incorporaci\u00f3n de la AMM fue adoptada en la XIX Asamblea M\u00e9dica Mundial celebrada en Londres en 1965.<\/p>\n<p>En 1962, la reuni\u00f3n anual de delegados fue cambiada a \u00abAsamblea M\u00e9dica Mundial\u00bb despu\u00e9s de una revisi\u00f3n de la Constituci\u00f3n y Reglamentos durante la XV Asamblea General.<\/p>\n<p><strong>Sede de la AMM desde su creaci\u00f3n hasta 1974<\/strong>: Nueva York, EE.UU.<\/p>\n<p><strong>Desde 1975 hasta la actualidad<\/strong>: Ferney-Voltaire, FRANCIA<\/p>\n<p><img loading=\"lazy\" class=\"alignnone  wp-image-25839\" src=\"https:\/\/www.wma.net\/wp-content\/uploads\/2025\/11\/20251104_TimeEvolution_All_S-300x170.png\" alt=\"\" width=\"732\" height=\"415\" srcset=\"https:\/\/www.wma.net\/wp-content\/uploads\/2025\/11\/20251104_TimeEvolution_All_S-300x170.png 300w, https:\/\/www.wma.net\/wp-content\/uploads\/2025\/11\/20251104_TimeEvolution_All_S-1024x581.png 1024w, https:\/\/www.wma.net\/wp-content\/uploads\/2025\/11\/20251104_TimeEvolution_All_S-768x436.png 768w, https:\/\/www.wma.net\/wp-content\/uploads\/2025\/11\/20251104_TimeEvolution_All_S-1536x871.png 1536w, https:\/\/www.wma.net\/wp-content\/uploads\/2025\/11\/20251104_TimeEvolution_All_S-2048x1162.png 2048w\" sizes=\"(max-width: 732px) 100vw, 732px\" \/><\/p>\n<h2>La AMM como plataforma para crear un consenso global sobre \u00e9tica m\u00e9dica<\/h2>\n<p>Despu\u00e9s de la Segunda Guerra Mundial e inmediatamente despu\u00e9s de su creaci\u00f3n, la AMM mostr\u00f3 su preocupaci\u00f3n por el estado de la \u00e9tica m\u00e9dica en general y en el mundo. La AMM tom\u00f3 la responsabilidad de establecer normas \u00e9ticas para los m\u00e9dicos del mundo. Se not\u00f3 que en esos a\u00f1os la costumbre de las escuelas de medicina de tomar juramento a sus m\u00e9dicos al graduarse o recibir una licencia para la pr\u00e1ctica de la medicina hab\u00eda sido dejada de usarse o se hab\u00eda convertido en una mera formalidad. La AMM estimaba que la creaci\u00f3n de un juramento adecuado que fuera tomado como parte de la graduaci\u00f3n o ceremonia de licenciatura ayudar\u00eda a fijar en los nuevos m\u00e9dicos la \u00e9tica fundamental de la medicina y ayudar\u00eda a elevar las normas de la conducta profesional.<\/p>\n<p>Estos hechos motivaron que la AMM nombrara un comit\u00e9 de estudio que preparara una \u00abCarta de la Medicina\u00bb que pudiera ser adoptada como juramento o promesa que hiciera cada m\u00e9dico en el mundo al recibir su t\u00edtulo o diploma m\u00e9dico. Para esto, se solicit\u00f3 a las asociaciones miembros presentar el texto del juramento o promesa hecha por los m\u00e9dicos de sus pa\u00edses al graduarse. Hubo dos a\u00f1os de intenso estudio de los juramentos y promesas enviados por las asociaciones miembros para redactar una versi\u00f3n moderna del antiguo juramento hipocr\u00e1tico, el cual fue enviado a la II Asamblea General en Ginebra 1948 para su consideraci\u00f3n. El juramento m\u00e9dico fue adoptado y la Asamblea decidi\u00f3 llamarlo \u00abDeclaraci\u00f3n de Ginebra\u00bb. Se invit\u00f3 a las asociaciones miembros a recomendar el uso de esta promesa en las escuelas y facultades de medicina en sus pa\u00edses.<\/p>\n<p>Un informe sobre los \u00abCr\u00edmenes de Guerra y la Medicina\u00bb recibido en la II Asamblea General llev\u00f3 al Consejo a nombrar otro Comit\u00e9 de Estudio para preparar un C\u00f3digo Internacional de Etica M\u00e9dica. Se present\u00f3 un proyecto a la Sesi\u00f3n del Consejo del primer semestre de 1949. El Consejo estim\u00f3 que el proyecto estar\u00eda incompleto sin el texto de la \u00abDeclaraci\u00f3n de Ginebra\u00bb. Esto se hizo y el proyecto enmendado fue transmitido a los delegados de la III Asamblea General que lo discuti\u00f3 en detalle. La Asamblea General adopt\u00f3 con enmiendas menores el C\u00f3digo Internacional de Etica M\u00e9dica.<\/p>\n<p>Con la adopci\u00f3n de estos dos documentos, la AMM estaba en v\u00edas de abordar otros problemas \u00e9ticos que enfrenta la profesi\u00f3n m\u00e9dica. De 1949 a 1952, las violaciones de la \u00e9tica m\u00e9dica y los cr\u00edmenes cometidos por m\u00e9dicos en tiempos de guerra fueron denunciados a la AMM. La necesidad de implementar dispositivos de protecci\u00f3n en la experimentaci\u00f3n humana se le hizo presente a la AMM. Al mismo tiempo, la AMM supo de diversas actividades que organizaciones incompetentes estaban promoviendo en el campo de la \u00e9tica m\u00e9dica y el derecho m\u00e9dico. Esta informaci\u00f3n llev\u00f3 al Consejo a establecer un comit\u00e9 permanente de Etica M\u00e9dica (1952).<\/p>\n<p>Desde su creaci\u00f3n como comit\u00e9 permanente en 1952, el Comit\u00e9 de Etica M\u00e9dica ha cumplido una funci\u00f3n importante al recibir, considerar, discutir, aceptar o rechazar cientos de asuntos \u00e9ticos presentados a su atenci\u00f3n. Algunos han sido adoptados como Declaraciones de la AMM y la mayor\u00eda se han mantenido en l\u00ednea con los r\u00e1pidos avances de la ciencia m\u00e9dica. Algunos est\u00e1n en estudio y sin duda otros seguir\u00e1n este camino cuando lo exijan las nuevas circunstancias.<\/p>\n<p>Estos documentos se han distribuido en todo el mundo y han sido aplicados. Gracias a los s\u00f3lidos logros en la \u00e9tica m\u00e9dica, la AMM se ha ganado el derecho se llamarse la voz internacional de la medicina organizada. Pero la \u00e9tica m\u00e9dica no consiste simplemente en publicar declaraciones o redactar c\u00f3digos. La AMM debe permanecer alerta ante las violaciones de los c\u00f3digos y estar preparada para responder a dichas violaciones. Es as\u00ed como la AMM contin\u00faa a prestar su ayuda e influencia a nombre de los m\u00e9dicos que se ven afectados en su conducta \u00e9tica de sus pr\u00e1cticas.<\/p>\n<p><a href=\"#_ftnref1\" name=\"_ftn1\">[1]<\/a> Esta secci\u00f3n fue revisada en marzo de 2024.<\/p>\n<p><a href=\"#_ftnref2\" name=\"_ftn2\">[2]<\/a> M\u00e9dicos extranjeros: reuni\u00f3n en la sede de la BMA. British Medical Journal, Dec. 2, 1944, p. 732<\/p>\n<p><a href=\"#_ftnref3\" name=\"_ftn3\">[3]<\/a> Association Professionnelle Internationale des M\u00e9decins. Suplemento del British Medical Journal, 4 de septiembre de 1937; <a href=\"https:\/\/www.jstor.org\/stable\/25367152\">https:\/\/www.jstor.org\/stable\/25367152<\/a><\/p>\n<p><a href=\"#_ftnref4\" name=\"_ftn4\">[4]<\/a> Asociaci\u00f3n M\u00e9dica Mundial. British Medical Journal, Oct. 5, 1946, vol. ii, pp. 496-503 and 506.<\/p>\n<p><a href=\"#_ftnref5\" name=\"_ftn5\">[5]<\/a> En la segunda reuni\u00f3n anual, el Prof. Dr. Eugene Marquis fue elegido presidente tambi\u00e9n para el per\u00edodo 1947-1948, debido a la separaci\u00f3n de la Asociaci\u00f3n M\u00e9dica Checoslovaca de la Asociaci\u00f3n M\u00e9dica Mundial. La segunda reuni\u00f3n anual se celebr\u00f3 en Ginebra, Suiza.<\/p>\n","protected":false},"excerpt":{"rendered":"<p>Informaci\u00f3n Esencial y Organizaci\u00f3n Preliminar [1] Durante la Segunda Guerra Mundial, los m\u00e9dicos de todas las naciones aliadas se reun\u00edan de vez en cuando en la sede de la BMA para discutir sobre los problemas de la pr\u00e1ctica m\u00e9dica y el tiempo de paz, as\u00ed como tambi\u00e9n comparar las condiciones del servicio m\u00e9dico y de [&hellip;]<\/p>\n","protected":false},"author":3,"featured_media":0,"parent":971,"menu_order":5,"comment_status":"closed","ping_status":"closed","template":"","meta":[],"acf":[],"_links":{"self":[{"href":"https:\/\/www.wma.net\/es\/wp-json\/wp\/v2\/pages\/986"}],"collection":[{"href":"https:\/\/www.wma.net\/es\/wp-json\/wp\/v2\/pages"}],"about":[{"href":"https:\/\/www.wma.net\/es\/wp-json\/wp\/v2\/types\/page"}],"author":[{"embeddable":true,"href":"https:\/\/www.wma.net\/es\/wp-json\/wp\/v2\/users\/3"}],"replies":[{"embeddable":true,"href":"https:\/\/www.wma.net\/es\/wp-json\/wp\/v2\/comments?post=986"}],"version-history":[{"count":25,"href":"https:\/\/www.wma.net\/es\/wp-json\/wp\/v2\/pages\/986\/revisions"}],"predecessor-version":[{"id":25842,"href":"https:\/\/www.wma.net\/es\/wp-json\/wp\/v2\/pages\/986\/revisions\/25842"}],"up":[{"embeddable":true,"href":"https:\/\/www.wma.net\/es\/wp-json\/wp\/v2\/pages\/971"}],"wp:attachment":[{"href":"https:\/\/www.wma.net\/es\/wp-json\/wp\/v2\/media?parent=986"}],"curies":[{"name":"wp","href":"https:\/\/api.w.org\/{rel}","templated":true}]}}