{"id":974,"date":"2016-11-22T14:09:34","date_gmt":"2016-11-22T14:09:34","guid":{"rendered":"https:\/\/www.wma.net\/es\/?page_id=974"},"modified":"2026-01-26T09:49:55","modified_gmt":"2026-01-26T09:49:55","slug":"direccion","status":"publish","type":"page","link":"https:\/\/www.wma.net\/es\/quienes-somos\/direccion\/","title":{"rendered":"Dirigentes"},"content":{"rendered":"<h2>Miembros del Consejo<\/h2>\n<table width=\"652\">\n<tbody>\n<tr>\n<td width=\"302\">American Medical Association<\/td>\n<td width=\"208\">Dr Jack RESNECK, Jr.<\/td>\n<\/tr>\n<tr>\n<td width=\"302\">American Medical Association<\/td>\n<td width=\"208\">Dr Bruce SCOTT<\/td>\n<\/tr>\n<tr>\n<td width=\"302\">American Medical Association<\/td>\n<td width=\"208\">Dr. Bobby MUKKAMALA<\/td>\n<\/tr>\n<tr>\n<td width=\"302\">Austrian Medical Chamber<\/td>\n<td width=\"208\">Dr Herwig LINDNER<\/td>\n<\/tr>\n<tr>\n<td width=\"302\">Associa\u00e7ao M\u00e9dica Brasileira<\/td>\n<td width=\"208\">Dr Carlos V. SERRANO<\/td>\n<\/tr>\n<tr>\n<td width=\"302\">British Medical Association<\/td>\n<td width=\"208\">Dr Tom DOLPHIN<\/td>\n<\/tr>\n<tr>\n<td width=\"302\">British Medical Association<\/td>\n<td width=\"208\">Dr Amit KOCHHAR<\/td>\n<\/tr>\n<tr>\n<td width=\"302\">Canadian Medical Association<\/td>\n<td width=\"208\">Dr Joss REIMER<\/td>\n<\/tr>\n<tr>\n<td width=\"302\">Chinese Medical Association<\/td>\n<td width=\"208\">Dr Shuyang ZHANG<\/td>\n<\/tr>\n<tr>\n<td width=\"302\">Chinese Medical Association<\/td>\n<td width=\"208\">Dr Jie QIAO<\/td>\n<\/tr>\n<tr>\n<td width=\"302\">Finnish Medical Association<\/td>\n<td width=\"208\">Dr Janne AALTONEN<\/td>\n<\/tr>\n<tr>\n<td width=\"302\">Conseil National de l&#8217;Ordre des M\u00e9decins (CNOM France)<\/td>\n<td width=\"208\">Dr Philippe CATHALA<\/td>\n<\/tr>\n<tr>\n<td width=\"302\">Bundes\u00e4rztekammer (German Medical Association)<\/td>\n<td width=\"208\">Dr Klaus REINHARDT<\/td>\n<\/tr>\n<tr>\n<td width=\"302\">Bundes\u00e4rztekammer (German Medical Association)<\/td>\n<td width=\"208\">Mr Rudolf HENKE<\/td>\n<\/tr>\n<tr>\n<td width=\"302\">Israeli Medical Association<\/td>\n<td width=\"208\">Prof. Zion HAGAY<\/td>\n<\/tr>\n<tr>\n<td width=\"302\">Japan Medical Association<\/td>\n<td width=\"208\">Dr Kichiro MATSUMOTO<\/td>\n<\/tr>\n<tr>\n<td width=\"302\">Japan Medical Association<\/td>\n<td width=\"208\">Dr Tohru KAKUTA<\/td>\n<\/tr>\n<tr>\n<td width=\"302\">Japan Medical Association<\/td>\n<td width=\"208\">Dr Kinya HAMAGUCHI<\/td>\n<\/tr>\n<tr>\n<td width=\"302\">Korean Medical Association<\/td>\n<td width=\"208\">Dr TaegWoo KIM<\/td>\n<\/tr>\n<tr>\n<td width=\"302\">Nigerian Medical Association<\/td>\n<td width=\"208\">Prof. Bala AUDU<\/td>\n<\/tr>\n<tr>\n<td width=\"302\">Royal Dutch Medical Association<\/td>\n<td width=\"208\">Dr Jurriaan PENDERS<\/td>\n<\/tr>\n<tr>\n<td width=\"302\">Consejo General de Colegios M\u00e9dicos de Espa\u00f1a<\/td>\n<td width=\"208\">Dr Tom\u00e1s COBO<\/td>\n<\/tr>\n<tr>\n<td width=\"302\">Swedish Medical Association<\/td>\n<td width=\"208\">Dr Christofer LINDHOLM<\/td>\n<\/tr>\n<tr>\n<td width=\"302\">F\u00e9d\u00e9ration des M\u00e9decins Suisses<\/td>\n<td width=\"208\">Dr Yvonne GILLI<\/td>\n<\/tr>\n<tr>\n<td width=\"302\">Taiwan Medical Association<\/td>\n<td width=\"208\">Dr Tai-Yuan CHIU<\/td>\n<\/tr>\n<tr>\n<td width=\"302\">Tunisie CNOM (Conseil National de l&#8217;Ordre des M\u00e9decins)<\/td>\n<td width=\"208\">Dr Rym GHACHEM ATTIA<\/td>\n<\/tr>\n<tr>\n<td width=\"302\">Sindicato M\u00e9dico del Uruguay<\/td>\n<td width=\"208\">Dr. Jos\u00e9 MINARRIETA<\/td>\n<\/tr>\n<\/tbody>\n<\/table>\n<h2>Miembros adicionales de los comit\u00e9s<\/h2>\n<table width=\"652\">\n<tbody>\n<tr>\n<td width=\"302\">Confederaci\u00f3n M\u00e9dica de la Rep\u00fablica Argentina<\/td>\n<td width=\"208\">Dr Jorge IAPICHINO<\/td>\n<\/tr>\n<tr>\n<td width=\"302\">Australian Medical Association<\/td>\n<td width=\"208\">Dr Steve ROBSON<\/td>\n<\/tr>\n<tr>\n<td width=\"302\">Bangladesh Medical Association<\/td>\n<td width=\"208\">Dr Ehteshamul Huq CHOUDHURY<\/td>\n<\/tr>\n<tr>\n<td width=\"302\">Ordem dos M\u00e9dicos (Portugal)<\/td>\n<td width=\"208\">Dr Carlos CORTES<\/td>\n<\/tr>\n<tr>\n<td width=\"302\">Somali Medical Association<\/td>\n<td width=\"208\">Dr Abdullahi Mohamed NUR<\/td>\n<\/tr>\n<tr>\n<td width=\"302\">South African Medical Association<\/td>\n<td width=\"208\">Dr Mvuyisi MZUKWA<\/td>\n<\/tr>\n<\/tbody>\n<\/table>\n<h2>Asesora Legal<\/h2>\n<p>Ms Mervi Kattelus (<a href=\"https:\/\/www.wma.net\/wp-content\/uploads\/2024\/10\/WMA-Legal-Advisor-JD_S.pdf\" target=\"_blank\" rel=\"noopener\">Descripcion del cargo<\/a>)<\/p>\n","protected":false},"excerpt":{"rendered":"<p>Miembros del Consejo American Medical Association Dr Jack RESNECK, Jr. American Medical Association Dr Bruce SCOTT American Medical Association Dr. Bobby MUKKAMALA Austrian Medical Chamber Dr Herwig LINDNER Associa\u00e7ao M\u00e9dica Brasileira Dr Carlos V. SERRANO British Medical Association Dr Tom DOLPHIN British Medical Association Dr Amit KOCHHAR Canadian Medical Association Dr Joss REIMER Chinese Medical [&hellip;]<\/p>\n","protected":false},"author":3,"featured_media":0,"parent":971,"menu_order":2,"comment_status":"closed","ping_status":"closed","template":"template-leaders.php","meta":[],"acf":[],"_links":{"self":[{"href":"https:\/\/www.wma.net\/es\/wp-json\/wp\/v2\/pages\/974"}],"collection":[{"href":"https:\/\/www.wma.net\/es\/wp-json\/wp\/v2\/pages"}],"about":[{"href":"https:\/\/www.wma.net\/es\/wp-json\/wp\/v2\/types\/page"}],"author":[{"embeddable":true,"href":"https:\/\/www.wma.net\/es\/wp-json\/wp\/v2\/users\/3"}],"replies":[{"embeddable":true,"href":"https:\/\/www.wma.net\/es\/wp-json\/wp\/v2\/comments?post=974"}],"version-history":[{"count":164,"href":"https:\/\/www.wma.net\/es\/wp-json\/wp\/v2\/pages\/974\/revisions"}],"predecessor-version":[{"id":26011,"href":"https:\/\/www.wma.net\/es\/wp-json\/wp\/v2\/pages\/974\/revisions\/26011"}],"up":[{"embeddable":true,"href":"https:\/\/www.wma.net\/es\/wp-json\/wp\/v2\/pages\/971"}],"wp:attachment":[{"href":"https:\/\/www.wma.net\/es\/wp-json\/wp\/v2\/media?parent=974"}],"curies":[{"name":"wp","href":"https:\/\/api.w.org\/{rel}","templated":true}]}}