{"id":973,"date":"2016-11-22T14:09:09","date_gmt":"2016-11-22T14:09:09","guid":{"rendered":"https:\/\/www.wma.net\/es\/?page_id=973"},"modified":"2022-07-26T09:43:50","modified_gmt":"2022-07-26T08:43:50","slug":"estructura","status":"publish","type":"page","link":"https:\/\/www.wma.net\/es\/quienes-somos\/estructura\/","title":{"rendered":"Estructura"},"content":{"rendered":"<p>El \u00f3rgano principal que toma decisiones en la AMM es la Asamblea General, que se re\u00fane una vez al a\u00f1o. La Asamblea comprende delegaciones de las asociaciones nacionales miembros, directivos y miembros del Consejo de la AMM, y representantes de los miembros asociados (m\u00e9dicos que pueden ingresar a la AMM en forma individual).<\/p>\n<p>Los miembros constituyentes de la AMM eligen el Consejo de la AMM cada dos a\u00f1os con representantes de las 7 regiones de la AMM: Africa, Asia, Europa, Am\u00e9rica Latina, Am\u00e9rica del Norte, Pac\u00edfico y Mediterr\u00e1neo Oriental.<\/p>\n<p>El Presidente del Consejo, elegido por el Consejo de la AMM cada dos a\u00f1os, es la cabeza pol\u00edtica de la organizaci\u00f3n. El Jefe en las Ceremonias de la AMM es el Presidente, elegido anualmente por la Asamblea General. El dirigente ejecutivo de la AMM es el Secretario General, contratado a tiempo completo por el Consejo.<\/p>\n<p>El Secretariado de la AMM est\u00e1 ubicado en Ferney-Voltaire, Francia, a minutos de la ciudad de Ginebra.<\/p>\n<p><img loading=\"lazy\" class=\"alignnone wp-image-10711 size-full\" src=\"https:\/\/www.wma.net\/wp-content\/uploads\/2018\/04\/Screen-Shot-2018-04-16-at-17.37.59.png\" alt=\"\" width=\"755\" height=\"697\" srcset=\"https:\/\/www.wma.net\/wp-content\/uploads\/2018\/04\/Screen-Shot-2018-04-16-at-17.37.59.png 755w, https:\/\/www.wma.net\/wp-content\/uploads\/2018\/04\/Screen-Shot-2018-04-16-at-17.37.59-300x277.png 300w\" sizes=\"(max-width: 755px) 100vw, 755px\" \/><\/p>\n","protected":false},"excerpt":{"rendered":"<p>El \u00f3rgano principal que toma decisiones en la AMM es la Asamblea General, que se re\u00fane una vez al a\u00f1o. La Asamblea comprende delegaciones de las asociaciones nacionales miembros, directivos y miembros del Consejo de la AMM, y representantes de los miembros asociados (m\u00e9dicos que pueden ingresar a la AMM en forma individual). Los miembros [&hellip;]<\/p>\n","protected":false},"author":3,"featured_media":0,"parent":971,"menu_order":1,"comment_status":"closed","ping_status":"closed","template":"","meta":[],"acf":[],"_links":{"self":[{"href":"https:\/\/www.wma.net\/es\/wp-json\/wp\/v2\/pages\/973"}],"collection":[{"href":"https:\/\/www.wma.net\/es\/wp-json\/wp\/v2\/pages"}],"about":[{"href":"https:\/\/www.wma.net\/es\/wp-json\/wp\/v2\/types\/page"}],"author":[{"embeddable":true,"href":"https:\/\/www.wma.net\/es\/wp-json\/wp\/v2\/users\/3"}],"replies":[{"embeddable":true,"href":"https:\/\/www.wma.net\/es\/wp-json\/wp\/v2\/comments?post=973"}],"version-history":[{"count":8,"href":"https:\/\/www.wma.net\/es\/wp-json\/wp\/v2\/pages\/973\/revisions"}],"predecessor-version":[{"id":18497,"href":"https:\/\/www.wma.net\/es\/wp-json\/wp\/v2\/pages\/973\/revisions\/18497"}],"up":[{"embeddable":true,"href":"https:\/\/www.wma.net\/es\/wp-json\/wp\/v2\/pages\/971"}],"wp:attachment":[{"href":"https:\/\/www.wma.net\/es\/wp-json\/wp\/v2\/media?parent=973"}],"curies":[{"name":"wp","href":"https:\/\/api.w.org\/{rel}","templated":true}]}}