{"id":972,"date":"2016-11-22T14:08:45","date_gmt":"2016-11-22T14:08:45","guid":{"rendered":"https:\/\/www.wma.net\/es\/?page_id=972"},"modified":"2017-02-24T17:42:20","modified_gmt":"2017-02-24T17:42:20","slug":"miembros","status":"publish","type":"page","link":"https:\/\/www.wma.net\/es\/quienes-somos\/miembros\/","title":{"rendered":"Miembros"},"content":{"rendered":"<h3><strong>Introducci\u00f3n<\/strong><\/h3>\n<p>Existen diferentes categor\u00edas de miembros en la AMM:<\/p>\n<ul>\n<li>Miembros Constituyentes &#8211; Esta categor\u00eda de miembro est\u00e1 representada por las asociaciones m\u00e9dicas nacionales de los distintos pa\u00edses del mundo. Estas asociaciones representan ampliamente a los m\u00e9dicos de sus pa\u00edses y sus afiliados con derecho a voto son s\u00f3lo m\u00e9dicos y estudiantes de medicina. No est\u00e1n sujetas a control por ning\u00fan organismo de gobierno.<\/li>\n<li>Miembros Asociados &#8211; Los m\u00e9dicos pueden ingresar a la AMM como miembros asociados, tienen derecho a voto en la reuni\u00f3n anual de miembros asociados y pueden participar en la Asamblea General a trav\u00e9s de los representantes de los miembros asociados.<\/li>\n<li>La Asamblea puede establecer otras clases de miembros, si es apropiado y beneficioso para la AMM.<\/li>\n<\/ul>\n<h3>Beneficios para los Miembros<\/h3>\n<ul>\n<li>El reconocimiento y la aceptaci\u00f3n como miembro de una organizaci\u00f3n internacional como la AMM, otorga una enorme credibilidad a una asociaci\u00f3n m\u00e9dica nacional (AMN). Este es el caso cuando existe m\u00e1s de una asociaci\u00f3n profesional que representa a los m\u00e9dicos en un pa\u00eds.<\/li>\n<li>La AMM tiene relaciones oficiales con agencias de las Naciones Unidas como la Organizaci\u00f3n Mundial de la Salud, lo que proporciona a las AMNs y a los miembros asociados acceso a estas organizaciones mundiales.<\/li>\n<li>Gracias a la participaci\u00f3n en el debate con colegas de todo el mundo, las AMNs y los miembros asociados tienen la oportunidad de proporcionar al mundo una valiosa orientaci\u00f3n \u00e9tica y liderazgo en atenci\u00f3n m\u00e9dica.<\/li>\n<li>Se pueden obtener informaci\u00f3n y conocimientos de la AMM, los que pueden contribuir a una eficacia \u00f3ptima de las AMNs y m\u00e9dicos individuales.<\/li>\n<li>Las AMNs y los miembros asociados pueden utilizar los productos y servicios de la AMM.<\/li>\n<\/ul>\n","protected":false},"excerpt":{"rendered":"<p>Introducci\u00f3n Existen diferentes categor\u00edas de miembros en la AMM: Miembros Constituyentes &#8211; Esta categor\u00eda de miembro est\u00e1 representada por las asociaciones m\u00e9dicas nacionales de los distintos pa\u00edses del mundo. Estas asociaciones representan ampliamente a los m\u00e9dicos de sus pa\u00edses y sus afiliados con derecho a voto son s\u00f3lo m\u00e9dicos y estudiantes de medicina. No est\u00e1n [&hellip;]<\/p>\n","protected":false},"author":3,"featured_media":0,"parent":971,"menu_order":0,"comment_status":"closed","ping_status":"closed","template":"template-members.php","meta":[],"acf":[],"_links":{"self":[{"href":"https:\/\/www.wma.net\/es\/wp-json\/wp\/v2\/pages\/972"}],"collection":[{"href":"https:\/\/www.wma.net\/es\/wp-json\/wp\/v2\/pages"}],"about":[{"href":"https:\/\/www.wma.net\/es\/wp-json\/wp\/v2\/types\/page"}],"author":[{"embeddable":true,"href":"https:\/\/www.wma.net\/es\/wp-json\/wp\/v2\/users\/3"}],"replies":[{"embeddable":true,"href":"https:\/\/www.wma.net\/es\/wp-json\/wp\/v2\/comments?post=972"}],"version-history":[{"count":3,"href":"https:\/\/www.wma.net\/es\/wp-json\/wp\/v2\/pages\/972\/revisions"}],"predecessor-version":[{"id":7144,"href":"https:\/\/www.wma.net\/es\/wp-json\/wp\/v2\/pages\/972\/revisions\/7144"}],"up":[{"embeddable":true,"href":"https:\/\/www.wma.net\/es\/wp-json\/wp\/v2\/pages\/971"}],"wp:attachment":[{"href":"https:\/\/www.wma.net\/es\/wp-json\/wp\/v2\/media?parent=972"}],"curies":[{"name":"wp","href":"https:\/\/api.w.org\/{rel}","templated":true}]}}