{"id":950,"date":"2016-11-22T14:01:41","date_gmt":"2016-11-22T14:01:41","guid":{"rendered":"https:\/\/www.wma.net\/es\/?page_id=950"},"modified":"2024-09-24T16:09:46","modified_gmt":"2024-09-24T15:09:46","slug":"contacto-de-prensa","status":"publish","type":"page","link":"https:\/\/www.wma.net\/es\/noticias-y-prensa\/contacto-de-prensa\/","title":{"rendered":"Contacto de Prensa"},"content":{"rendered":"<table width=\"100%\">\n<tbody>\n<tr>\n<td>Env\u00ede su pregunta a<\/td>\n<td>Direcci\u00f3n electr\u00f3nica: <a href=\"mailto:janice.blondeau@wma.net\">janice.blondeau(at)wma.net<\/a><\/td>\n<\/tr>\n<\/tbody>\n<\/table>\n<p>&nbsp;<\/p>\n<h3>Nota para los Directores de Publicaciones:<\/h3>\n<p>La Asociaci\u00f3n M\u00e9dica Mundial es una confederaci\u00f3n independiente de asociaciones m\u00e9dicas nacionales profesionales y libres de casi 100 pa\u00edses y representa a m\u00e1s de 9 millones de m\u00e9dicos.<\/p>\n<p><a href=\"https:\/\/forms.office.com\/e\/U1GEdwz4M9\"><strong>Suscr\u00edbase<\/strong><\/a> para recibir los comunicados de prensa de la AMM.<\/p>\n","protected":false},"excerpt":{"rendered":"<p>Env\u00ede su pregunta a Direcci\u00f3n electr\u00f3nica: janice.blondeau(at)wma.net &nbsp; Nota para los Directores de Publicaciones: La Asociaci\u00f3n M\u00e9dica Mundial es una confederaci\u00f3n independiente de asociaciones m\u00e9dicas nacionales profesionales y libres de casi 100 pa\u00edses y representa a m\u00e1s de 9 millones de m\u00e9dicos. Suscr\u00edbase para recibir los comunicados de prensa de la AMM.<\/p>\n","protected":false},"author":3,"featured_media":0,"parent":949,"menu_order":0,"comment_status":"closed","ping_status":"closed","template":"","meta":[],"acf":[],"_links":{"self":[{"href":"https:\/\/www.wma.net\/es\/wp-json\/wp\/v2\/pages\/950"}],"collection":[{"href":"https:\/\/www.wma.net\/es\/wp-json\/wp\/v2\/pages"}],"about":[{"href":"https:\/\/www.wma.net\/es\/wp-json\/wp\/v2\/types\/page"}],"author":[{"embeddable":true,"href":"https:\/\/www.wma.net\/es\/wp-json\/wp\/v2\/users\/3"}],"replies":[{"embeddable":true,"href":"https:\/\/www.wma.net\/es\/wp-json\/wp\/v2\/comments?post=950"}],"version-history":[{"count":11,"href":"https:\/\/www.wma.net\/es\/wp-json\/wp\/v2\/pages\/950\/revisions"}],"predecessor-version":[{"id":23297,"href":"https:\/\/www.wma.net\/es\/wp-json\/wp\/v2\/pages\/950\/revisions\/23297"}],"up":[{"embeddable":true,"href":"https:\/\/www.wma.net\/es\/wp-json\/wp\/v2\/pages\/949"}],"wp:attachment":[{"href":"https:\/\/www.wma.net\/es\/wp-json\/wp\/v2\/media?parent=950"}],"curies":[{"name":"wp","href":"https:\/\/api.w.org\/{rel}","templated":true}]}}