{"id":938,"date":"2016-11-22T13:57:46","date_gmt":"2016-11-22T13:57:46","guid":{"rendered":"https:\/\/www.wma.net\/es\/?page_id=938"},"modified":"2025-10-11T16:53:20","modified_gmt":"2025-10-11T15:53:20","slug":"politicas-archivos","status":"publish","type":"page","link":"https:\/\/www.wma.net\/es\/politicas\/politicas-archivos\/","title":{"rendered":"Pol\u00edticas Archivadas"},"content":{"rendered":"<p>Las siguientes pol\u00edticas de la AMM han sido canceladas por la Asamblea General de la AMM y ya no est\u00e1n activas. Se incluyen s\u00f3lo para fines hist\u00f3ricos y no deben ser citadas como pol\u00edtica oficial de la AMM.<\/p>\n<h3><\/h3>\n","protected":false},"excerpt":{"rendered":"<p>Las siguientes pol\u00edticas de la AMM han sido canceladas por la Asamblea General de la AMM y ya no est\u00e1n activas. Se incluyen s\u00f3lo para fines hist\u00f3ricos y no deben ser citadas como pol\u00edtica oficial de la AMM.<\/p>\n","protected":false},"author":3,"featured_media":0,"parent":928,"menu_order":2,"comment_status":"closed","ping_status":"closed","template":"template-archived-policies.php","meta":[],"acf":[],"_links":{"self":[{"href":"https:\/\/www.wma.net\/es\/wp-json\/wp\/v2\/pages\/938"}],"collection":[{"href":"https:\/\/www.wma.net\/es\/wp-json\/wp\/v2\/pages"}],"about":[{"href":"https:\/\/www.wma.net\/es\/wp-json\/wp\/v2\/types\/page"}],"author":[{"embeddable":true,"href":"https:\/\/www.wma.net\/es\/wp-json\/wp\/v2\/users\/3"}],"replies":[{"embeddable":true,"href":"https:\/\/www.wma.net\/es\/wp-json\/wp\/v2\/comments?post=938"}],"version-history":[{"count":18,"href":"https:\/\/www.wma.net\/es\/wp-json\/wp\/v2\/pages\/938\/revisions"}],"predecessor-version":[{"id":25361,"href":"https:\/\/www.wma.net\/es\/wp-json\/wp\/v2\/pages\/938\/revisions\/25361"}],"up":[{"embeddable":true,"href":"https:\/\/www.wma.net\/es\/wp-json\/wp\/v2\/pages\/928"}],"wp:attachment":[{"href":"https:\/\/www.wma.net\/es\/wp-json\/wp\/v2\/media?parent=938"}],"curies":[{"name":"wp","href":"https:\/\/api.w.org\/{rel}","templated":true}]}}