{"id":930,"date":"2016-11-22T13:57:02","date_gmt":"2016-11-22T13:57:02","guid":{"rendered":"https:\/\/www.wma.net\/es\/?page_id=930"},"modified":"2025-10-15T09:55:35","modified_gmt":"2025-10-15T08:55:35","slug":"resoluciones-del-consejo","status":"publish","type":"page","link":"https:\/\/www.wma.net\/es\/politicas\/resoluciones-del-consejo\/","title":{"rendered":"Resoluciones del Consejo"},"content":{"rendered":"<h2>\u00bfQu\u00e9 son las Resoluciones del Consejo?<\/h2>\n<p>El Consejo puede adoptar Resoluciones sobre asuntos de gran importancia que requieran acci\u00f3n inmediata que no puede decidir la Asamblea en tiempo apropiado. Una Resoluci\u00f3n del Consejo puede: a) reafirmar una Declaraci\u00f3n\/Resoluci\u00f3n previa o b) expresar una posici\u00f3n o reacci\u00f3n, que estar\u00e1 basada en el contenido de una Declaraci\u00f3n\/Resoluci\u00f3n anterior o en medidas previas tomadas por la AMM que est\u00e1n relacionadas con el tema.<\/p>\n","protected":false},"excerpt":{"rendered":"<p>\u00bfQu\u00e9 son las Resoluciones del Consejo? El Consejo puede adoptar Resoluciones sobre asuntos de gran importancia que requieran acci\u00f3n inmediata que no puede decidir la Asamblea en tiempo apropiado. Una Resoluci\u00f3n del Consejo puede: a) reafirmar una Declaraci\u00f3n\/Resoluci\u00f3n previa o b) expresar una posici\u00f3n o reacci\u00f3n, que estar\u00e1 basada en el contenido de una Declaraci\u00f3n\/Resoluci\u00f3n [&hellip;]<\/p>\n","protected":false},"author":3,"featured_media":0,"parent":928,"menu_order":1,"comment_status":"closed","ping_status":"closed","template":"template-archived-policies.php","meta":[],"acf":[],"_links":{"self":[{"href":"https:\/\/www.wma.net\/es\/wp-json\/wp\/v2\/pages\/930"}],"collection":[{"href":"https:\/\/www.wma.net\/es\/wp-json\/wp\/v2\/pages"}],"about":[{"href":"https:\/\/www.wma.net\/es\/wp-json\/wp\/v2\/types\/page"}],"author":[{"embeddable":true,"href":"https:\/\/www.wma.net\/es\/wp-json\/wp\/v2\/users\/3"}],"replies":[{"embeddable":true,"href":"https:\/\/www.wma.net\/es\/wp-json\/wp\/v2\/comments?post=930"}],"version-history":[{"count":25,"href":"https:\/\/www.wma.net\/es\/wp-json\/wp\/v2\/pages\/930\/revisions"}],"predecessor-version":[{"id":25477,"href":"https:\/\/www.wma.net\/es\/wp-json\/wp\/v2\/pages\/930\/revisions\/25477"}],"up":[{"embeddable":true,"href":"https:\/\/www.wma.net\/es\/wp-json\/wp\/v2\/pages\/928"}],"wp:attachment":[{"href":"https:\/\/www.wma.net\/es\/wp-json\/wp\/v2\/media?parent=930"}],"curies":[{"name":"wp","href":"https:\/\/api.w.org\/{rel}","templated":true}]}}